{"id":2627,"date":"2024-05-17T11:42:24","date_gmt":"2024-05-17T09:42:24","guid":{"rendered":"https:\/\/arturoalvarez.art\/work\/serialized-pieces\/nos-index\/"},"modified":"2024-06-05T20:36:46","modified_gmt":"2024-06-05T18:36:46","slug":"nos-index","status":"publish","type":"page","link":"https:\/\/arturoalvarez.art\/en\/work\/limited-editions\/nos-index\/","title":{"rendered":"N\u00f3s &#8211; Index"},"content":{"rendered":"\t\t<div data-elementor-type=\"wp-page\" data-elementor-id=\"2627\" class=\"elementor elementor-2627 elementor-1787\" data-elementor-post-type=\"page\">\n\t\t\t\t<div class=\"elementor-element elementor-element-8311e38 e-flex e-con-boxed e-con e-parent\" data-id=\"8311e38\" data-element_type=\"container\" data-e-type=\"container\">\n\t\t\t\t\t<div class=\"e-con-inner\">\n\t\t\t\t<div class=\"elementor-element elementor-element-6356230 elementor-widget elementor-widget-heading\" data-id=\"6356230\" data-element_type=\"widget\" data-e-type=\"widget\" data-widget_type=\"heading.default\">\n\t\t\t\t<div class=\"elementor-widget-container\">\n\t\t\t\t\t<h1 class=\"elementor-heading-title elementor-size-default\">N\u00f3s<\/h1>\t\t\t\t<\/div>\n\t\t\t\t<\/div>\n\t\t\t\t<div class=\"elementor-element elementor-element-c2c3d04 animated-slow elementor-widget-divider--view-line elementor-invisible elementor-widget elementor-widget-divider\" data-id=\"c2c3d04\" data-element_type=\"widget\" data-e-type=\"widget\" data-settings=\"{&quot;_animation&quot;:&quot;fadeInRight&quot;,&quot;_animation_delay&quot;:200}\" data-widget_type=\"divider.default\">\n\t\t\t\t<div class=\"elementor-widget-container\">\n\t\t\t\t\t\t\t<div class=\"elementor-divider\">\n\t\t\t<span class=\"elementor-divider-separator\">\n\t\t\t\t\t\t<\/span>\n\t\t<\/div>\n\t\t\t\t\t\t<\/div>\n\t\t\t\t<\/div>\n\t\t\t\t\t<\/div>\n\t\t\t\t<\/div>\n\t\t<div class=\"elementor-element elementor-element-a34c703 e-flex e-con-boxed e-con e-parent\" data-id=\"a34c703\" data-element_type=\"container\" data-e-type=\"container\">\n\t\t\t\t\t<div class=\"e-con-inner\">\n\t\t<div class=\"elementor-element elementor-element-1aca4d8 e-con-full e-flex e-con e-child\" data-id=\"1aca4d8\" data-element_type=\"container\" data-e-type=\"container\">\n\t\t\t\t<div class=\"elementor-element elementor-element-f26b989 awesome-link elementor-widget elementor-widget-heading\" data-id=\"f26b989\" data-element_type=\"widget\" data-e-type=\"widget\" data-widget_type=\"heading.default\">\n\t\t\t\t<div class=\"elementor-widget-container\">\n\t\t\t\t\t<h2 class=\"elementor-heading-title elementor-size-default\"><a href=\"https:\/\/arturoalvarez.art\/en\/work\/limited-editions\/nos-index\/nos-wall\/\">N\u00f3s wall<\/a><\/h2>\t\t\t\t<\/div>\n\t\t\t\t<\/div>\n\t\t\t\t<\/div>\n\t\t<div class=\"elementor-element elementor-element-f9e4302 e-con-full e-flex e-con e-child\" data-id=\"f9e4302\" data-element_type=\"container\" data-e-type=\"container\">\n\t\t\t\t<div class=\"elementor-element elementor-element-6cadd0c elementor-widget elementor-widget-image\" data-id=\"6cadd0c\" data-element_type=\"widget\" data-e-type=\"widget\" data-widget_type=\"image.default\">\n\t\t\t\t<div class=\"elementor-widget-container\">\n\t\t\t\t\t\t\t\t\t\t\t\t\t\t\t\t<a href=\"https:\/\/arturoalvarez.art\/en\/work\/limited-editions\/nos-index\/nos-wall\/\">\n\t\t\t\t\t\t\t<img fetchpriority=\"high\" decoding=\"async\" width=\"1824\" height=\"949\" src=\"https:\/\/arturoalvarez.art\/wp-content\/uploads\/2024\/05\/nos-pared-boton-menu.jpg\" class=\"attachment-full size-full wp-image-2427\" alt=\"\" srcset=\"https:\/\/arturoalvarez.art\/wp-content\/uploads\/2024\/05\/nos-pared-boton-menu.jpg 1824w, https:\/\/arturoalvarez.art\/wp-content\/uploads\/2024\/05\/nos-pared-boton-menu-300x156.jpg 300w, https:\/\/arturoalvarez.art\/wp-content\/uploads\/2024\/05\/nos-pared-boton-menu-1024x533.jpg 1024w, https:\/\/arturoalvarez.art\/wp-content\/uploads\/2024\/05\/nos-pared-boton-menu-768x400.jpg 768w, https:\/\/arturoalvarez.art\/wp-content\/uploads\/2024\/05\/nos-pared-boton-menu-1536x799.jpg 1536w\" sizes=\"(max-width: 1824px) 100vw, 1824px\" \/>\t\t\t\t\t\t\t\t<\/a>\n\t\t\t\t\t\t\t\t\t\t\t\t\t\t\t<\/div>\n\t\t\t\t<\/div>\n\t\t\t\t<\/div>\n\t\t\t\t\t<\/div>\n\t\t\t\t<\/div>\n\t\t<div class=\"elementor-element elementor-element-049f2fa e-flex e-con-boxed e-con e-parent\" data-id=\"049f2fa\" data-element_type=\"container\" data-e-type=\"container\">\n\t\t\t\t\t<div class=\"e-con-inner\">\n\t\t\t\t<div class=\"elementor-element elementor-element-c1f1b2f elementor-widget-divider--view-line elementor-widget elementor-widget-divider\" data-id=\"c1f1b2f\" data-element_type=\"widget\" data-e-type=\"widget\" data-widget_type=\"divider.default\">\n\t\t\t\t<div class=\"elementor-widget-container\">\n\t\t\t\t\t\t\t<div class=\"elementor-divider\">\n\t\t\t<span class=\"elementor-divider-separator\">\n\t\t\t\t\t\t<\/span>\n\t\t<\/div>\n\t\t\t\t\t\t<\/div>\n\t\t\t\t<\/div>\n\t\t\t\t\t<\/div>\n\t\t\t\t<\/div>\n\t\t<div class=\"elementor-element elementor-element-208dcca e-flex e-con-boxed e-con e-parent\" data-id=\"208dcca\" data-element_type=\"container\" data-e-type=\"container\">\n\t\t\t\t\t<div class=\"e-con-inner\">\n\t\t<div class=\"elementor-element elementor-element-358d734 e-con-full e-flex e-con e-child\" data-id=\"358d734\" data-element_type=\"container\" data-e-type=\"container\">\n\t\t\t\t<div class=\"elementor-element elementor-element-bc3bb35 awesome-link elementor-widget elementor-widget-heading\" data-id=\"bc3bb35\" data-element_type=\"widget\" data-e-type=\"widget\" data-widget_type=\"heading.default\">\n\t\t\t\t<div class=\"elementor-widget-container\">\n\t\t\t\t\t<h2 class=\"elementor-heading-title elementor-size-default\"><a href=\"https:\/\/arturoalvarez.art\/en\/work\/limited-editions\/nos-index\/nos-pendant\/\">N\u00f3s pendant<\/a><\/h2>\t\t\t\t<\/div>\n\t\t\t\t<\/div>\n\t\t\t\t<\/div>\n\t\t<div class=\"elementor-element elementor-element-f05ad0f e-con-full e-flex e-con e-child\" data-id=\"f05ad0f\" data-element_type=\"container\" data-e-type=\"container\">\n\t\t\t\t<div class=\"elementor-element elementor-element-225226d elementor-widget elementor-widget-image\" data-id=\"225226d\" data-element_type=\"widget\" data-e-type=\"widget\" data-widget_type=\"image.default\">\n\t\t\t\t<div class=\"elementor-widget-container\">\n\t\t\t\t\t\t\t\t\t\t\t\t\t\t\t\t<a href=\"https:\/\/arturoalvarez.art\/en\/work\/limited-editions\/nos-index\/nos-pendant\/\">\n\t\t\t\t\t\t\t<img decoding=\"async\" width=\"1153\" height=\"600\" src=\"https:\/\/arturoalvarez.art\/wp-content\/uploads\/2024\/06\/nos-suspension-boton-menu.jpg\" class=\"attachment-full size-full wp-image-3805\" alt=\"\" srcset=\"https:\/\/arturoalvarez.art\/wp-content\/uploads\/2024\/06\/nos-suspension-boton-menu.jpg 1153w, https:\/\/arturoalvarez.art\/wp-content\/uploads\/2024\/06\/nos-suspension-boton-menu-300x156.jpg 300w, https:\/\/arturoalvarez.art\/wp-content\/uploads\/2024\/06\/nos-suspension-boton-menu-1024x533.jpg 1024w, https:\/\/arturoalvarez.art\/wp-content\/uploads\/2024\/06\/nos-suspension-boton-menu-768x400.jpg 768w\" sizes=\"(max-width: 1153px) 100vw, 1153px\" \/>\t\t\t\t\t\t\t\t<\/a>\n\t\t\t\t\t\t\t\t\t\t\t\t\t\t\t<\/div>\n\t\t\t\t<\/div>\n\t\t\t\t<\/div>\n\t\t\t\t\t<\/div>\n\t\t\t\t<\/div>\n\t\t\t\t<\/div>\n\t\t","protected":false},"excerpt":{"rendered":"<p>N\u00f3s N\u00f3s wall N\u00f3s pendant<\/p>\n","protected":false},"author":1,"featured_media":0,"parent":2528,"menu_order":0,"comment_status":"closed","ping_status":"closed","template":"elementor_header_footer","meta":{"footnotes":""},"class_list":["post-2627","page","type-page","status-publish","hentry"],"_links":{"self":[{"href":"https:\/\/arturoalvarez.art\/en\/wp-json\/wp\/v2\/pages\/2627","targetHints":{"allow":["GET"]}}],"collection":[{"href":"https:\/\/arturoalvarez.art\/en\/wp-json\/wp\/v2\/pages"}],"about":[{"href":"https:\/\/arturoalvarez.art\/en\/wp-json\/wp\/v2\/types\/page"}],"author":[{"embeddable":true,"href":"https:\/\/arturoalvarez.art\/en\/wp-json\/wp\/v2\/users\/1"}],"replies":[{"embeddable":true,"href":"https:\/\/arturoalvarez.art\/en\/wp-json\/wp\/v2\/comments?post=2627"}],"version-history":[{"count":13,"href":"https:\/\/arturoalvarez.art\/en\/wp-json\/wp\/v2\/pages\/2627\/revisions"}],"predecessor-version":[{"id":4329,"href":"https:\/\/arturoalvarez.art\/en\/wp-json\/wp\/v2\/pages\/2627\/revisions\/4329"}],"up":[{"embeddable":true,"href":"https:\/\/arturoalvarez.art\/en\/wp-json\/wp\/v2\/pages\/2528"}],"wp:attachment":[{"href":"https:\/\/arturoalvarez.art\/en\/wp-json\/wp\/v2\/media?parent=2627"}],"curies":[{"name":"wp","href":"https:\/\/api.w.org\/{rel}","templated":true}]}}