{"id":6722,"date":"2025-11-19T11:32:03","date_gmt":"2025-11-19T10:32:03","guid":{"rendered":"https:\/\/arturoalvarez.art\/oxido\/"},"modified":"2025-12-12T10:45:42","modified_gmt":"2025-12-12T09:45:42","slug":"oxido","status":"publish","type":"page","link":"https:\/\/arturoalvarez.art\/en\/work\/unique-pieces\/oxido-series-index\/oxido\/","title":{"rendered":"\u00d3xido"},"content":{"rendered":"\t\t<div data-elementor-type=\"wp-page\" data-elementor-id=\"6722\" class=\"elementor elementor-6722 elementor-6511\" data-elementor-post-type=\"page\">\n\t\t\t\t<div class=\"elementor-element elementor-element-d5ad631 e-flex e-con-boxed e-con e-parent\" data-id=\"d5ad631\" data-element_type=\"container\" data-e-type=\"container\" data-settings=\"{&quot;background_background&quot;:&quot;classic&quot;}\">\n\t\t\t\t\t<div class=\"e-con-inner\">\n\t\t\t\t\t<\/div>\n\t\t\t\t<\/div>\n\t\t<div class=\"elementor-element elementor-element-654c994 e-flex e-con-boxed e-con e-parent\" data-id=\"654c994\" data-element_type=\"container\" data-e-type=\"container\">\n\t\t\t\t\t<div class=\"e-con-inner\">\n\t\t<div class=\"elementor-element elementor-element-607becf e-con-full e-flex e-con e-child\" data-id=\"607becf\" data-element_type=\"container\" data-e-type=\"container\">\n\t\t\t\t<div class=\"elementor-element elementor-element-162ee8c elementor-icon-list--layout-traditional elementor-list-item-link-full_width elementor-widget elementor-widget-icon-list\" data-id=\"162ee8c\" data-element_type=\"widget\" data-e-type=\"widget\" data-widget_type=\"icon-list.default\">\n\t\t\t\t<div class=\"elementor-widget-container\">\n\t\t\t\t\t\t\t<ul class=\"elementor-icon-list-items\">\n\t\t\t\t\t\t\t<li class=\"elementor-icon-list-item\">\n\t\t\t\t\t\t\t\t\t\t<span class=\"elementor-icon-list-text\"><strong>Edition:<\/strong> 2025<\/span>\n\t\t\t\t\t\t\t\t\t<\/li>\n\t\t\t\t\t\t\t\t<li class=\"elementor-icon-list-item\">\n\t\t\t\t\t\t\t\t\t\t<span class=\"elementor-icon-list-text\"><strong>Technique:<\/strong> Steel<\/span>\n\t\t\t\t\t\t\t\t\t<\/li>\n\t\t\t\t\t\t\t\t<li class=\"elementor-icon-list-item\">\n\t\t\t\t\t\t\t\t\t\t<span class=\"elementor-icon-list-text\"><strong>Tipology:<\/strong> Table<\/span>\n\t\t\t\t\t\t\t\t\t<\/li>\n\t\t\t\t\t\t<\/ul>\n\t\t\t\t\t\t<\/div>\n\t\t\t\t<\/div>\n\t\t\t\t<\/div>\n\t\t<div class=\"elementor-element elementor-element-3a232c2 e-con-full e-flex e-con e-child\" data-id=\"3a232c2\" data-element_type=\"container\" data-e-type=\"container\">\n\t\t\t\t<div class=\"elementor-element elementor-element-eb11a22 elementor-icon-list--layout-traditional elementor-list-item-link-full_width elementor-widget elementor-widget-icon-list\" data-id=\"eb11a22\" data-element_type=\"widget\" data-e-type=\"widget\" data-widget_type=\"icon-list.default\">\n\t\t\t\t<div class=\"elementor-widget-container\">\n\t\t\t\t\t\t\t<ul class=\"elementor-icon-list-items\">\n\t\t\t\t\t\t\t<li class=\"elementor-icon-list-item\">\n\t\t\t\t\t\t\t\t\t\t<span class=\"elementor-icon-list-text\"><strong>Electric date<\/strong><\/span>\n\t\t\t\t\t\t\t\t\t<\/li>\n\t\t\t\t\t\t<\/ul>\n\t\t\t\t\t\t<\/div>\n\t\t\t\t<\/div>\n\t\t\t\t<div class=\"elementor-element elementor-element-44e441a elementor-icon-list--layout-traditional elementor-list-item-link-full_width elementor-widget elementor-widget-icon-list\" data-id=\"44e441a\" data-element_type=\"widget\" data-e-type=\"widget\" data-widget_type=\"icon-list.default\">\n\t\t\t\t<div class=\"elementor-widget-container\">\n\t\t\t\t\t\t\t<ul class=\"elementor-icon-list-items\">\n\t\t\t\t\t\t\t<li class=\"elementor-icon-list-item\">\n\t\t\t\t\t\t\t\t\t\t<span class=\"elementor-icon-list-text\"><strong>LED:<\/strong> 1 led - 4 W<\/span>\n\t\t\t\t\t\t\t\t\t<\/li>\n\t\t\t\t\t\t\t\t<li class=\"elementor-icon-list-item\">\n\t\t\t\t\t\t\t\t\t\t<span class=\"elementor-icon-list-text\"><strong>Voltage:<\/strong> 230-120 V \u2013 50\/60 Hz<\/span>\n\t\t\t\t\t\t\t\t\t<\/li>\n\t\t\t\t\t\t\t\t<li class=\"elementor-icon-list-item\">\n\t\t\t\t\t\t\t\t\t\t<span class=\"elementor-icon-list-text\"><strong>Color temperature:<\/strong> 3.000k<\/span>\n\t\t\t\t\t\t\t\t\t<\/li>\n\t\t\t\t\t\t\t\t<li class=\"elementor-icon-list-item\">\n\t\t\t\t\t\t\t\t\t\t<span class=\"elementor-icon-list-text\"><strong>Dimmable:<\/strong> No<\/span>\n\t\t\t\t\t\t\t\t\t<\/li>\n\t\t\t\t\t\t<\/ul>\n\t\t\t\t\t\t<\/div>\n\t\t\t\t<\/div>\n\t\t\t\t<\/div>\n\t\t\t\t\t<\/div>\n\t\t\t\t<\/div>\n\t\t<div class=\"elementor-element elementor-element-556268a e-con-full e-flex e-con e-parent\" data-id=\"556268a\" data-element_type=\"container\" data-e-type=\"container\">\n\t\t\t\t<div class=\"elementor-element elementor-element-e94aa30 elementor-widget elementor-widget-spacer\" data-id=\"e94aa30\" data-element_type=\"widget\" data-e-type=\"widget\" data-widget_type=\"spacer.default\">\n\t\t\t\t<div class=\"elementor-widget-container\">\n\t\t\t\t\t\t\t<div class=\"elementor-spacer\">\n\t\t\t<div class=\"elementor-spacer-inner\"><\/div>\n\t\t<\/div>\n\t\t\t\t\t\t<\/div>\n\t\t\t\t<\/div>\n\t\t\t\t<\/div>\n\t\t<div class=\"elementor-element elementor-element-e0aefca e-flex e-con-boxed e-con e-parent\" data-id=\"e0aefca\" data-element_type=\"container\" data-e-type=\"container\">\n\t\t\t\t\t<div class=\"e-con-inner\">\n\t\t<div class=\"elementor-element elementor-element-966fc02 e-con-full e-flex e-con e-child\" data-id=\"966fc02\" data-element_type=\"container\" data-e-type=\"container\">\n\t\t\t\t<div class=\"elementor-element elementor-element-0c4643f elementor-widget elementor-widget-image\" data-id=\"0c4643f\" data-element_type=\"widget\" data-e-type=\"widget\" data-widget_type=\"image.default\">\n\t\t\t\t<div class=\"elementor-widget-container\">\n\t\t\t\t\t\t\t\t\t\t\t\t\t\t\t\t<a href=\"https:\/\/arturoalvarez.art\/wp-content\/uploads\/2025\/11\/Oxido_10-e-11-1152x1536.jpg\">\n\t\t\t\t\t\t\t<img fetchpriority=\"high\" decoding=\"async\" width=\"768\" height=\"1024\" src=\"https:\/\/arturoalvarez.art\/wp-content\/uploads\/2025\/11\/Oxido_10-e-11-768x1024.jpg\" class=\"attachment-large size-large wp-image-6549\" alt=\"\u00d3xido 10 y\" srcset=\"https:\/\/arturoalvarez.art\/wp-content\/uploads\/2025\/11\/Oxido_10-e-11-768x1024.jpg 768w, https:\/\/arturoalvarez.art\/wp-content\/uploads\/2025\/11\/Oxido_10-e-11-225x300.jpg 225w, https:\/\/arturoalvarez.art\/wp-content\/uploads\/2025\/11\/Oxido_10-e-11-1152x1536.jpg 1152w, https:\/\/arturoalvarez.art\/wp-content\/uploads\/2025\/11\/Oxido_10-e-11-1536x2048.jpg 1536w, https:\/\/arturoalvarez.art\/wp-content\/uploads\/2025\/11\/Oxido_10-e-11-scaled.jpg 1920w\" sizes=\"(max-width: 768px) 100vw, 768px\" \/>\t\t\t\t\t\t\t\t<\/a>\n\t\t\t\t\t\t\t\t\t\t\t\t\t\t\t<\/div>\n\t\t\t\t<\/div>\n\t\t\t\t<div class=\"elementor-element elementor-element-67cadfb elementor-widget elementor-widget-text-editor\" data-id=\"67cadfb\" data-element_type=\"widget\" data-e-type=\"widget\" data-widget_type=\"text-editor.default\">\n\t\t\t\t<div class=\"elementor-widget-container\">\n\t\t\t\t\t\t\t\t\t<p>\u00d3xido 10 &amp; 11 &#8211; 27 x 12 x 70 <\/p>\t\t\t\t\t\t\t\t<\/div>\n\t\t\t\t<\/div>\n\t\t\t\t<\/div>\n\t\t\t\t<div class=\"elementor-element elementor-element-a084197 elementor-widget elementor-widget-spacer\" data-id=\"a084197\" data-element_type=\"widget\" data-e-type=\"widget\" data-widget_type=\"spacer.default\">\n\t\t\t\t<div class=\"elementor-widget-container\">\n\t\t\t\t\t\t\t<div class=\"elementor-spacer\">\n\t\t\t<div class=\"elementor-spacer-inner\"><\/div>\n\t\t<\/div>\n\t\t\t\t\t\t<\/div>\n\t\t\t\t<\/div>\n\t\t<div class=\"elementor-element elementor-element-8d605fc e-con-full e-flex e-con e-child\" data-id=\"8d605fc\" data-element_type=\"container\" data-e-type=\"container\">\n\t\t\t\t<div class=\"elementor-element elementor-element-2e57992 elementor-widget elementor-widget-image\" data-id=\"2e57992\" data-element_type=\"widget\" data-e-type=\"widget\" data-widget_type=\"image.default\">\n\t\t\t\t<div class=\"elementor-widget-container\">\n\t\t\t\t\t\t\t\t\t\t\t\t\t\t\t\t<a href=\"https:\/\/arturoalvarez.art\/wp-content\/uploads\/2025\/11\/Oxido_1-1024x768.jpg\">\n\t\t\t\t\t\t\t<img decoding=\"async\" width=\"800\" height=\"600\" src=\"https:\/\/arturoalvarez.art\/wp-content\/uploads\/2025\/11\/Oxido_1-1024x768.jpg\" class=\"attachment-large size-large wp-image-6519\" alt=\"\u00d3xido 1\" srcset=\"https:\/\/arturoalvarez.art\/wp-content\/uploads\/2025\/11\/Oxido_1-1024x768.jpg 1024w, https:\/\/arturoalvarez.art\/wp-content\/uploads\/2025\/11\/Oxido_1-300x225.jpg 300w, https:\/\/arturoalvarez.art\/wp-content\/uploads\/2025\/11\/Oxido_1-768x576.jpg 768w, https:\/\/arturoalvarez.art\/wp-content\/uploads\/2025\/11\/Oxido_1-1536x1152.jpg 1536w, https:\/\/arturoalvarez.art\/wp-content\/uploads\/2025\/11\/Oxido_1-2048x1536.jpg 2048w\" sizes=\"(max-width: 800px) 100vw, 800px\" \/>\t\t\t\t\t\t\t\t<\/a>\n\t\t\t\t\t\t\t\t\t\t\t\t\t\t\t<\/div>\n\t\t\t\t<\/div>\n\t\t\t\t<div class=\"elementor-element elementor-element-8d9eecf elementor-widget elementor-widget-text-editor\" data-id=\"8d9eecf\" data-element_type=\"widget\" data-e-type=\"widget\" data-widget_type=\"text-editor.default\">\n\t\t\t\t<div class=\"elementor-widget-container\">\n\t\t\t\t\t\t\t\t\t<p>\u00d3xido 1 &#8211; 45 x 25 x 40 cm<\/p>\t\t\t\t\t\t\t\t<\/div>\n\t\t\t\t<\/div>\n\t\t\t\t<\/div>\n\t\t\t\t<div class=\"elementor-element elementor-element-9c728a3 elementor-widget elementor-widget-spacer\" data-id=\"9c728a3\" data-element_type=\"widget\" data-e-type=\"widget\" data-widget_type=\"spacer.default\">\n\t\t\t\t<div class=\"elementor-widget-container\">\n\t\t\t\t\t\t\t<div class=\"elementor-spacer\">\n\t\t\t<div class=\"elementor-spacer-inner\"><\/div>\n\t\t<\/div>\n\t\t\t\t\t\t<\/div>\n\t\t\t\t<\/div>\n\t\t<div class=\"elementor-element elementor-element-bfa35b0 e-con-full e-flex e-con e-child\" data-id=\"bfa35b0\" data-element_type=\"container\" data-e-type=\"container\">\n\t\t\t\t<div class=\"elementor-element elementor-element-834cdc9 elementor-widget elementor-widget-image\" data-id=\"834cdc9\" data-element_type=\"widget\" data-e-type=\"widget\" data-widget_type=\"image.default\">\n\t\t\t\t<div class=\"elementor-widget-container\">\n\t\t\t\t\t\t\t\t\t\t\t\t\t\t\t\t<a href=\"https:\/\/arturoalvarez.art\/wp-content\/uploads\/2025\/11\/Oxido_9-1152x1536.jpg\">\n\t\t\t\t\t\t\t<img decoding=\"async\" width=\"768\" height=\"1024\" src=\"https:\/\/arturoalvarez.art\/wp-content\/uploads\/2025\/11\/Oxido_9-768x1024.jpg\" class=\"attachment-large size-large wp-image-6582\" alt=\"\u00d3xido 9\" srcset=\"https:\/\/arturoalvarez.art\/wp-content\/uploads\/2025\/11\/Oxido_9-768x1024.jpg 768w, https:\/\/arturoalvarez.art\/wp-content\/uploads\/2025\/11\/Oxido_9-225x300.jpg 225w, https:\/\/arturoalvarez.art\/wp-content\/uploads\/2025\/11\/Oxido_9-1152x1536.jpg 1152w, https:\/\/arturoalvarez.art\/wp-content\/uploads\/2025\/11\/Oxido_9-1536x2048.jpg 1536w, https:\/\/arturoalvarez.art\/wp-content\/uploads\/2025\/11\/Oxido_9-scaled.jpg 1920w\" sizes=\"(max-width: 768px) 100vw, 768px\" \/>\t\t\t\t\t\t\t\t<\/a>\n\t\t\t\t\t\t\t\t\t\t\t\t\t\t\t<\/div>\n\t\t\t\t<\/div>\n\t\t\t\t<div class=\"elementor-element elementor-element-4ba611f elementor-widget elementor-widget-text-editor\" data-id=\"4ba611f\" data-element_type=\"widget\" data-e-type=\"widget\" data-widget_type=\"text-editor.default\">\n\t\t\t\t<div class=\"elementor-widget-container\">\n\t\t\t\t\t\t\t\t\t<p>\u00d3xido 9 &#8211; 70 x 30 x 90 cm<\/p>\t\t\t\t\t\t\t\t<\/div>\n\t\t\t\t<\/div>\n\t\t\t\t<\/div>\n\t\t\t\t\t<\/div>\n\t\t\t\t<\/div>\n\t\t<div class=\"elementor-element elementor-element-670caf7 e-flex e-con-boxed e-con e-parent\" data-id=\"670caf7\" data-element_type=\"container\" data-e-type=\"container\">\n\t\t\t\t\t<div class=\"e-con-inner\">\n\t\t<div class=\"elementor-element elementor-element-33f10e7 e-con-full e-flex e-con e-child\" data-id=\"33f10e7\" data-element_type=\"container\" data-e-type=\"container\">\n\t\t\t\t<div class=\"elementor-element elementor-element-40dd5d2 elementor-widget elementor-widget-image\" data-id=\"40dd5d2\" data-element_type=\"widget\" data-e-type=\"widget\" data-widget_type=\"image.default\">\n\t\t\t\t<div class=\"elementor-widget-container\">\n\t\t\t\t\t\t\t\t\t\t\t\t\t\t\t\t<a href=\"https:\/\/arturoalvarez.art\/wp-content\/uploads\/2025\/11\/Oxido_12-1152x1536.jpg\">\n\t\t\t\t\t\t\t<img loading=\"lazy\" decoding=\"async\" width=\"768\" height=\"1024\" src=\"https:\/\/arturoalvarez.art\/wp-content\/uploads\/2025\/11\/Oxido_12-768x1024.jpg\" class=\"attachment-large size-large wp-image-6552\" alt=\"\u00d3xido 12\" srcset=\"https:\/\/arturoalvarez.art\/wp-content\/uploads\/2025\/11\/Oxido_12-768x1024.jpg 768w, https:\/\/arturoalvarez.art\/wp-content\/uploads\/2025\/11\/Oxido_12-225x300.jpg 225w, https:\/\/arturoalvarez.art\/wp-content\/uploads\/2025\/11\/Oxido_12-1152x1536.jpg 1152w, https:\/\/arturoalvarez.art\/wp-content\/uploads\/2025\/11\/Oxido_12-1536x2048.jpg 1536w, https:\/\/arturoalvarez.art\/wp-content\/uploads\/2025\/11\/Oxido_12-scaled.jpg 1920w\" sizes=\"(max-width: 768px) 100vw, 768px\" \/>\t\t\t\t\t\t\t\t<\/a>\n\t\t\t\t\t\t\t\t\t\t\t\t\t\t\t<\/div>\n\t\t\t\t<\/div>\n\t\t\t\t<div class=\"elementor-element elementor-element-e431d42 elementor-widget elementor-widget-text-editor\" data-id=\"e431d42\" data-element_type=\"widget\" data-e-type=\"widget\" data-widget_type=\"text-editor.default\">\n\t\t\t\t<div class=\"elementor-widget-container\">\n\t\t\t\t\t\t\t\t\t<p>\u00d3xido 12 &#8211; 63 x 12 x 60 cm<\/p>\t\t\t\t\t\t\t\t<\/div>\n\t\t\t\t<\/div>\n\t\t\t\t<\/div>\n\t\t<div class=\"elementor-element elementor-element-8989420 e-con-full e-flex e-con e-child\" data-id=\"8989420\" data-element_type=\"container\" data-e-type=\"container\">\n\t\t<div class=\"elementor-element elementor-element-190de82 e-con-full e-flex e-con e-child\" data-id=\"190de82\" data-element_type=\"container\" data-e-type=\"container\">\n\t\t\t\t<div class=\"elementor-element elementor-element-d628fd9 elementor-widget elementor-widget-image\" data-id=\"d628fd9\" data-element_type=\"widget\" data-e-type=\"widget\" data-widget_type=\"image.default\">\n\t\t\t\t<div class=\"elementor-widget-container\">\n\t\t\t\t\t\t\t\t\t\t\t\t\t\t\t\t<a href=\"https:\/\/arturoalvarez.art\/wp-content\/uploads\/2025\/11\/Oxido_4-1024x768.jpg\">\n\t\t\t\t\t\t\t<img loading=\"lazy\" decoding=\"async\" width=\"800\" height=\"600\" src=\"https:\/\/arturoalvarez.art\/wp-content\/uploads\/2025\/11\/Oxido_4-1024x768.jpg\" class=\"attachment-large size-large wp-image-6525\" alt=\"\u00d3xido 4\" srcset=\"https:\/\/arturoalvarez.art\/wp-content\/uploads\/2025\/11\/Oxido_4-1024x768.jpg 1024w, https:\/\/arturoalvarez.art\/wp-content\/uploads\/2025\/11\/Oxido_4-300x225.jpg 300w, https:\/\/arturoalvarez.art\/wp-content\/uploads\/2025\/11\/Oxido_4-768x576.jpg 768w, https:\/\/arturoalvarez.art\/wp-content\/uploads\/2025\/11\/Oxido_4-1536x1152.jpg 1536w, https:\/\/arturoalvarez.art\/wp-content\/uploads\/2025\/11\/Oxido_4-2048x1536.jpg 2048w\" sizes=\"(max-width: 800px) 100vw, 800px\" \/>\t\t\t\t\t\t\t\t<\/a>\n\t\t\t\t\t\t\t\t\t\t\t\t\t\t\t<\/div>\n\t\t\t\t<\/div>\n\t\t\t\t<div class=\"elementor-element elementor-element-93509f8 elementor-widget elementor-widget-text-editor\" data-id=\"93509f8\" data-element_type=\"widget\" data-e-type=\"widget\" data-widget_type=\"text-editor.default\">\n\t\t\t\t<div class=\"elementor-widget-container\">\n\t\t\t\t\t\t\t\t\t<p>\u00d3xido 4 &#8211; 60 x 50 x 35 cm<\/p>\t\t\t\t\t\t\t\t<\/div>\n\t\t\t\t<\/div>\n\t\t\t\t<\/div>\n\t\t<div class=\"elementor-element elementor-element-9731c8f e-con-full e-flex e-con e-child\" data-id=\"9731c8f\" data-element_type=\"container\" data-e-type=\"container\">\n\t\t\t\t<div class=\"elementor-element elementor-element-a4a5816 elementor-widget elementor-widget-image\" data-id=\"a4a5816\" data-element_type=\"widget\" data-e-type=\"widget\" data-widget_type=\"image.default\">\n\t\t\t\t<div class=\"elementor-widget-container\">\n\t\t\t\t\t\t\t\t\t\t\t\t\t\t\t\t<a href=\"https:\/\/arturoalvarez.art\/wp-content\/uploads\/2025\/11\/Oxido_6-ON-1024x768.jpg\">\n\t\t\t\t\t\t\t<img loading=\"lazy\" decoding=\"async\" width=\"800\" height=\"600\" src=\"https:\/\/arturoalvarez.art\/wp-content\/uploads\/2025\/11\/Oxido_6-ON-1024x768.jpg\" class=\"attachment-large size-large wp-image-6537\" alt=\"Escultura \u00d3xido 6 de Arturo \u00c1lvarez\" srcset=\"https:\/\/arturoalvarez.art\/wp-content\/uploads\/2025\/11\/Oxido_6-ON-1024x768.jpg 1024w, https:\/\/arturoalvarez.art\/wp-content\/uploads\/2025\/11\/Oxido_6-ON-300x225.jpg 300w, https:\/\/arturoalvarez.art\/wp-content\/uploads\/2025\/11\/Oxido_6-ON-768x576.jpg 768w, https:\/\/arturoalvarez.art\/wp-content\/uploads\/2025\/11\/Oxido_6-ON-1536x1152.jpg 1536w, https:\/\/arturoalvarez.art\/wp-content\/uploads\/2025\/11\/Oxido_6-ON-2048x1536.jpg 2048w\" sizes=\"(max-width: 800px) 100vw, 800px\" \/>\t\t\t\t\t\t\t\t<\/a>\n\t\t\t\t\t\t\t\t\t\t\t\t\t\t\t<\/div>\n\t\t\t\t<\/div>\n\t\t\t\t<div class=\"elementor-element elementor-element-4630e6b elementor-widget elementor-widget-text-editor\" data-id=\"4630e6b\" data-element_type=\"widget\" data-e-type=\"widget\" data-widget_type=\"text-editor.default\">\n\t\t\t\t<div class=\"elementor-widget-container\">\n\t\t\t\t\t\t\t\t\t<p>\u00d3xido 6 &#8211; 60 x 30 x 38 cm<\/p>\t\t\t\t\t\t\t\t<\/div>\n\t\t\t\t<\/div>\n\t\t\t\t<\/div>\n\t\t\t\t<\/div>\n\t\t\t\t\t<\/div>\n\t\t\t\t<\/div>\n\t\t<div class=\"elementor-element elementor-element-4c5f08d e-con-full e-flex e-con e-parent\" data-id=\"4c5f08d\" data-element_type=\"container\" data-e-type=\"container\">\n\t\t\t\t<div class=\"elementor-element elementor-element-463f6b5 elementor-widget elementor-widget-spacer\" data-id=\"463f6b5\" data-element_type=\"widget\" data-e-type=\"widget\" data-widget_type=\"spacer.default\">\n\t\t\t\t<div class=\"elementor-widget-container\">\n\t\t\t\t\t\t\t<div class=\"elementor-spacer\">\n\t\t\t<div class=\"elementor-spacer-inner\"><\/div>\n\t\t<\/div>\n\t\t\t\t\t\t<\/div>\n\t\t\t\t<\/div>\n\t\t\t\t<\/div>\n\t\t\t\t<\/div>\n\t\t","protected":false},"excerpt":{"rendered":"<p>Edition: 2025 Technique: Steel Tipology: Table Electric date LED: 1 led &#8211; 4 W Voltage: 230-120 V \u2013 50\/60 Hz Color temperature: 3.000k Dimmable: No \u00d3xido 10 &amp; 11 &#8211; 27 x 12 x 70 \u00d3xido 1 &#8211; 45 x 25 x 40 cm \u00d3xido 9 &#8211; 70 x 30 x 90 cm \u00d3xido 12 [&hellip;]<\/p>\n","protected":false},"author":2,"featured_media":0,"parent":6726,"menu_order":0,"comment_status":"closed","ping_status":"closed","template":"","meta":{"footnotes":""},"class_list":["post-6722","page","type-page","status-publish","hentry"],"_links":{"self":[{"href":"https:\/\/arturoalvarez.art\/en\/wp-json\/wp\/v2\/pages\/6722","targetHints":{"allow":["GET"]}}],"collection":[{"href":"https:\/\/arturoalvarez.art\/en\/wp-json\/wp\/v2\/pages"}],"about":[{"href":"https:\/\/arturoalvarez.art\/en\/wp-json\/wp\/v2\/types\/page"}],"author":[{"embeddable":true,"href":"https:\/\/arturoalvarez.art\/en\/wp-json\/wp\/v2\/users\/2"}],"replies":[{"embeddable":true,"href":"https:\/\/arturoalvarez.art\/en\/wp-json\/wp\/v2\/comments?post=6722"}],"version-history":[{"count":4,"href":"https:\/\/arturoalvarez.art\/en\/wp-json\/wp\/v2\/pages\/6722\/revisions"}],"predecessor-version":[{"id":6858,"href":"https:\/\/arturoalvarez.art\/en\/wp-json\/wp\/v2\/pages\/6722\/revisions\/6858"}],"up":[{"embeddable":true,"href":"https:\/\/arturoalvarez.art\/en\/wp-json\/wp\/v2\/pages\/6726"}],"wp:attachment":[{"href":"https:\/\/arturoalvarez.art\/en\/wp-json\/wp\/v2\/media?parent=6722"}],"curies":[{"name":"wp","href":"https:\/\/api.w.org\/{rel}","templated":true}]}}