{"id":1034,"date":"2024-04-24T18:52:53","date_gmt":"2024-04-24T16:52:53","guid":{"rendered":"https:\/\/arturoalvarez.art\/?page_id=1034"},"modified":"2024-07-10T15:15:40","modified_gmt":"2024-07-10T13:15:40","slug":"human-chandelier","status":"publish","type":"page","link":"https:\/\/arturoalvarez.art\/es\/trabajo\/ediciones-limitadas\/human-chandelier\/","title":{"rendered":"Human Chandelier"},"content":{"rendered":"\t\t<div data-elementor-type=\"wp-page\" data-elementor-id=\"1034\" class=\"elementor elementor-1034\" data-elementor-post-type=\"page\">\n\t\t\t\t<div class=\"elementor-element elementor-element-148ef01 e-flex e-con-boxed e-con e-parent\" data-id=\"148ef01\" data-element_type=\"container\" data-e-type=\"container\" data-settings=\"{&quot;background_background&quot;:&quot;classic&quot;}\">\n\t\t\t\t\t<div class=\"e-con-inner\">\n\t\t\t\t\t<\/div>\n\t\t\t\t<\/div>\n\t\t<div class=\"elementor-element elementor-element-04a27e0 e-flex e-con-boxed e-con e-parent\" data-id=\"04a27e0\" data-element_type=\"container\" data-e-type=\"container\">\n\t\t\t\t\t<div class=\"e-con-inner\">\n\t\t<div class=\"elementor-element elementor-element-d94974b e-con-full e-flex e-con e-child\" data-id=\"d94974b\" data-element_type=\"container\" data-e-type=\"container\">\n\t\t\t\t<div class=\"elementor-element elementor-element-7e9c5f4 elementor-icon-list--layout-traditional elementor-list-item-link-full_width elementor-widget elementor-widget-icon-list\" data-id=\"7e9c5f4\" data-element_type=\"widget\" data-e-type=\"widget\" data-widget_type=\"icon-list.default\">\n\t\t\t\t<div class=\"elementor-widget-container\">\n\t\t\t\t\t\t\t<ul class=\"elementor-icon-list-items\">\n\t\t\t\t\t\t\t<li class=\"elementor-icon-list-item\">\n\t\t\t\t\t\t\t\t\t\t<span class=\"elementor-icon-list-text\"><strong>Edici\u00f3n:<\/strong> 2023<\/span>\n\t\t\t\t\t\t\t\t\t<\/li>\n\t\t\t\t\t\t\t\t<li class=\"elementor-icon-list-item\">\n\t\t\t\t\t\t\t\t\t\t<span class=\"elementor-icon-list-text\"><strong>Unidades seriadas:<\/strong> 99<\/span>\n\t\t\t\t\t\t\t\t\t<\/li>\n\t\t\t\t\t\t\t\t<li class=\"elementor-icon-list-item\">\n\t\t\t\t\t\t\t\t\t\t<span class=\"elementor-icon-list-text\"><strong>T\u00e9cnica:<\/strong> Malla met\u00e1lica<\/span>\n\t\t\t\t\t\t\t\t\t<\/li>\n\t\t\t\t\t\t\t\t<li class=\"elementor-icon-list-item\">\n\t\t\t\t\t\t\t\t\t\t<span class=\"elementor-icon-list-text\"><strong>Tipolog\u00eda:<\/strong> Pared<\/span>\n\t\t\t\t\t\t\t\t\t<\/li>\n\t\t\t\t\t\t\t\t<li class=\"elementor-icon-list-item\">\n\t\t\t\t\t\t\t\t\t\t<span class=\"elementor-icon-list-text\"><strong>Colores disponibles:<\/strong> Negro, Dorado<\/span>\n\t\t\t\t\t\t\t\t\t<\/li>\n\t\t\t\t\t\t\t\t<li class=\"elementor-icon-list-item\">\n\t\t\t\t\t\t\t\t\t\t<span class=\"elementor-icon-list-text\"><strong>Haz:<\/strong> Circular, cuadrado o rectangular<\/span>\n\t\t\t\t\t\t\t\t\t<\/li>\n\t\t\t\t\t\t<\/ul>\n\t\t\t\t\t\t<\/div>\n\t\t\t\t<\/div>\n\t\t\t\t<\/div>\n\t\t<div class=\"elementor-element elementor-element-8849905 e-con-full e-flex e-con e-child\" data-id=\"8849905\" data-element_type=\"container\" data-e-type=\"container\">\n\t\t\t\t<div class=\"elementor-element elementor-element-4bc6017 elementor-icon-list--layout-traditional elementor-list-item-link-full_width elementor-widget elementor-widget-icon-list\" data-id=\"4bc6017\" data-element_type=\"widget\" data-e-type=\"widget\" data-widget_type=\"icon-list.default\">\n\t\t\t\t<div class=\"elementor-widget-container\">\n\t\t\t\t\t\t\t<ul class=\"elementor-icon-list-items\">\n\t\t\t\t\t\t\t<li class=\"elementor-icon-list-item\">\n\t\t\t\t\t\t\t\t\t\t<span class=\"elementor-icon-list-text\"><strong>Dimensiones de la escultura (Individual)<\/strong><\/span>\n\t\t\t\t\t\t\t\t\t<\/li>\n\t\t\t\t\t\t<\/ul>\n\t\t\t\t\t\t<\/div>\n\t\t\t\t<\/div>\n\t\t\t\t<div class=\"elementor-element elementor-element-179091a elementor-icon-list--layout-traditional elementor-list-item-link-full_width elementor-widget elementor-widget-icon-list\" data-id=\"179091a\" data-element_type=\"widget\" data-e-type=\"widget\" data-widget_type=\"icon-list.default\">\n\t\t\t\t<div class=\"elementor-widget-container\">\n\t\t\t\t\t\t\t<ul class=\"elementor-icon-list-items\">\n\t\t\t\t\t\t\t<li class=\"elementor-icon-list-item\">\n\t\t\t\t\t\t\t\t\t\t<span class=\"elementor-icon-list-text\"><strong>Ancho:<\/strong>  20 cm \/ 7.87\u201d<\/span>\n\t\t\t\t\t\t\t\t\t<\/li>\n\t\t\t\t\t\t\t\t<li class=\"elementor-icon-list-item\">\n\t\t\t\t\t\t\t\t\t\t<span class=\"elementor-icon-list-text\"><strong>Alto:<\/strong> 30 cm - 40 cm \/ 11.81\u201d - 15.75\u201d<\/span>\n\t\t\t\t\t\t\t\t\t<\/li>\n\t\t\t\t\t\t\t\t<li class=\"elementor-icon-list-item\">\n\t\t\t\t\t\t\t\t\t\t<span class=\"elementor-icon-list-text\"><strong>Peso:<\/strong> 200gr<\/span>\n\t\t\t\t\t\t\t\t\t<\/li>\n\t\t\t\t\t\t<\/ul>\n\t\t\t\t\t\t<\/div>\n\t\t\t\t<\/div>\n\t\t\t\t<div class=\"elementor-element elementor-element-9552c79 elementor-icon-list--layout-traditional elementor-list-item-link-full_width elementor-widget elementor-widget-icon-list\" data-id=\"9552c79\" data-element_type=\"widget\" data-e-type=\"widget\" data-widget_type=\"icon-list.default\">\n\t\t\t\t<div class=\"elementor-widget-container\">\n\t\t\t\t\t\t\t<ul class=\"elementor-icon-list-items\">\n\t\t\t\t\t\t\t<li class=\"elementor-icon-list-item\">\n\t\t\t\t\t\t\t\t\t\t<span class=\"elementor-icon-list-text\"><strong>Dimensiones de la escultura (composici\u00f3n de 5)<\/strong><\/span>\n\t\t\t\t\t\t\t\t\t<\/li>\n\t\t\t\t\t\t<\/ul>\n\t\t\t\t\t\t<\/div>\n\t\t\t\t<\/div>\n\t\t\t\t<div class=\"elementor-element elementor-element-92b0082 elementor-icon-list--layout-traditional elementor-list-item-link-full_width elementor-widget elementor-widget-icon-list\" data-id=\"92b0082\" data-element_type=\"widget\" data-e-type=\"widget\" data-widget_type=\"icon-list.default\">\n\t\t\t\t<div class=\"elementor-widget-container\">\n\t\t\t\t\t\t\t<ul class=\"elementor-icon-list-items\">\n\t\t\t\t\t\t\t<li class=\"elementor-icon-list-item\">\n\t\t\t\t\t\t\t\t\t\t<span class=\"elementor-icon-list-text\">Composici\u00f3n de cinco m\u00e1scaras: 40 ancho x 50 alto<\/span>\n\t\t\t\t\t\t\t\t\t<\/li>\n\t\t\t\t\t\t\t\t<li class=\"elementor-icon-list-item\">\n\t\t\t\t\t\t\t\t\t\t<span class=\"elementor-icon-list-text\"><strong>Peso:<\/strong> 1Kg<\/span>\n\t\t\t\t\t\t\t\t\t<\/li>\n\t\t\t\t\t\t<\/ul>\n\t\t\t\t\t\t<\/div>\n\t\t\t\t<\/div>\n\t\t\t\t<div class=\"elementor-element elementor-element-4ab3f29 elementor-icon-list--layout-traditional elementor-list-item-link-full_width elementor-widget elementor-widget-icon-list\" data-id=\"4ab3f29\" data-element_type=\"widget\" data-e-type=\"widget\" data-widget_type=\"icon-list.default\">\n\t\t\t\t<div class=\"elementor-widget-container\">\n\t\t\t\t\t\t\t<ul class=\"elementor-icon-list-items\">\n\t\t\t\t\t\t\t<li class=\"elementor-icon-list-item\">\n\t\t\t\t\t\t\t\t\t\t<span class=\"elementor-icon-list-text\"><strong>Ficha el\u00e9ctrica<\/strong><\/span>\n\t\t\t\t\t\t\t\t\t<\/li>\n\t\t\t\t\t\t<\/ul>\n\t\t\t\t\t\t<\/div>\n\t\t\t\t<\/div>\n\t\t\t\t<div class=\"elementor-element elementor-element-5080e31 elementor-icon-list--layout-traditional elementor-list-item-link-full_width elementor-widget elementor-widget-icon-list\" data-id=\"5080e31\" data-element_type=\"widget\" data-e-type=\"widget\" data-widget_type=\"icon-list.default\">\n\t\t\t\t<div class=\"elementor-widget-container\">\n\t\t\t\t\t\t\t<ul class=\"elementor-icon-list-items\">\n\t\t\t\t\t\t\t<li class=\"elementor-icon-list-item\">\n\t\t\t\t\t\t\t\t\t\t<span class=\"elementor-icon-list-text\"><strong>LED:<\/strong> 1 led - 4 W<\/span>\n\t\t\t\t\t\t\t\t\t<\/li>\n\t\t\t\t\t\t\t\t<li class=\"elementor-icon-list-item\">\n\t\t\t\t\t\t\t\t\t\t<span class=\"elementor-icon-list-text\"><strong>Voltaje:<\/strong> 230-120 V \u2013 50\/60 Hz<\/span>\n\t\t\t\t\t\t\t\t\t<\/li>\n\t\t\t\t\t\t\t\t<li class=\"elementor-icon-list-item\">\n\t\t\t\t\t\t\t\t\t\t<span class=\"elementor-icon-list-text\"><strong>Regulable:<\/strong> No<\/span>\n\t\t\t\t\t\t\t\t\t<\/li>\n\t\t\t\t\t\t\t\t<li class=\"elementor-icon-list-item\">\n\t\t\t\t\t\t\t\t\t\t<span class=\"elementor-icon-list-text\"><strong>Temperatura de color:<\/strong> 3.000k<\/span>\n\t\t\t\t\t\t\t\t\t<\/li>\n\t\t\t\t\t\t<\/ul>\n\t\t\t\t\t\t<\/div>\n\t\t\t\t<\/div>\n\t\t\t\t<\/div>\n\t\t\t\t\t<\/div>\n\t\t\t\t<\/div>\n\t\t<div class=\"elementor-element elementor-element-9b099d4 e-flex e-con-boxed e-con e-parent\" data-id=\"9b099d4\" data-element_type=\"container\" data-e-type=\"container\">\n\t\t\t\t\t<div class=\"e-con-inner\">\n\t\t<div class=\"elementor-element elementor-element-baa7f0b e-con-full e-flex e-con e-child\" data-id=\"baa7f0b\" data-element_type=\"container\" data-e-type=\"container\">\n\t\t\t\t<div class=\"elementor-element elementor-element-75727aa elementor-widget elementor-widget-image\" data-id=\"75727aa\" data-element_type=\"widget\" data-e-type=\"widget\" data-widget_type=\"image.default\">\n\t\t\t\t<div class=\"elementor-widget-container\">\n\t\t\t\t\t\t\t\t\t\t\t\t\t\t\t<img fetchpriority=\"high\" decoding=\"async\" width=\"2500\" height=\"1631\" src=\"https:\/\/arturoalvarez.art\/wp-content\/uploads\/2024\/04\/Chandelier3.jpg\" class=\"attachment-full size-full wp-image-1050\" alt=\"\" srcset=\"https:\/\/arturoalvarez.art\/wp-content\/uploads\/2024\/04\/Chandelier3.jpg 2500w, https:\/\/arturoalvarez.art\/wp-content\/uploads\/2024\/04\/Chandelier3-300x196.jpg 300w, https:\/\/arturoalvarez.art\/wp-content\/uploads\/2024\/04\/Chandelier3-1024x668.jpg 1024w, https:\/\/arturoalvarez.art\/wp-content\/uploads\/2024\/04\/Chandelier3-768x501.jpg 768w, https:\/\/arturoalvarez.art\/wp-content\/uploads\/2024\/04\/Chandelier3-1536x1002.jpg 1536w, https:\/\/arturoalvarez.art\/wp-content\/uploads\/2024\/04\/Chandelier3-2048x1336.jpg 2048w\" sizes=\"(max-width: 2500px) 100vw, 2500px\" \/>\t\t\t\t\t\t\t\t\t\t\t\t\t\t\t<\/div>\n\t\t\t\t<\/div>\n\t\t\t\t<\/div>\n\t\t<div class=\"elementor-element elementor-element-e9d3ca4 e-con-full e-flex e-con e-child\" data-id=\"e9d3ca4\" data-element_type=\"container\" data-e-type=\"container\">\n\t\t\t\t<div class=\"elementor-element elementor-element-591eb5d elementor-widget elementor-widget-image\" data-id=\"591eb5d\" data-element_type=\"widget\" data-e-type=\"widget\" data-widget_type=\"image.default\">\n\t\t\t\t<div class=\"elementor-widget-container\">\n\t\t\t\t\t\t\t\t\t\t\t\t\t\t\t<img decoding=\"async\" width=\"2560\" height=\"1753\" src=\"https:\/\/arturoalvarez.art\/wp-content\/uploads\/2024\/04\/Chandelier2-retocada-scaled-1.jpg\" class=\"attachment-full size-full wp-image-1049\" alt=\"\" srcset=\"https:\/\/arturoalvarez.art\/wp-content\/uploads\/2024\/04\/Chandelier2-retocada-scaled-1.jpg 2560w, https:\/\/arturoalvarez.art\/wp-content\/uploads\/2024\/04\/Chandelier2-retocada-scaled-1-300x205.jpg 300w, https:\/\/arturoalvarez.art\/wp-content\/uploads\/2024\/04\/Chandelier2-retocada-scaled-1-1024x701.jpg 1024w, https:\/\/arturoalvarez.art\/wp-content\/uploads\/2024\/04\/Chandelier2-retocada-scaled-1-768x526.jpg 768w, https:\/\/arturoalvarez.art\/wp-content\/uploads\/2024\/04\/Chandelier2-retocada-scaled-1-1536x1052.jpg 1536w, https:\/\/arturoalvarez.art\/wp-content\/uploads\/2024\/04\/Chandelier2-retocada-scaled-1-2048x1402.jpg 2048w\" sizes=\"(max-width: 2560px) 100vw, 2560px\" \/>\t\t\t\t\t\t\t\t\t\t\t\t\t\t\t<\/div>\n\t\t\t\t<\/div>\n\t\t\t\t<\/div>\n\t\t\t\t\t<\/div>\n\t\t\t\t<\/div>\n\t\t<div class=\"elementor-element elementor-element-9fa05c3 e-flex e-con-boxed e-con e-parent\" data-id=\"9fa05c3\" data-element_type=\"container\" data-e-type=\"container\">\n\t\t\t\t\t<div class=\"e-con-inner\">\n\t\t<div class=\"elementor-element elementor-element-560ed15 e-con-full e-flex e-con e-child\" data-id=\"560ed15\" data-element_type=\"container\" data-e-type=\"container\">\n\t\t\t\t<div class=\"elementor-element elementor-element-f91adc6 elementor-widget elementor-widget-image\" data-id=\"f91adc6\" data-element_type=\"widget\" data-e-type=\"widget\" data-widget_type=\"image.default\">\n\t\t\t\t<div class=\"elementor-widget-container\">\n\t\t\t\t\t\t\t\t\t\t\t\t\t\t\t<img decoding=\"async\" width=\"1500\" height=\"1863\" src=\"https:\/\/arturoalvarez.art\/wp-content\/uploads\/2024\/04\/Chandelier4-retocada.jpg\" class=\"attachment-full size-full wp-image-1051\" alt=\"\" srcset=\"https:\/\/arturoalvarez.art\/wp-content\/uploads\/2024\/04\/Chandelier4-retocada.jpg 1500w, https:\/\/arturoalvarez.art\/wp-content\/uploads\/2024\/04\/Chandelier4-retocada-242x300.jpg 242w, https:\/\/arturoalvarez.art\/wp-content\/uploads\/2024\/04\/Chandelier4-retocada-824x1024.jpg 824w, https:\/\/arturoalvarez.art\/wp-content\/uploads\/2024\/04\/Chandelier4-retocada-768x954.jpg 768w, https:\/\/arturoalvarez.art\/wp-content\/uploads\/2024\/04\/Chandelier4-retocada-1237x1536.jpg 1237w\" sizes=\"(max-width: 1500px) 100vw, 1500px\" \/>\t\t\t\t\t\t\t\t\t\t\t\t\t\t\t<\/div>\n\t\t\t\t<\/div>\n\t\t\t\t<\/div>\n\t\t<div class=\"elementor-element elementor-element-542875f e-con-full e-flex e-con e-child\" data-id=\"542875f\" data-element_type=\"container\" data-e-type=\"container\">\n\t\t\t\t<div class=\"elementor-element elementor-element-0b92f82 elementor-widget elementor-widget-image\" data-id=\"0b92f82\" data-element_type=\"widget\" data-e-type=\"widget\" data-widget_type=\"image.default\">\n\t\t\t\t<div class=\"elementor-widget-container\">\n\t\t\t\t\t\t\t\t\t\t\t\t\t\t\t<img loading=\"lazy\" decoding=\"async\" width=\"768\" height=\"1024\" src=\"https:\/\/arturoalvarez.art\/wp-content\/uploads\/2024\/06\/human-chandelier-gallery-01.jpg\" class=\"attachment-full size-full wp-image-3502\" alt=\"\" srcset=\"https:\/\/arturoalvarez.art\/wp-content\/uploads\/2024\/06\/human-chandelier-gallery-01.jpg 768w, https:\/\/arturoalvarez.art\/wp-content\/uploads\/2024\/06\/human-chandelier-gallery-01-225x300.jpg 225w\" sizes=\"(max-width: 768px) 100vw, 768px\" \/>\t\t\t\t\t\t\t\t\t\t\t\t\t\t\t<\/div>\n\t\t\t\t<\/div>\n\t\t\t\t<\/div>\n\t\t<div class=\"elementor-element elementor-element-174f281 e-con-full e-flex e-con e-child\" data-id=\"174f281\" data-element_type=\"container\" data-e-type=\"container\">\n\t\t\t\t<div class=\"elementor-element elementor-element-4d076dc elementor-widget elementor-widget-image\" data-id=\"4d076dc\" data-element_type=\"widget\" data-e-type=\"widget\" data-widget_type=\"image.default\">\n\t\t\t\t<div class=\"elementor-widget-container\">\n\t\t\t\t\t\t\t\t\t\t\t\t\t\t\t<img loading=\"lazy\" decoding=\"async\" width=\"1500\" height=\"1871\" src=\"https:\/\/arturoalvarez.art\/wp-content\/uploads\/2024\/04\/Chandelier5-retocada.jpg\" class=\"attachment-full size-full wp-image-1052\" alt=\"\" srcset=\"https:\/\/arturoalvarez.art\/wp-content\/uploads\/2024\/04\/Chandelier5-retocada.jpg 1500w, https:\/\/arturoalvarez.art\/wp-content\/uploads\/2024\/04\/Chandelier5-retocada-241x300.jpg 241w, https:\/\/arturoalvarez.art\/wp-content\/uploads\/2024\/04\/Chandelier5-retocada-821x1024.jpg 821w, https:\/\/arturoalvarez.art\/wp-content\/uploads\/2024\/04\/Chandelier5-retocada-768x958.jpg 768w, https:\/\/arturoalvarez.art\/wp-content\/uploads\/2024\/04\/Chandelier5-retocada-1231x1536.jpg 1231w\" sizes=\"(max-width: 1500px) 100vw, 1500px\" \/>\t\t\t\t\t\t\t\t\t\t\t\t\t\t\t<\/div>\n\t\t\t\t<\/div>\n\t\t\t\t<\/div>\n\t\t\t\t\t<\/div>\n\t\t\t\t<\/div>\n\t\t<div class=\"elementor-element elementor-element-374f2db e-flex e-con-boxed e-con e-parent\" data-id=\"374f2db\" data-element_type=\"container\" data-e-type=\"container\">\n\t\t\t\t\t<div class=\"e-con-inner\">\n\t\t<div class=\"elementor-element elementor-element-8602d99 e-con-full e-flex e-con e-child\" data-id=\"8602d99\" data-element_type=\"container\" data-e-type=\"container\">\n\t\t\t\t<div class=\"elementor-element elementor-element-9ccf440 elementor-widget elementor-widget-image\" data-id=\"9ccf440\" data-element_type=\"widget\" data-e-type=\"widget\" data-widget_type=\"image.default\">\n\t\t\t\t<div class=\"elementor-widget-container\">\n\t\t\t\t\t\t\t\t\t\t\t\t\t\t\t<img loading=\"lazy\" decoding=\"async\" width=\"2500\" height=\"1356\" src=\"https:\/\/arturoalvarez.art\/wp-content\/uploads\/2024\/04\/Chandelier1-retocada.jpg\" class=\"attachment-full size-full wp-image-1047\" alt=\"\" srcset=\"https:\/\/arturoalvarez.art\/wp-content\/uploads\/2024\/04\/Chandelier1-retocada.jpg 2500w, https:\/\/arturoalvarez.art\/wp-content\/uploads\/2024\/04\/Chandelier1-retocada-300x163.jpg 300w, https:\/\/arturoalvarez.art\/wp-content\/uploads\/2024\/04\/Chandelier1-retocada-1024x555.jpg 1024w, https:\/\/arturoalvarez.art\/wp-content\/uploads\/2024\/04\/Chandelier1-retocada-768x417.jpg 768w, https:\/\/arturoalvarez.art\/wp-content\/uploads\/2024\/04\/Chandelier1-retocada-1536x833.jpg 1536w, https:\/\/arturoalvarez.art\/wp-content\/uploads\/2024\/04\/Chandelier1-retocada-2048x1111.jpg 2048w\" sizes=\"(max-width: 2500px) 100vw, 2500px\" \/>\t\t\t\t\t\t\t\t\t\t\t\t\t\t\t<\/div>\n\t\t\t\t<\/div>\n\t\t\t\t<\/div>\n\t\t\t\t\t<\/div>\n\t\t\t\t<\/div>\n\t\t<div class=\"elementor-element elementor-element-233d3cb e-flex e-con-boxed e-con e-parent\" data-id=\"233d3cb\" data-element_type=\"container\" data-e-type=\"container\">\n\t\t\t\t\t<div class=\"e-con-inner\">\n\t\t<div class=\"elementor-element elementor-element-18d3425 e-con-full e-flex e-con e-child\" data-id=\"18d3425\" data-element_type=\"container\" data-e-type=\"container\">\n\t\t\t\t<div class=\"elementor-element elementor-element-3f47500 elementor-widget elementor-widget-image\" data-id=\"3f47500\" data-element_type=\"widget\" data-e-type=\"widget\" data-widget_type=\"image.default\">\n\t\t\t\t<div class=\"elementor-widget-container\">\n\t\t\t\t\t\t\t\t\t\t\t\t\t\t\t<img loading=\"lazy\" decoding=\"async\" width=\"1365\" height=\"1024\" src=\"https:\/\/arturoalvarez.art\/wp-content\/uploads\/2024\/06\/human-chandelier-gallery-02.jpg\" class=\"attachment-full size-full wp-image-3505\" alt=\"\" srcset=\"https:\/\/arturoalvarez.art\/wp-content\/uploads\/2024\/06\/human-chandelier-gallery-02.jpg 1365w, https:\/\/arturoalvarez.art\/wp-content\/uploads\/2024\/06\/human-chandelier-gallery-02-300x225.jpg 300w, https:\/\/arturoalvarez.art\/wp-content\/uploads\/2024\/06\/human-chandelier-gallery-02-1024x768.jpg 1024w, https:\/\/arturoalvarez.art\/wp-content\/uploads\/2024\/06\/human-chandelier-gallery-02-768x576.jpg 768w\" sizes=\"(max-width: 1365px) 100vw, 1365px\" \/>\t\t\t\t\t\t\t\t\t\t\t\t\t\t\t<\/div>\n\t\t\t\t<\/div>\n\t\t\t\t<\/div>\n\t\t\t\t\t<\/div>\n\t\t\t\t<\/div>\n\t\t<div class=\"elementor-element elementor-element-4c51670 e-flex e-con-boxed e-con e-parent\" data-id=\"4c51670\" data-element_type=\"container\" data-e-type=\"container\">\n\t\t\t\t\t<div class=\"e-con-inner\">\n\t\t<div class=\"elementor-element elementor-element-d72f22e e-con-full e-flex e-con e-child\" data-id=\"d72f22e\" data-element_type=\"container\" data-e-type=\"container\">\n\t\t\t\t<div class=\"elementor-element elementor-element-e5dcea6 elementor-widget elementor-widget-video\" data-id=\"e5dcea6\" data-element_type=\"widget\" data-e-type=\"widget\" data-settings=\"{&quot;video_type&quot;:&quot;vimeo&quot;}\" data-widget_type=\"video.default\">\n\t\t\t\t<div class=\"elementor-widget-container\">\n\t\t\t\t\t\t\t<div class=\"elementor-wrapper elementor-open-inline\">\n\t\t\t<iframe class=\"elementor-video-iframe\" allowfullscreen allow=\"clipboard-write\" title=\"Reproductor de v\u00eddeo vimeo\" src=\"https:\/\/player.vimeo.com\/video\/824906995?color&amp;autopause=0&amp;loop=0&amp;muted=0&amp;title=0&amp;portrait=0&amp;byline=0#t=\"><\/iframe>\t\t<\/div>\n\t\t\t\t\t\t<\/div>\n\t\t\t\t<\/div>\n\t\t\t\t<\/div>\n\t\t\t\t\t<\/div>\n\t\t\t\t<\/div>\n\t\t\t\t<\/div>\n\t\t","protected":false},"excerpt":{"rendered":"<p>Edici\u00f3n: 2023 Unidades seriadas: 99 T\u00e9cnica: Malla met\u00e1lica Tipolog\u00eda: Pared Colores disponibles: Negro, Dorado Haz: Circular, cuadrado o rectangular Dimensiones de la escultura (Individual) Ancho: 20 cm \/ 7.87\u201d Alto: 30 cm &#8211; 40 cm \/ 11.81\u201d &#8211; 15.75\u201d Peso: 200gr Dimensiones de la escultura (composici\u00f3n de 5) Composici\u00f3n de cinco m\u00e1scaras: 40 ancho x [&hellip;]<\/p>\n","protected":false},"author":1,"featured_media":0,"parent":184,"menu_order":0,"comment_status":"closed","ping_status":"closed","template":"elementor_header_footer","meta":{"footnotes":""},"class_list":["post-1034","page","type-page","status-publish","hentry"],"_links":{"self":[{"href":"https:\/\/arturoalvarez.art\/es\/wp-json\/wp\/v2\/pages\/1034","targetHints":{"allow":["GET"]}}],"collection":[{"href":"https:\/\/arturoalvarez.art\/es\/wp-json\/wp\/v2\/pages"}],"about":[{"href":"https:\/\/arturoalvarez.art\/es\/wp-json\/wp\/v2\/types\/page"}],"author":[{"embeddable":true,"href":"https:\/\/arturoalvarez.art\/es\/wp-json\/wp\/v2\/users\/1"}],"replies":[{"embeddable":true,"href":"https:\/\/arturoalvarez.art\/es\/wp-json\/wp\/v2\/comments?post=1034"}],"version-history":[{"count":49,"href":"https:\/\/arturoalvarez.art\/es\/wp-json\/wp\/v2\/pages\/1034\/revisions"}],"predecessor-version":[{"id":4990,"href":"https:\/\/arturoalvarez.art\/es\/wp-json\/wp\/v2\/pages\/1034\/revisions\/4990"}],"up":[{"embeddable":true,"href":"https:\/\/arturoalvarez.art\/es\/wp-json\/wp\/v2\/pages\/184"}],"wp:attachment":[{"href":"https:\/\/arturoalvarez.art\/es\/wp-json\/wp\/v2\/media?parent=1034"}],"curies":[{"name":"wp","href":"https:\/\/api.w.org\/{rel}","templated":true}]}}