{"id":27,"date":"2024-04-09T18:54:36","date_gmt":"2024-04-09T16:54:36","guid":{"rendered":"https:\/\/arturoalvarez.art\/?page_id=27"},"modified":"2025-05-27T18:15:31","modified_gmt":"2025-05-27T16:15:31","slug":"acerca-de","status":"publish","type":"page","link":"https:\/\/arturoalvarez.art\/es\/acerca-de\/","title":{"rendered":"Acerca de"},"content":{"rendered":"\t\t<div data-elementor-type=\"wp-page\" data-elementor-id=\"27\" class=\"elementor elementor-27\" data-elementor-post-type=\"page\">\n\t\t\t\t<div class=\"elementor-element elementor-element-f226c7c e-flex e-con-boxed e-con e-parent\" data-id=\"f226c7c\" data-element_type=\"container\" data-e-type=\"container\" id=\"scroll-about\">\n\t\t\t\t\t<div class=\"e-con-inner\">\n\t\t\t\t<div class=\"elementor-element elementor-element-adcd93f elementor-widget elementor-widget-heading\" data-id=\"adcd93f\" data-element_type=\"widget\" data-e-type=\"widget\" data-widget_type=\"heading.default\">\n\t\t\t\t<div class=\"elementor-widget-container\">\n\t\t\t\t\t<h2 class=\"elementor-heading-title elementor-size-default\">Acerca de<\/h2>\t\t\t\t<\/div>\n\t\t\t\t<\/div>\n\t\t\t\t<div class=\"elementor-element elementor-element-f1c44b5 animated-slow elementor-widget-divider--view-line elementor-invisible elementor-widget elementor-widget-divider\" data-id=\"f1c44b5\" data-element_type=\"widget\" data-e-type=\"widget\" data-settings=\"{&quot;_animation&quot;:&quot;fadeInRight&quot;,&quot;_animation_delay&quot;:200}\" data-widget_type=\"divider.default\">\n\t\t\t\t<div class=\"elementor-widget-container\">\n\t\t\t\t\t\t\t<div class=\"elementor-divider\">\n\t\t\t<span class=\"elementor-divider-separator\">\n\t\t\t\t\t\t<\/span>\n\t\t<\/div>\n\t\t\t\t\t\t<\/div>\n\t\t\t\t<\/div>\n\t\t\t\t\t<\/div>\n\t\t\t\t<\/div>\n\t\t<div class=\"elementor-element elementor-element-318fa39 e-flex e-con-boxed e-con e-parent\" data-id=\"318fa39\" data-element_type=\"container\" data-e-type=\"container\">\n\t\t\t\t\t<div class=\"e-con-inner\">\n\t\t<div class=\"elementor-element elementor-element-f3320d7 e-con-full e-flex e-con e-child\" data-id=\"f3320d7\" data-element_type=\"container\" data-e-type=\"container\">\n\t\t\t\t<div class=\"elementor-element elementor-element-1ba1689 elementor-widget elementor-widget-text-editor\" data-id=\"1ba1689\" data-element_type=\"widget\" data-e-type=\"widget\" data-widget_type=\"text-editor.default\">\n\t\t\t\t<div class=\"elementor-widget-container\">\n\t\t\t\t\t\t\t\t\t<p>Arturo Alvarez es dise\u00f1ador, artesano y artista. Le gusta definirse como creador, concepto que sintetiza todo lo anterior y con el que se siente m\u00e1s c\u00f3modo y reconocido.<\/p>\t\t\t\t\t\t\t\t<\/div>\n\t\t\t\t<\/div>\n\t\t\t\t<div class=\"elementor-element elementor-element-cbef4c1 elementor-hidden-desktop elementor-hidden-tablet elementor-widget elementor-widget-image\" data-id=\"cbef4c1\" data-element_type=\"widget\" data-e-type=\"widget\" data-widget_type=\"image.default\">\n\t\t\t\t<div class=\"elementor-widget-container\">\n\t\t\t\t\t\t\t\t\t\t\t\t\t\t\t<img fetchpriority=\"high\" decoding=\"async\" width=\"600\" height=\"800\" src=\"https:\/\/arturoalvarez.art\/wp-content\/uploads\/2024\/06\/arturo-alvarez-01.jpg\" class=\"attachment-full size-full wp-image-4639\" alt=\"\" srcset=\"https:\/\/arturoalvarez.art\/wp-content\/uploads\/2024\/06\/arturo-alvarez-01.jpg 600w, https:\/\/arturoalvarez.art\/wp-content\/uploads\/2024\/06\/arturo-alvarez-01-225x300.jpg 225w\" sizes=\"(max-width: 600px) 100vw, 600px\" \/>\t\t\t\t\t\t\t\t\t\t\t\t\t\t\t<\/div>\n\t\t\t\t<\/div>\n\t\t\t\t<div class=\"elementor-element elementor-element-c39d5b0 elementor-widget elementor-widget-text-editor\" data-id=\"c39d5b0\" data-element_type=\"widget\" data-e-type=\"widget\" data-widget_type=\"text-editor.default\">\n\t\t\t\t<div class=\"elementor-widget-container\">\n\t\t\t\t\t\t\t\t\t<p>Autodidacta, rebelde, siempre curioso, no le gusta imponerse l\u00edmites. Hay tres momentos decisivos en su carrera. Durante los primeros a\u00f1os, explor\u00f3 y trabaj\u00f3 con conceptos figurativos, basados \u200b\u200ben la naturaleza. En un segundo per\u00edodo, avanza hacia la abstracci\u00f3n, explorando formas geom\u00e9tricas simples. Sin abandonar las referencias a la naturaleza, aparece el cuerpo humano, un tema que se repite y sobre el que sigue investigando a lo largo de los a\u00f1os. Hoy, Arturo \u00c1lvarez desarrolla nuevas formas de expresi\u00f3n y lenguaje, con la luz como tema central y el ser humano y sus relaciones como protagonistas, con sus luces y sombras, encuentros y desencuentros, temas que le preocupan y en los que profundiza a trav\u00e9s de diferentes t\u00e9cnicas y materiales.<\/p>\t\t\t\t\t\t\t\t<\/div>\n\t\t\t\t<\/div>\n\t\t\t\t<\/div>\n\t\t<div class=\"elementor-element elementor-element-895d674 e-con-full e-flex e-con e-child\" data-id=\"895d674\" data-element_type=\"container\" data-e-type=\"container\">\n\t\t\t\t<div class=\"elementor-element elementor-element-d9e6383 elementor-hidden-mobile elementor-widget elementor-widget-image\" data-id=\"d9e6383\" data-element_type=\"widget\" data-e-type=\"widget\" data-widget_type=\"image.default\">\n\t\t\t\t<div class=\"elementor-widget-container\">\n\t\t\t\t\t\t\t\t\t\t\t\t\t\t\t<img decoding=\"async\" width=\"600\" height=\"800\" src=\"https:\/\/arturoalvarez.art\/wp-content\/uploads\/2024\/05\/arturo-alvarez-01.jpg\" class=\"attachment-full size-full wp-image-1423\" alt=\"\" srcset=\"https:\/\/arturoalvarez.art\/wp-content\/uploads\/2024\/05\/arturo-alvarez-01.jpg 600w, https:\/\/arturoalvarez.art\/wp-content\/uploads\/2024\/05\/arturo-alvarez-01-225x300.jpg 225w\" sizes=\"(max-width: 600px) 100vw, 600px\" \/>\t\t\t\t\t\t\t\t\t\t\t\t\t\t\t<\/div>\n\t\t\t\t<\/div>\n\t\t\t\t<\/div>\n\t\t\t\t\t<\/div>\n\t\t\t\t<\/div>\n\t\t<div class=\"elementor-element elementor-element-1b646cc e-flex e-con-boxed e-con e-parent\" data-id=\"1b646cc\" data-element_type=\"container\" data-e-type=\"container\">\n\t\t\t\t\t<div class=\"e-con-inner\">\n\t\t<div class=\"elementor-element elementor-element-5e5827c e-con-full e-flex e-con e-child\" data-id=\"5e5827c\" data-element_type=\"container\" data-e-type=\"container\">\n\t\t\t\t<div class=\"elementor-element elementor-element-4c2ddc2 elementor-widget elementor-widget-image\" data-id=\"4c2ddc2\" data-element_type=\"widget\" data-e-type=\"widget\" data-widget_type=\"image.default\">\n\t\t\t\t<div class=\"elementor-widget-container\">\n\t\t\t\t\t\t\t\t\t\t\t\t\t\t\t<img decoding=\"async\" width=\"693\" height=\"1000\" src=\"https:\/\/arturoalvarez.art\/wp-content\/uploads\/2024\/06\/acerca-de-1.jpg\" class=\"attachment-full size-full wp-image-4642\" alt=\"\" srcset=\"https:\/\/arturoalvarez.art\/wp-content\/uploads\/2024\/06\/acerca-de-1.jpg 693w, https:\/\/arturoalvarez.art\/wp-content\/uploads\/2024\/06\/acerca-de-1-208x300.jpg 208w\" sizes=\"(max-width: 693px) 100vw, 693px\" \/>\t\t\t\t\t\t\t\t\t\t\t\t\t\t\t<\/div>\n\t\t\t\t<\/div>\n\t\t\t\t<\/div>\n\t\t<div class=\"elementor-element elementor-element-aff6cfd e-con-full e-flex e-con e-child\" data-id=\"aff6cfd\" data-element_type=\"container\" data-e-type=\"container\">\n\t\t\t\t<div class=\"elementor-element elementor-element-2201e7b elementor-widget elementor-widget-text-editor\" data-id=\"2201e7b\" data-element_type=\"widget\" data-e-type=\"widget\" data-widget_type=\"text-editor.default\">\n\t\t\t\t<div class=\"elementor-widget-container\">\n\t\t\t\t\t\t\t\t\t<p>El reconocimiento a su trabajo, a lo largo de m\u00e1s de treinta a\u00f1os de carrera, lleg\u00f3 en forma de prestigiosos galardones internacionales y numerosos premios como innovador en el campo de la luz.<\/p><p>En julio de 2020, el creador Arturo \u00c1lvarez puso fin a una etapa de su vida laboral y creativa vendiendo la empresa de l\u00e1mparas que fund\u00f3 al inicio de su carreta. En la actualidad, su trabajo se centra en la realizaci\u00f3n de esculturas, piezas \u00fanicas o limitadas, con la luz como hilo conductor. Seguir\u00e1 defendiendo los mismos valores que le dieron reconocimiento internacional: honestidad, profesionalidad y una visi\u00f3n humanista de la vida.<\/p>\t\t\t\t\t\t\t\t<\/div>\n\t\t\t\t<\/div>\n\t\t\t\t<div class=\"elementor-element elementor-element-f9a656b elementor-widget elementor-widget-text-editor\" data-id=\"f9a656b\" data-element_type=\"widget\" data-e-type=\"widget\" data-widget_type=\"text-editor.default\">\n\t\t\t\t<div class=\"elementor-widget-container\">\n\t\t\t\t\t\t\t\t\t<p>Arturo \u00c1lvarez es un reconocido artista espa\u00f1ol, cuya obra ha sido expuesta tanto a nivel nacional como internacional, desde Barcelona y Madrid, pasando por Londres y Nueva York; ha formado parte de museos, galer\u00edas y exposiciones de arte, tan importantes como DDC Gallery, Arco, Mint o Art Madrid, entre otros.<\/p>\t\t\t\t\t\t\t\t<\/div>\n\t\t\t\t<\/div>\n\t\t\t\t<\/div>\n\t\t\t\t\t<\/div>\n\t\t\t\t<\/div>\n\t\t<div class=\"elementor-element elementor-element-d1a71f4 e-flex e-con-boxed e-con e-parent\" data-id=\"d1a71f4\" data-element_type=\"container\" data-e-type=\"container\">\n\t\t\t\t\t<div class=\"e-con-inner\">\n\t\t<div class=\"elementor-element elementor-element-9c8753d e-con-full e-flex e-con e-child\" data-id=\"9c8753d\" data-element_type=\"container\" data-e-type=\"container\">\n\t\t\t\t<div class=\"elementor-element elementor-element-c4657c6 elementor-widget elementor-widget-heading\" data-id=\"c4657c6\" data-element_type=\"widget\" data-e-type=\"widget\" data-widget_type=\"heading.default\">\n\t\t\t\t<div class=\"elementor-widget-container\">\n\t\t\t\t\t<h2 class=\"elementor-heading-title elementor-size-default\">Exposiciones<\/h2>\t\t\t\t<\/div>\n\t\t\t\t<\/div>\n\t\t\t\t<\/div>\n\t\t\t\t\t<\/div>\n\t\t\t\t<\/div>\n\t\t<div class=\"elementor-element elementor-element-f4f14a2 e-flex e-con-boxed e-con e-parent\" data-id=\"f4f14a2\" data-element_type=\"container\" data-e-type=\"container\">\n\t\t\t\t\t<div class=\"e-con-inner\">\n\t\t<div class=\"elementor-element elementor-element-e69c941 e-con-full e-flex e-con e-child\" data-id=\"e69c941\" data-element_type=\"container\" data-e-type=\"container\">\n\t\t\t\t<div class=\"elementor-element elementor-element-93f60fe elementor-icon-list--layout-traditional elementor-list-item-link-full_width elementor-widget elementor-widget-icon-list\" data-id=\"93f60fe\" data-element_type=\"widget\" data-e-type=\"widget\" data-widget_type=\"icon-list.default\">\n\t\t\t\t<div class=\"elementor-widget-container\">\n\t\t\t\t\t\t\t<ul class=\"elementor-icon-list-items\">\n\t\t\t\t\t\t\t<li class=\"elementor-icon-list-item\">\n\t\t\t\t\t\t\t\t\t\t<span class=\"elementor-icon-list-text\">Instalaci\u00f3n en Casa RIA. Concurso de Arquitectura para Finsa. Santiago de Compostela. 2025<\/span>\n\t\t\t\t\t\t\t\t\t<\/li>\n\t\t\t\t\t\t\t\t<li class=\"elementor-icon-list-item\">\n\t\t\t\t\t\t\t\t\t\t<span class=\"elementor-icon-list-text\">Humanidade. NH Collection Santiago. Galer\u00eda Luisa Pita. 2025<\/span>\n\t\t\t\t\t\t\t\t\t<\/li>\n\t\t\t\t\t\t\t\t<li class=\"elementor-icon-list-item\">\n\t\t\t\t\t\t\t\t\t\t<span class=\"elementor-icon-list-text\">A arquitectura \u00e9 luz e viceversa. Mostra de Arquitectura Rural en Cobertos. Vedra. 2025<\/span>\n\t\t\t\t\t\t\t\t\t<\/li>\n\t\t\t\t\t\t\t\t<li class=\"elementor-icon-list-item\">\n\t\t\t\t\t\t\t\t\t\t<span class=\"elementor-icon-list-text\">Arturo, light and shadow. Taiwan Contemporary Culture Experimental Site. Osti Lighting. 2025<\/span>\n\t\t\t\t\t\t\t\t\t<\/li>\n\t\t\t\t\t\t\t\t<li class=\"elementor-icon-list-item\">\n\t\t\t\t\t\t\t\t\t\t<span class=\"elementor-icon-list-text\">Underlight by Finsa X Arturo \u00c1lvarez. Fuori Salone. Brera Design Week. Mil\u00e1n. 2025<\/span>\n\t\t\t\t\t\t\t\t\t<\/li>\n\t\t\t\t\t\t\t\t<li class=\"elementor-icon-list-item\">\n\t\t\t\t\t\t\t\t\t\t<span class=\"elementor-icon-list-text\">What's New? In Decor, espacio dise\u00f1ado por Elizabeth Leriche. M&amp;O. Par\u00eds. 2025<\/span>\n\t\t\t\t\t\t\t\t\t<\/li>\n\t\t\t\t\t\t\t\t<li class=\"elementor-icon-list-item\">\n\t\t\t\t\t\t\t\t\t\t<span class=\"elementor-icon-list-text\">Arturo, light and shadow. River City Gallery. Osti Lighting. 2024<\/span>\n\t\t\t\t\t\t\t\t\t<\/li>\n\t\t\t\t\t\t\t\t<li class=\"elementor-icon-list-item\">\n\t\t\t\t\t\t\t\t\t\t<span class=\"elementor-icon-list-text\">Art Madrid. Galer\u00eda Luisa Pita, Madrid. 2021<\/span>\n\t\t\t\t\t\t\t\t\t<\/li>\n\t\t\t\t\t\t\t\t<li class=\"elementor-icon-list-item\">\n\t\t\t\t\t\t\t\t\t\t<span class=\"elementor-icon-list-text\">Art UP! Lille. Galer\u00eda Luisa Pita. 2021<\/span>\n\t\t\t\t\t\t\t\t\t<\/li>\n\t\t\t\t\t\t\t\t<li class=\"elementor-icon-list-item\">\n\t\t\t\t\t\t\t\t\t\t<span class=\"elementor-icon-list-text\">CGAC. Centro Galego de Arte Contempor\u00e1neo. FSWD, Identidade e Territorio. Comisarida por Uqui Permuy, \u00c1ngel Mart\u00ednez, Gloria Escribano y Juan L\u00e1zaro. 2021<\/span>\n\t\t\t\t\t\t\t\t\t<\/li>\n\t\t\t\t\t\t\t\t<li class=\"elementor-icon-list-item\">\n\t\t\t\t\t\t\t\t\t\t<span class=\"elementor-icon-list-text\">Formas do dese\u00f1o. Galicia XXI. Auditorio de Galicia, Santiago de Compostela. Fundaci\u00f3n DIDAC. 2019.<\/span>\n\t\t\t\t\t\t\t\t\t<\/li>\n\t\t\t\t\t\t\t\t<li class=\"elementor-icon-list-item\">\n\t\t\t\t\t\t\t\t\t\t<span class=\"elementor-icon-list-text\">Alvorecer das Conversas. Galer\u00eda Nave Curadoira, Lisboa. 2019.<\/span>\n\t\t\t\t\t\t\t\t\t<\/li>\n\t\t\t\t\t\t\t\t<li class=\"elementor-icon-list-item\">\n\t\t\t\t\t\t\t\t\t\t<span class=\"elementor-icon-list-text\">Instalaci\u00f3n especial con Leria. Euroluce. Mil\u00e1n. 2019<\/span>\n\t\t\t\t\t\t\t\t\t<\/li>\n\t\t\t\t\t\t\t\t<li class=\"elementor-icon-list-item\">\n\t\t\t\t\t\t\t\t\t\t<span class=\"elementor-icon-list-text\">Spanish Masters exhibition (Salvador Dal\u00ed, Antoni Gaud\u00ed &amp; Arturo \u00c1lvarez). Galer\u00eda DDC. Nueva York. 2018<\/span>\n\t\t\t\t\t\t\t\t\t<\/li>\n\t\t\t\t\t\t\t\t<li class=\"elementor-icon-list-item\">\n\t\t\t\t\t\t\t\t\t\t<span class=\"elementor-icon-list-text\">Mint luminates. Mint shop gallery. Brompton Design District. London Design Festival. 2018<\/span>\n\t\t\t\t\t\t\t\t\t<\/li>\n\t\t\t\t\t\t<\/ul>\n\t\t\t\t\t\t<\/div>\n\t\t\t\t<\/div>\n\t\t\t\t<\/div>\n\t\t<div class=\"elementor-element elementor-element-74dfd8c e-con-full e-flex e-con e-child\" data-id=\"74dfd8c\" data-element_type=\"container\" data-e-type=\"container\">\n\t\t\t\t<div class=\"elementor-element elementor-element-7129e91 elementor-icon-list--layout-traditional elementor-list-item-link-full_width elementor-widget elementor-widget-icon-list\" data-id=\"7129e91\" data-element_type=\"widget\" data-e-type=\"widget\" data-widget_type=\"icon-list.default\">\n\t\t\t\t<div class=\"elementor-widget-container\">\n\t\t\t\t\t\t\t<ul class=\"elementor-icon-list-items\">\n\t\t\t\t\t\t\t<li class=\"elementor-icon-list-item\">\n\t\t\t\t\t\t\t\t\t\t<span class=\"elementor-icon-list-text\">Art Madrid\u00b418. Centro Cibeles. Madrid. Galer\u00eda Luisa Pita. 2018<\/span>\n\t\t\t\t\t\t\t\t\t<\/li>\n\t\t\t\t\t\t\t\t<li class=\"elementor-icon-list-item\">\n\t\t\t\t\t\t\t\t\t\t<span class=\"elementor-icon-list-text\">Light and solstice. Instalaci\u00f3n ef\u00edmera en \u201cAreal de Berres\u201d. Vedra. 2018<\/span>\n\t\t\t\t\t\t\t\t\t<\/li>\n\t\t\t\t\t\t\t\t<li class=\"elementor-icon-list-item\">\n\t\t\t\t\t\t\t\t\t\t<span class=\"elementor-icon-list-text\">Exposici\u00f3n en Art Madrid \u201918 con la Galer\u00eda Luisa Pita. Centro Cibeles. Madrid. 2018<\/span>\n\t\t\t\t\t\t\t\t\t<\/li>\n\t\t\t\t\t\t\t\t<li class=\"elementor-icon-list-item\">\n\t\t\t\t\t\t\t\t\t\t<span class=\"elementor-icon-list-text\">Artwork series. Galer\u00eda ICFF. ICFF. New York. 2017<\/span>\n\t\t\t\t\t\t\t\t\t<\/li>\n\t\t\t\t\t\t\t\t<li class=\"elementor-icon-list-item\">\n\t\t\t\t\t\t\t\t\t\t<span class=\"elementor-icon-list-text\">Soidades das falas. Galer\u00eda Luisa Pita. Santiago de Compostela. 2017<\/span>\n\t\t\t\t\t\t\t\t\t<\/li>\n\t\t\t\t\t\t\t\t<li class=\"elementor-icon-list-item\">\n\t\t\t\t\t\t\t\t\t\t<span class=\"elementor-icon-list-text\">Mint luminates. Mint shop gallery. Brompton Design District. London Design Festival. 2017<\/span>\n\t\t\t\t\t\t\t\t\t<\/li>\n\t\t\t\t\t\t\t\t<li class=\"elementor-icon-list-item\">\n\t\t\t\t\t\t\t\t\t\t<span class=\"elementor-icon-list-text\">12 miradas de Arturo \u00c1lvarez. Galer\u00eda Vilaseco. A Coru\u00f1a. Spain. 2016<\/span>\n\t\t\t\t\t\t\t\t\t<\/li>\n\t\t\t\t\t\t\t\t<li class=\"elementor-icon-list-item\">\n\t\t\t\t\t\t\t\t\t\t<span class=\"elementor-icon-list-text\">Arts &amp; Crafts, Design and Sustainability in Galicia s.XXI. EspacioTorrente Ballester. Ferrol. 2016<\/span>\n\t\t\t\t\t\t\t\t\t<\/li>\n\t\t\t\t\t\t\t\t<li class=\"elementor-icon-list-item\">\n\t\t\t\t\t\t\t\t\t\t<span class=\"elementor-icon-list-text\">Instalaci\u00f3n en Arco con Dardo Magazine. Madrid 2015<\/span>\n\t\t\t\t\t\t\t\t\t<\/li>\n\t\t\t\t\t\t\t\t<li class=\"elementor-icon-list-item\">\n\t\t\t\t\t\t\t\t\t\t<span class=\"elementor-icon-list-text\">Contradici\u00f3ns. Galer\u00eda Adhoc. Vigo. 2015<\/span>\n\t\t\t\t\t\t\t\t\t<\/li>\n\t\t\t\t\t\t\t\t<li class=\"elementor-icon-list-item\">\n\t\t\t\t\t\t\t\t\t\t<span class=\"elementor-icon-list-text\">Exposici\u00f3n Et facta est lux. Museo Gas Natural Fenosa. A Coru\u00f1a. 2014<\/span>\n\t\t\t\t\t\t\t\t\t<\/li>\n\t\t\t\t\t\t\t\t<li class=\"elementor-icon-list-item\">\n\t\t\t\t\t\t\t\t\t\t<span class=\"elementor-icon-list-text\">Instalaci\u00f3n permanente en la cafeter\u00eda  Ferradura. Santiago de Compostela. 2013<\/span>\n\t\t\t\t\t\t\t\t\t<\/li>\n\t\t\t\t\t\t\t\t<li class=\"elementor-icon-list-item\">\n\t\t\t\t\t\t\t\t\t\t<span class=\"elementor-icon-list-text\">Instalaci\u00f3n ef\u00edmera en \u201cHostal dos Reis Cat\u00f3licos\u201d. Santiago de Compostela. 2013<\/span>\n\t\t\t\t\t\t\t\t\t<\/li>\n\t\t\t\t\t\t\t\t<li class=\"elementor-icon-list-item\">\n\t\t\t\t\t\t\t\t\t\t<span class=\"elementor-icon-list-text\">Eros. Estaci\u00f3n de autob\u00fas. Santiago de Compostela. 2013<\/span>\n\t\t\t\t\t\t\t\t\t<\/li>\n\t\t\t\t\t\t\t\t<li class=\"elementor-icon-list-item\">\n\t\t\t\t\t\t\t\t\t\t<span class=\"elementor-icon-list-text\">The volume of light. Factor\u00eda Compostela. Santiago de Compostela. 2011<\/span>\n\t\t\t\t\t\t\t\t\t<\/li>\n\t\t\t\t\t\t\t\t<li class=\"elementor-icon-list-item\">\n\t\t\t\t\t\t\t\t\t\t<span class=\"elementor-icon-list-text\">Concepts and designs for a new century. Museo de las Artes Decorativas de Barcelona. 2007<\/span>\n\t\t\t\t\t\t\t\t\t<\/li>\n\t\t\t\t\t\t<\/ul>\n\t\t\t\t\t\t<\/div>\n\t\t\t\t<\/div>\n\t\t\t\t<\/div>\n\t\t\t\t\t<\/div>\n\t\t\t\t<\/div>\n\t\t\t\t<\/div>\n\t\t","protected":false},"excerpt":{"rendered":"<p>Acerca de Arturo Alvarez es dise\u00f1ador, artesano y artista. Le gusta definirse como creador, concepto que sintetiza todo lo anterior y con el que se siente m\u00e1s c\u00f3modo y reconocido. Autodidacta, rebelde, siempre curioso, no le gusta imponerse l\u00edmites. Hay tres momentos decisivos en su carrera. Durante los primeros a\u00f1os, explor\u00f3 y trabaj\u00f3 con conceptos [&hellip;]<\/p>\n","protected":false},"author":1,"featured_media":0,"parent":0,"menu_order":0,"comment_status":"closed","ping_status":"closed","template":"elementor_header_footer","meta":{"footnotes":""},"class_list":["post-27","page","type-page","status-publish","hentry"],"_links":{"self":[{"href":"https:\/\/arturoalvarez.art\/es\/wp-json\/wp\/v2\/pages\/27","targetHints":{"allow":["GET"]}}],"collection":[{"href":"https:\/\/arturoalvarez.art\/es\/wp-json\/wp\/v2\/pages"}],"about":[{"href":"https:\/\/arturoalvarez.art\/es\/wp-json\/wp\/v2\/types\/page"}],"author":[{"embeddable":true,"href":"https:\/\/arturoalvarez.art\/es\/wp-json\/wp\/v2\/users\/1"}],"replies":[{"embeddable":true,"href":"https:\/\/arturoalvarez.art\/es\/wp-json\/wp\/v2\/comments?post=27"}],"version-history":[{"count":82,"href":"https:\/\/arturoalvarez.art\/es\/wp-json\/wp\/v2\/pages\/27\/revisions"}],"predecessor-version":[{"id":6249,"href":"https:\/\/arturoalvarez.art\/es\/wp-json\/wp\/v2\/pages\/27\/revisions\/6249"}],"wp:attachment":[{"href":"https:\/\/arturoalvarez.art\/es\/wp-json\/wp\/v2\/media?parent=27"}],"curies":[{"name":"wp","href":"https:\/\/api.w.org\/{rel}","templated":true}]}}