{"id":2710,"date":"2024-05-22T09:30:16","date_gmt":"2024-05-22T07:30:16","guid":{"rendered":"https:\/\/arturoalvarez.art\/?page_id=2710"},"modified":"2024-11-11T09:21:35","modified_gmt":"2024-11-11T08:21:35","slug":"politica-de-cookies","status":"publish","type":"page","link":"https:\/\/arturoalvarez.art\/es\/politica-de-cookies\/","title":{"rendered":"Pol\u00edtica de cookies"},"content":{"rendered":"\t\t<div data-elementor-type=\"wp-page\" data-elementor-id=\"2710\" class=\"elementor elementor-2710\" data-elementor-post-type=\"page\">\n\t\t\t\t<div class=\"elementor-element elementor-element-6c820d7 e-flex e-con-boxed e-con e-parent\" data-id=\"6c820d7\" data-element_type=\"container\" data-e-type=\"container\">\n\t\t\t\t\t<div class=\"e-con-inner\">\n\t\t\t\t<div class=\"elementor-element elementor-element-6af69a8 elementor-widget elementor-widget-heading\" data-id=\"6af69a8\" data-element_type=\"widget\" data-e-type=\"widget\" data-widget_type=\"heading.default\">\n\t\t\t\t<div class=\"elementor-widget-container\">\n\t\t\t\t\t<h2 class=\"elementor-heading-title elementor-size-default\">Pol\u00edtica de cookies<\/h2>\t\t\t\t<\/div>\n\t\t\t\t<\/div>\n\t\t\t\t<div class=\"elementor-element elementor-element-94cac72 animated-slow elementor-widget-divider--view-line elementor-invisible elementor-widget elementor-widget-divider\" data-id=\"94cac72\" data-element_type=\"widget\" data-e-type=\"widget\" data-settings=\"{&quot;_animation&quot;:&quot;fadeInRight&quot;,&quot;_animation_delay&quot;:200}\" data-widget_type=\"divider.default\">\n\t\t\t\t<div class=\"elementor-widget-container\">\n\t\t\t\t\t\t\t<div class=\"elementor-divider\">\n\t\t\t<span class=\"elementor-divider-separator\">\n\t\t\t\t\t\t<\/span>\n\t\t<\/div>\n\t\t\t\t\t\t<\/div>\n\t\t\t\t<\/div>\n\t\t\t\t\t<\/div>\n\t\t\t\t<\/div>\n\t\t<div class=\"elementor-element elementor-element-e61fb4e e-flex e-con-boxed e-con e-parent\" data-id=\"e61fb4e\" data-element_type=\"container\" data-e-type=\"container\">\n\t\t\t\t\t<div class=\"e-con-inner\">\n\t\t<div class=\"elementor-element elementor-element-da44fe7 e-con-full e-flex e-con e-child\" data-id=\"da44fe7\" data-element_type=\"container\" data-e-type=\"container\">\n\t\t\t\t<div class=\"elementor-element elementor-element-b80a967 elementor-widget elementor-widget-text-editor\" data-id=\"b80a967\" data-element_type=\"widget\" data-e-type=\"widget\" data-widget_type=\"text-editor.default\">\n\t\t\t\t<div class=\"elementor-widget-container\">\n\t\t\t\t\t\t\t\t\t<p><span style=\"font-weight: 400;\">Una cookie es un fichero que se descarga en su ordenador al acceder a determinadas p\u00e1ginas web. Las cookies permiten a las p\u00e1ginas web, entre otras cosas, almacenar y recuperar informaci\u00f3n sobre los h\u00e1bitos de navegaci\u00f3n de un usuario o de su equipo y, dependiendo de la informaci\u00f3n que contengan y de la forma en que utilice su equipo, pueden utilizarse para reconocer al usuario.<\/span><\/p><p><strong>\u00bfQu\u00e9 tipo de cookies existen?\u00a0<\/strong><\/p><p><i><span style=\"font-weight: 400;\">SEG\u00daN LA ENTIDAD QUE LA GESTIONA:<\/span><\/i><\/p><ul><li style=\"font-weight: 400;\" aria-level=\"1\"><span style=\"font-weight: 400;\">Cookies propias (T\u00e9cnicas\/funcionales)<\/span><\/li><\/ul><p><span style=\"font-weight: 400;\">Son aquellas que se env\u00edan a su equipo desde nuestros propios equipos o dominios y desde el que prestamos el servicio que nos solicita.<\/span><\/p><p><span style=\"font-weight: 400;\">La legitimaci\u00f3n para el uso de las cookies estrictamente t\u00e9cnicas\/funcionales, viene dada porque el tratamiento es necesario para el cumplimiento de una obligaci\u00f3n legal conforme a la Ley 34\/2002 Ley de Servicios de la Informaci\u00f3n y de Comercio Electr\u00f3nico.<\/span><\/p><ul><li style=\"font-weight: 400;\" aria-level=\"1\"><span style=\"font-weight: 400;\">Cookies de terceros<\/span><\/li><\/ul><p><span style=\"font-weight: 400;\">Son aquellas que se env\u00edan a su equipo desde un equipo o dominio que no es gestionado por nosotros, sino por otra entidad colaboradora. Como, por ejemplo, las usadas por redes sociales, o por contenido externo como puede ser Google Maps, entre otros.<\/span><\/p><p><span style=\"font-weight: 400;\">La legitimaci\u00f3n para el uso de las cookies con fines anal\u00edticos de optimizaci\u00f3n de personalizaci\u00f3n de publicidad comportamental y valoraci\u00f3n, as\u00ed como todas las existentes que\u00a0<\/span><\/p><p><span style=\"font-weight: 400;\">se consideren de terceros, est\u00e1 basada en el consentimiento que se solicita, conforme al Art\u00edculo 6.1.a) del Reglamento (UE) 2017\/679.<\/span><\/p><p><i><span style=\"font-weight: 400;\">SEG\u00daN EL PLAZO DE TIEMPO QUE PERMANECEN ACTIVAS (TIPO):<\/span><\/i><\/p><ul><li style=\"font-weight: 400;\" aria-level=\"1\"><span style=\"font-weight: 400;\">Cookies de sesi\u00f3n<\/span><\/li><\/ul><p><span style=\"font-weight: 400;\">Son cookies temporales que permanecen en el archivo de cookies de su navegador hasta que abandona la p\u00e1gina web, por lo que ninguna queda registrada en el disco duro de su ordenador. La informaci\u00f3n obtenida por medio de estas cookies, sirven para analizar pautas de tr\u00e1fico en la web. A la larga, esto nos permite proporcionar una mejor experiencia para mejorar el contenido y facilitar su uso.<\/span><\/p><ul><li style=\"font-weight: 400;\" aria-level=\"1\"><span style=\"font-weight: 400;\">Cookies persistentes<\/span><\/li><\/ul><p><span style=\"font-weight: 400;\">Son almacenadas en el disco duro y nuestra web las lee cada vez que realiza una nueva visita. Una web permanente posee una fecha de expiraci\u00f3n determinada. La cookie dejar\u00e1 de funcionar despu\u00e9s de esa fecha. Estas cookies las utilizamos, generalmente, para facilitar los servicios de compra y registro.<\/span><\/p><p><span style=\"font-weight: 400;\">Las cookies usadas por nuestra web son las indicadas en el apartado espec\u00edfico de \u201cConfiguraci\u00f3n de Cookies\u201d\u00a0<\/span><\/p><p><b>C\u00f3mo denegar o revocar el consentimiento de cookies<\/b><\/p><p><span style=\"font-weight: 400;\">Las cookies pueden bloquearse o eliminarse mediante la configuraci\u00f3n del navegador. En los siguientes enlaces se detalla c\u00f3mo hacerlo en cada uno de los navegadores m\u00e1s utilizados.<\/span><\/p><ul><li style=\"font-weight: 400;\" aria-level=\"1\"><span style=\"font-weight: 400;\">C\u00f3mo administrar cookies en <\/span><a href=\"http:\/\/support.google.com\/chrome\/bin\/answer.py?hl=es&amp;answer=95647\"><span style=\"font-weight: 400;\">Google Chrome<\/span><\/a><\/li><li style=\"font-weight: 400;\" aria-level=\"1\"><span style=\"font-weight: 400;\">C\u00f3mo administrar cookies en <\/span><a href=\"http:\/\/windows.microsoft.com\/es-xl\/internet-explorer\/delete-manage-cookies#ie=ie-10\"><span style=\"font-weight: 400;\">Microsoft Internet Explorer<\/span><\/a><\/li><li style=\"font-weight: 400;\" aria-level=\"1\"><span style=\"font-weight: 400;\">C\u00f3mo administrar cookies en <\/span><a href=\"https:\/\/support.microsoft.com\/es-es\/help\/4027947\/microsoft-edge-delete-cookies\"><span style=\"font-weight: 400;\">Microsoft Edge<\/span><\/a><\/li><li style=\"font-weight: 400;\" aria-level=\"1\"><span style=\"font-weight: 400;\">C\u00f3mo administrar cookies en <\/span><a href=\"http:\/\/support.mozilla.org\/es\/kb\/Habilitar%20y%20deshabilitar%20cookies?s=cookie&amp;r=1&amp;e=es&amp;as=s7\"><span style=\"font-weight: 400;\">Mozilla FireFox<\/span><\/a><\/li><li style=\"font-weight: 400;\" aria-level=\"1\"><span style=\"font-weight: 400;\">C\u00f3mo administrar cookies en <\/span><a href=\"http:\/\/safari.helpmax.net\/es\/privacidad-y-seguridad\/como-gestionar-las-cookies\/\"><span style=\"font-weight: 400;\">Apple Safari<\/span><\/a><\/li><\/ul>\t\t\t\t\t\t\t\t<\/div>\n\t\t\t\t<\/div>\n\t\t\t\t<div class=\"elementor-element elementor-element-30fdae4 elementor-widget elementor-widget-text-editor\" data-id=\"30fdae4\" data-element_type=\"widget\" data-e-type=\"widget\" data-widget_type=\"text-editor.default\">\n\t\t\t\t<div class=\"elementor-widget-container\">\n\t\t\t\t\t\t\t\t\t<p><strong>Listado de cookies usadas en arturoalvarez.art<\/strong><\/p>\t\t\t\t\t\t\t\t<\/div>\n\t\t\t\t<\/div>\n\t\t\t\t<div class=\"elementor-element elementor-element-1d3dd6b elementor-widget elementor-widget-text-editor\" data-id=\"1d3dd6b\" data-element_type=\"widget\" data-e-type=\"widget\" data-widget_type=\"text-editor.default\">\n\t\t\t\t<div class=\"elementor-widget-container\">\n\t\t\t\t\t\t\t\t\t<p><strong>COOKIES NECESARIAS O T\u00c9CNICAS<\/strong>: Son aquellas cookies imprescindibles para prestar el servicio solicitado, recordar las preferencias de configuraci\u00f3n, as\u00ed como para fines de seguridad y prevenci\u00f3n de fraude. La p\u00e1gina web no puede funcionar adecuadamente sin estas cookies.<\/p><p><strong>Cookie<\/strong>: elementor<br \/><strong>Duraci\u00f3n<\/strong>: Nunca caduca<br \/><strong>Descripci\u00f3n<\/strong>: El tema de WordPress del sitio web establece esta cookie. Permite al propietario del sitio web implementar o cambiar el contenido del sitio web en tiempo real.<\/p><p><strong>Cookie<\/strong>: cookieyes-consent<br \/><strong>Duraci\u00f3n<\/strong>: 365 d\u00edas<br \/><strong>Descripci\u00f3n<\/strong>: CookieYes establece esta cookie para recordar las preferencias de consentimiento de los usuarios, de modo que sus preferencias sean respetadas en visitas posteriores a este sitio. No recopila ni almacena informaci\u00f3n personal sobre los visitantes del sitio.<\/p><p><strong>COOKIES FUNCIONALES<\/strong>: Las cookies funcionales se utilizan, por ejemplo, para habilitar determinadas caracter\u00edsticas del sitio web, como reproducir un v\u00eddeo o integrar un servicio de mapas. Estas cookies recogen informaci\u00f3n an\u00f3nima y no pueden realizar un seguimiento de sus movimientos en otros sitios web.<\/p><p><strong>Cookie: <\/strong>_icl_visitor_lang_js<br \/><strong>Duraci\u00f3n: <\/strong>1 d\u00eda<br \/><strong>Descripci\u00f3n: <\/strong>Se usa para recordar el idioma que ha seleccionado el usuario y mostrarle los contenidos en ese mismo idioma a lo largo de su navegaci\u00f3n.<\/p><p><strong>Cookie: <\/strong>wp-wpml_current_language<br \/><strong>Duraci\u00f3n: <\/strong>1 d\u00eda<br \/><strong>Descripci\u00f3n: <\/strong>Se usa para recordar el idioma que ha seleccionado el usuario y mostrarle los contenidos en ese mismo idioma a lo largo de su navegaci\u00f3n..<\/p><p><strong>Cookie: <\/strong>wpml_browser_redirect_test<br \/><strong>Duraci\u00f3n: <\/strong>1 d\u00eda<br \/><strong>Descripci\u00f3n: <\/strong>Se usa para recordar el idioma que ha seleccionado el usuario y mostrarle los contenidos en ese mismo idioma a lo largo de su navegaci\u00f3n.<\/p>\t\t\t\t\t\t\t\t<\/div>\n\t\t\t\t<\/div>\n\t\t\t\t<\/div>\n\t\t\t\t\t<\/div>\n\t\t\t\t<\/div>\n\t\t\t\t<\/div>\n\t\t","protected":false},"excerpt":{"rendered":"<p>Pol\u00edtica de cookies Una cookie es un fichero que se descarga en su ordenador al acceder a determinadas p\u00e1ginas web. Las cookies permiten a las p\u00e1ginas web, entre otras cosas, almacenar y recuperar informaci\u00f3n sobre los h\u00e1bitos de navegaci\u00f3n de un usuario o de su equipo y, dependiendo de la informaci\u00f3n que contengan y de [&hellip;]<\/p>\n","protected":false},"author":1,"featured_media":0,"parent":0,"menu_order":0,"comment_status":"closed","ping_status":"closed","template":"elementor_header_footer","meta":{"footnotes":""},"class_list":["post-2710","page","type-page","status-publish","hentry"],"_links":{"self":[{"href":"https:\/\/arturoalvarez.art\/es\/wp-json\/wp\/v2\/pages\/2710","targetHints":{"allow":["GET"]}}],"collection":[{"href":"https:\/\/arturoalvarez.art\/es\/wp-json\/wp\/v2\/pages"}],"about":[{"href":"https:\/\/arturoalvarez.art\/es\/wp-json\/wp\/v2\/types\/page"}],"author":[{"embeddable":true,"href":"https:\/\/arturoalvarez.art\/es\/wp-json\/wp\/v2\/users\/1"}],"replies":[{"embeddable":true,"href":"https:\/\/arturoalvarez.art\/es\/wp-json\/wp\/v2\/comments?post=2710"}],"version-history":[{"count":10,"href":"https:\/\/arturoalvarez.art\/es\/wp-json\/wp\/v2\/pages\/2710\/revisions"}],"predecessor-version":[{"id":5194,"href":"https:\/\/arturoalvarez.art\/es\/wp-json\/wp\/v2\/pages\/2710\/revisions\/5194"}],"wp:attachment":[{"href":"https:\/\/arturoalvarez.art\/es\/wp-json\/wp\/v2\/media?parent=2710"}],"curies":[{"name":"wp","href":"https:\/\/api.w.org\/{rel}","templated":true}]}}