{"id":3,"date":"2024-03-26T17:07:45","date_gmt":"2024-03-26T16:07:45","guid":{"rendered":"https:\/\/arturoalvarez.art\/?page_id=3"},"modified":"2024-05-21T18:50:40","modified_gmt":"2024-05-21T16:50:40","slug":"aviso-legal","status":"publish","type":"page","link":"https:\/\/arturoalvarez.art\/es\/aviso-legal\/","title":{"rendered":"Aviso legal"},"content":{"rendered":"\t\t<div data-elementor-type=\"wp-page\" data-elementor-id=\"3\" class=\"elementor elementor-3\" data-elementor-post-type=\"page\">\n\t\t\t\t<div class=\"elementor-element elementor-element-ec5cbc7 e-flex e-con-boxed e-con e-parent\" data-id=\"ec5cbc7\" data-element_type=\"container\" data-e-type=\"container\">\n\t\t\t\t\t<div class=\"e-con-inner\">\n\t\t\t\t<div class=\"elementor-element elementor-element-b910b73 elementor-widget elementor-widget-heading\" data-id=\"b910b73\" data-element_type=\"widget\" data-e-type=\"widget\" data-widget_type=\"heading.default\">\n\t\t\t\t<div class=\"elementor-widget-container\">\n\t\t\t\t\t<h2 class=\"elementor-heading-title elementor-size-default\">Aviso legal<\/h2>\t\t\t\t<\/div>\n\t\t\t\t<\/div>\n\t\t\t\t<div class=\"elementor-element elementor-element-8a630fb animated-slow elementor-widget-divider--view-line elementor-invisible elementor-widget elementor-widget-divider\" data-id=\"8a630fb\" data-element_type=\"widget\" data-e-type=\"widget\" data-settings=\"{&quot;_animation&quot;:&quot;fadeInRight&quot;,&quot;_animation_delay&quot;:200}\" data-widget_type=\"divider.default\">\n\t\t\t\t<div class=\"elementor-widget-container\">\n\t\t\t\t\t\t\t<div class=\"elementor-divider\">\n\t\t\t<span class=\"elementor-divider-separator\">\n\t\t\t\t\t\t<\/span>\n\t\t<\/div>\n\t\t\t\t\t\t<\/div>\n\t\t\t\t<\/div>\n\t\t\t\t\t<\/div>\n\t\t\t\t<\/div>\n\t\t<div class=\"elementor-element elementor-element-241216a e-flex e-con-boxed e-con e-parent\" data-id=\"241216a\" data-element_type=\"container\" data-e-type=\"container\">\n\t\t\t\t\t<div class=\"e-con-inner\">\n\t\t<div class=\"elementor-element elementor-element-6758717 e-con-full e-flex e-con e-child\" data-id=\"6758717\" data-element_type=\"container\" data-e-type=\"container\">\n\t\t\t\t<div class=\"elementor-element elementor-element-fc9aeb9 elementor-widget elementor-widget-text-editor\" data-id=\"fc9aeb9\" data-element_type=\"widget\" data-e-type=\"widget\" data-widget_type=\"text-editor.default\">\n\t\t\t\t<div class=\"elementor-widget-container\">\n\t\t\t\t\t\t\t\t\t<p>Este aviso legal incluye las condiciones generales que regulan el acceso y uso del sitio web www.arturoalvarez.art Arturo \u00c1lvarez es el titular de los derechos y obligaciones de este sitio web. Antes de proceder a utilizar el servicio de Arturo \u00c1lvarez es absolutamente imprescindible haber le\u00eddo atentamente las condiciones de uso y las notas legales publicadas en la web. El hecho de utilizar nuestros servicios significa que ha le\u00eddo, comprendido, acepta y cumplir\u00e1 con todos los requisitos y condiciones de uso. El usuario deber\u00e1 leer atentamente las presentes condiciones de uso cada vez que se proponga utilizar este sitio web, ya que pueden sufrir modificaciones. Si no est\u00e1 de acuerdo con los t\u00e9rminos y condiciones de uso aqu\u00ed descritos, el usuario deber\u00e1 abstenerse de utilizar este sitio web.<\/p><p><strong>Datos de identificaci\u00f3n<\/strong><\/p><p>En cumplimiento de lo dispuesto en el art\u00edculo 10 de la LSSI: Ley 34\/2002, de 11 de julio, de Servicios de la Sociedad de la Informaci\u00f3n y de Comercio Electr\u00f3nico, se informa tanto a los usuarios como a los organismos competentes que este sitio web y sus ficheros son propiedad de Arturo \u00c1lvarez y su domicilio social es San Miguel de Sarand\u00f3n, 9, 15885 Vedra, A Coru\u00f1a. Puedes contactar con nosotros directa y eficazmente por correo postal en San Miguel de Sarand\u00f3n, 9, 15885 Vedra, A Coru\u00f1a, o por correo electr\u00f3nico: art@arturoalvarez.art<\/p><p><strong>Condiciones de uso de esta p\u00e1gina web<\/strong><\/p><p>El acceso y utilizaci\u00f3n del sitio web implica la expresa y plena aceptaci\u00f3n de las presentes condiciones generales en la versi\u00f3n publicada en el momento en que el usuario acceda al mismo, sin perjuicio de las condiciones particulares que puedan aplicarse a algunos de los servicios espec\u00edficos del sitio web. El usuario acepta que el acceso a este sitio web y a los contenidos incluidos en el mismo se realiza de forma libre y consciente, bajo su exclusiva responsabilidad. Los usuarios acceden al sitio web de forma libre y gratuita, si bien Arturo \u00c1lvarez se reserva el derecho de limitar su acceso a determinados contenidos o servicios, requiriendo el registro de sus datos con car\u00e1cter previo al acceso.<\/p><p>Arturo \u00c1lvarez se reserva el derecho de modificar en cualquier momento la presentaci\u00f3n, configuraci\u00f3n y ubicaci\u00f3n del sitio web, as\u00ed como los contenidos, servicios y las condiciones requeridas para su uso cuando lo considere oportuno o con el fin de adaptarse a cambios legislativos y futuras tecnolog\u00edas. . Estas modificaciones ser\u00e1n v\u00e1lidas desde su publicaci\u00f3n en el sitio web. Arturo \u00c1lvarez se reserva el derecho de interrumpir el acceso a este sitio web en cualquier momento y sin previo aviso, ya sea por motivos t\u00e9cnicos, de seguridad, de control, de mantenimiento, por fallo el\u00e9ctrico, o por cualquier otro motivo. Dicha interrupci\u00f3n podr\u00e1 ser temporal o permanente, en cuyo caso tal circunstancia ser\u00e1 comunicada a los usuarios, quienes podr\u00e1n sufrir la p\u00e9rdida, en su caso, de la informaci\u00f3n almacenada en los diferentes servicios, sin dar lugar a indemnizaci\u00f3n alguna.<\/p><p><strong>Pol\u00edtica de Privacidad y Protecci\u00f3n de Datos<\/strong><\/p><p>En Arturo \u00c1lvarez se adoptan las medidas necesarias para garantizar la m\u00e1xima seguridad y confidencialidad en el tratamiento de los datos personales, de acuerdo con la Ley Org\u00e1nica 15\/1999, de 13 de diciembre, de Protecci\u00f3n de Datos de Car\u00e1cter Personal y el R.D. 1720\/2007, de 21 de diciembre, por el que se aprueba el Reglamento de desarrollo de dicha Ley Org\u00e1nica y dem\u00e1s normativa vigente en cada momento, y vela por el correcto uso y tratamiento de los datos personales del usuario. Para navegar por www.arturoalvarez.art no es necesario facilitar ning\u00fan dato personal. Por tanto, como usuario podr\u00e1s realizar una visita an\u00f3nima. S\u00f3lo al acceder a las descargas de determinados archivos est\u00e1 tu correo electr\u00f3nico<\/p><p>Cualquier persona tiene derecho a obtener confirmaci\u00f3n sobre si en la Entidad estamos tratando datos personales que les conciernen, o no. Las personas interesadas tienen derecho a acceder a sus datos personales, as\u00ed como a solicitar la rectificaci\u00f3n de los datos inexactos o, en su caso, solicitar su supresi\u00f3n cuando, entre otros motivos, los datos ya no sean necesarios para los fines que fueron recogidos. Si ha dado su consentimiento para una finalidad concreta, tiene derecho a retirar el consentimiento otorgado en cualquier momento, sin que ello afecte a la licitud del tratamiento basado en el consentimiento previo a su retirada. Para ello puede utilizar los formularios facilitados por la empresa, o enviar una carta a Arturo \u00c1lvarez, tambi\u00e9n puede enviar un correo electr\u00f3nico a: art@arturoalvarez.art<\/p><p><strong>Propiedad intelectual<\/strong><\/p><p>Los contenidos de este portal web (textos, im\u00e1genes, sonido, audio, v\u00eddeo, marcas o logotipos y una selecci\u00f3n de materiales utilizados) est\u00e1n protegidos por la legislaci\u00f3n espa\u00f1ola sobre derechos de propiedad intelectual e industrial a favor de Arturo \u00c1lvarez. En virtud de lo dispuesto en los art\u00edculos 8 y 32.1, p\u00e1rrafo segundo, de la Ley de Propiedad Intelectual, queda prohibida la reproducci\u00f3n, distribuci\u00f3n o comunicaci\u00f3n p\u00fablica, incluida su modalidad de puesta a disposici\u00f3n, de la totalidad o parte de los contenidos de este sitio web, con fines comerciales. , en cualquier medio y por cualquier medio t\u00e9cnico, sin la autorizaci\u00f3n de Arturo \u00c1lvarez. El usuario podr\u00e1 visualizar los elementos del portal e incluso imprimirlos, copiarlos y almacenarlos, \u00fanica y exclusivamente, para su uso personal y privado. El usuario deber\u00e1 abstenerse de suprimir, alterar, eludir o manipular<\/p>\t\t\t\t\t\t\t\t<\/div>\n\t\t\t\t<\/div>\n\t\t\t\t<\/div>\n\t\t\t\t\t<\/div>\n\t\t\t\t<\/div>\n\t\t\t\t<\/div>\n\t\t","protected":false},"excerpt":{"rendered":"<p>Aviso legal Este aviso legal incluye las condiciones generales que regulan el acceso y uso del sitio web www.arturoalvarez.art Arturo \u00c1lvarez es el titular de los derechos y obligaciones de este sitio web. Antes de proceder a utilizar el servicio de Arturo \u00c1lvarez es absolutamente imprescindible haber le\u00eddo atentamente las condiciones de uso y las [&hellip;]<\/p>\n","protected":false},"author":1,"featured_media":0,"parent":0,"menu_order":0,"comment_status":"closed","ping_status":"closed","template":"elementor_header_footer","meta":{"footnotes":""},"class_list":["post-3","page","type-page","status-publish","hentry"],"_links":{"self":[{"href":"https:\/\/arturoalvarez.art\/es\/wp-json\/wp\/v2\/pages\/3","targetHints":{"allow":["GET"]}}],"collection":[{"href":"https:\/\/arturoalvarez.art\/es\/wp-json\/wp\/v2\/pages"}],"about":[{"href":"https:\/\/arturoalvarez.art\/es\/wp-json\/wp\/v2\/types\/page"}],"author":[{"embeddable":true,"href":"https:\/\/arturoalvarez.art\/es\/wp-json\/wp\/v2\/users\/1"}],"replies":[{"embeddable":true,"href":"https:\/\/arturoalvarez.art\/es\/wp-json\/wp\/v2\/comments?post=3"}],"version-history":[{"count":5,"href":"https:\/\/arturoalvarez.art\/es\/wp-json\/wp\/v2\/pages\/3\/revisions"}],"predecessor-version":[{"id":2542,"href":"https:\/\/arturoalvarez.art\/es\/wp-json\/wp\/v2\/pages\/3\/revisions\/2542"}],"wp:attachment":[{"href":"https:\/\/arturoalvarez.art\/es\/wp-json\/wp\/v2\/media?parent=3"}],"curies":[{"name":"wp","href":"https:\/\/api.w.org\/{rel}","templated":true}]}}