{"id":4209,"date":"2024-06-05T08:54:05","date_gmt":"2024-06-05T06:54:05","guid":{"rendered":"https:\/\/arturoalvarez.art\/?page_id=4209"},"modified":"2024-07-05T12:57:32","modified_gmt":"2024-07-05T10:57:32","slug":"encontros-outdoor","status":"publish","type":"page","link":"https:\/\/arturoalvarez.art\/es\/trabajo\/ediciones-limitadas\/encontros-outdoor\/","title":{"rendered":"Encontros outdoor"},"content":{"rendered":"\t\t<div data-elementor-type=\"wp-page\" data-elementor-id=\"4209\" class=\"elementor elementor-4209\" data-elementor-post-type=\"page\">\n\t\t\t\t<div class=\"elementor-element elementor-element-4804ec8 e-flex e-con-boxed e-con e-parent\" data-id=\"4804ec8\" data-element_type=\"container\" data-e-type=\"container\" data-settings=\"{&quot;background_background&quot;:&quot;classic&quot;}\">\n\t\t\t\t\t<div class=\"e-con-inner\">\n\t\t\t\t<div class=\"elementor-element elementor-element-95e9637 animated-slow elementor-invisible elementor-widget elementor-widget-heading\" data-id=\"95e9637\" data-element_type=\"widget\" data-e-type=\"widget\" data-settings=\"{&quot;_animation&quot;:&quot;fadeIn&quot;,&quot;_animation_delay&quot;:100}\" data-widget_type=\"heading.default\">\n\t\t\t\t<div class=\"elementor-widget-container\">\n\t\t\t\t\t<h1 class=\"elementor-heading-title elementor-size-default\">Encontros outdoor<\/h1>\t\t\t\t<\/div>\n\t\t\t\t<\/div>\n\t\t\t\t\t<\/div>\n\t\t\t\t<\/div>\n\t\t<div class=\"elementor-element elementor-element-f71063e e-flex e-con-boxed e-con e-parent\" data-id=\"f71063e\" data-element_type=\"container\" data-e-type=\"container\">\n\t\t\t\t\t<div class=\"e-con-inner\">\n\t\t<div class=\"elementor-element elementor-element-76ee9c2 e-con-full e-flex e-con e-child\" data-id=\"76ee9c2\" data-element_type=\"container\" data-e-type=\"container\">\n\t\t\t\t<div class=\"elementor-element elementor-element-54b5eba elementor-icon-list--layout-traditional elementor-list-item-link-full_width elementor-widget elementor-widget-icon-list\" data-id=\"54b5eba\" data-element_type=\"widget\" data-e-type=\"widget\" data-widget_type=\"icon-list.default\">\n\t\t\t\t<div class=\"elementor-widget-container\">\n\t\t\t\t\t\t\t<ul class=\"elementor-icon-list-items\">\n\t\t\t\t\t\t\t<li class=\"elementor-icon-list-item\">\n\t\t\t\t\t\t\t\t\t\t<span class=\"elementor-icon-list-text\"><strong>Edici\u00f3n:<\/strong> 2023<\/span>\n\t\t\t\t\t\t\t\t\t<\/li>\n\t\t\t\t\t\t\t\t<li class=\"elementor-icon-list-item\">\n\t\t\t\t\t\t\t\t\t\t<span class=\"elementor-icon-list-text\"><strong>Piezas seriadas:<\/strong> 49<\/span>\n\t\t\t\t\t\t\t\t\t<\/li>\n\t\t\t\t\t\t\t\t<li class=\"elementor-icon-list-item\">\n\t\t\t\t\t\t\t\t\t\t<span class=\"elementor-icon-list-text\"><strong>T\u00e9cnica:<\/strong> Armaz\u00f3n de acero y alambre de lat\u00f3n<\/span>\n\t\t\t\t\t\t\t\t\t<\/li>\n\t\t\t\t\t\t\t\t<li class=\"elementor-icon-list-item\">\n\t\t\t\t\t\t\t\t\t\t<span class=\"elementor-icon-list-text\"><strong>Tipolog\u00eda:<\/strong> Suelo<\/span>\n\t\t\t\t\t\t\t\t\t<\/li>\n\t\t\t\t\t\t<\/ul>\n\t\t\t\t\t\t<\/div>\n\t\t\t\t<\/div>\n\t\t\t\t<\/div>\n\t\t<div class=\"elementor-element elementor-element-cd886dd e-con-full e-flex e-con e-child\" data-id=\"cd886dd\" data-element_type=\"container\" data-e-type=\"container\">\n\t\t\t\t<div class=\"elementor-element elementor-element-ceea6ea elementor-icon-list--layout-traditional elementor-list-item-link-full_width elementor-widget elementor-widget-icon-list\" data-id=\"ceea6ea\" data-element_type=\"widget\" data-e-type=\"widget\" data-widget_type=\"icon-list.default\">\n\t\t\t\t<div class=\"elementor-widget-container\">\n\t\t\t\t\t\t\t<ul class=\"elementor-icon-list-items\">\n\t\t\t\t\t\t\t<li class=\"elementor-icon-list-item\">\n\t\t\t\t\t\t\t\t\t\t<span class=\"elementor-icon-list-text\"><i>Dimensiones (Largo, ancho, alto)<\/i><br><br> <\/span>\n\t\t\t\t\t\t\t\t\t<\/li>\n\t\t\t\t\t\t\t\t<li class=\"elementor-icon-list-item\">\n\t\t\t\t\t\t\t\t\t\t<span class=\"elementor-icon-list-text\"><strong>Peque\u00f1o:<\/strong>230 x 23 x 16 cm \/ 90,55 x 9,05 x 6,29''<\/span>\n\t\t\t\t\t\t\t\t\t<\/li>\n\t\t\t\t\t\t\t\t<li class=\"elementor-icon-list-item\">\n\t\t\t\t\t\t\t\t\t\t<span class=\"elementor-icon-list-text\"><strong>Mediano:<\/strong> 270 x 23 x 16 cm \/ 106,29 x 9,05 x 6,29''<\/span>\n\t\t\t\t\t\t\t\t\t<\/li>\n\t\t\t\t\t\t\t\t<li class=\"elementor-icon-list-item\">\n\t\t\t\t\t\t\t\t\t\t<span class=\"elementor-icon-list-text\"><strong>Grande:<\/strong>300 x 25 x 20 cm \/ 118,11 x 9,84 x 7,87''<\/span>\n\t\t\t\t\t\t\t\t\t<\/li>\n\t\t\t\t\t\t\t\t<li class=\"elementor-icon-list-item\">\n\t\t\t\t\t\t\t\t\t\t<span class=\"elementor-icon-list-text\"><strong>Peso:<\/strong> Grande 45kg - Mediano 35kg - Peque\u00f1o 25kg<\/span>\n\t\t\t\t\t\t\t\t\t<\/li>\n\t\t\t\t\t\t<\/ul>\n\t\t\t\t\t\t<\/div>\n\t\t\t\t<\/div>\n\t\t\t\t<\/div>\n\t\t\t\t\t<\/div>\n\t\t\t\t<\/div>\n\t\t<div class=\"elementor-element elementor-element-8c93b21 e-flex e-con-boxed e-con e-parent\" data-id=\"8c93b21\" data-element_type=\"container\" data-e-type=\"container\">\n\t\t\t\t\t<div class=\"e-con-inner\">\n\t\t<div class=\"elementor-element elementor-element-a47c48c e-con-full e-flex e-con e-child\" data-id=\"a47c48c\" data-element_type=\"container\" data-e-type=\"container\">\n\t\t\t\t<div class=\"elementor-element elementor-element-94eda5f elementor-widget elementor-widget-image\" data-id=\"94eda5f\" data-element_type=\"widget\" data-e-type=\"widget\" data-widget_type=\"image.default\">\n\t\t\t\t<div class=\"elementor-widget-container\">\n\t\t\t\t\t\t\t\t\t\t\t\t\t\t\t<img fetchpriority=\"high\" decoding=\"async\" width=\"1024\" height=\"1365\" src=\"https:\/\/arturoalvarez.art\/wp-content\/uploads\/2024\/06\/encontros-outdoor-gallery-01-1-1.jpg\" class=\"attachment-full size-full wp-image-4401\" alt=\"\" srcset=\"https:\/\/arturoalvarez.art\/wp-content\/uploads\/2024\/06\/encontros-outdoor-gallery-01-1-1.jpg 1024w, https:\/\/arturoalvarez.art\/wp-content\/uploads\/2024\/06\/encontros-outdoor-gallery-01-1-1-225x300.jpg 225w, https:\/\/arturoalvarez.art\/wp-content\/uploads\/2024\/06\/encontros-outdoor-gallery-01-1-1-768x1024.jpg 768w\" sizes=\"(max-width: 1024px) 100vw, 1024px\" \/>\t\t\t\t\t\t\t\t\t\t\t\t\t\t\t<\/div>\n\t\t\t\t<\/div>\n\t\t\t\t<\/div>\n\t\t<div class=\"elementor-element elementor-element-4ef3fd8 e-con-full e-flex e-con e-child\" data-id=\"4ef3fd8\" data-element_type=\"container\" data-e-type=\"container\">\n\t\t\t\t<div class=\"elementor-element elementor-element-b984c9b elementor-widget elementor-widget-image\" data-id=\"b984c9b\" data-element_type=\"widget\" data-e-type=\"widget\" data-widget_type=\"image.default\">\n\t\t\t\t<div class=\"elementor-widget-container\">\n\t\t\t\t\t\t\t\t\t\t\t\t\t\t\t<img decoding=\"async\" width=\"1024\" height=\"1365\" src=\"https:\/\/arturoalvarez.art\/wp-content\/uploads\/2024\/06\/encontros-outdoor-gallery-02.jpg\" class=\"attachment-full size-full wp-image-4220\" alt=\"\" srcset=\"https:\/\/arturoalvarez.art\/wp-content\/uploads\/2024\/06\/encontros-outdoor-gallery-02.jpg 1024w, https:\/\/arturoalvarez.art\/wp-content\/uploads\/2024\/06\/encontros-outdoor-gallery-02-225x300.jpg 225w, https:\/\/arturoalvarez.art\/wp-content\/uploads\/2024\/06\/encontros-outdoor-gallery-02-768x1024.jpg 768w\" sizes=\"(max-width: 1024px) 100vw, 1024px\" \/>\t\t\t\t\t\t\t\t\t\t\t\t\t\t\t<\/div>\n\t\t\t\t<\/div>\n\t\t\t\t<\/div>\n\t\t\t\t\t<\/div>\n\t\t\t\t<\/div>\n\t\t<div class=\"elementor-element elementor-element-ea0e97f e-flex e-con-boxed e-con e-parent\" data-id=\"ea0e97f\" data-element_type=\"container\" data-e-type=\"container\">\n\t\t\t\t\t<div class=\"e-con-inner\">\n\t\t<div class=\"elementor-element elementor-element-d2db704 e-con-full e-flex e-con e-child\" data-id=\"d2db704\" data-element_type=\"container\" data-e-type=\"container\">\n\t\t\t\t<div class=\"elementor-element elementor-element-82216f7 elementor-widget elementor-widget-image\" data-id=\"82216f7\" data-element_type=\"widget\" data-e-type=\"widget\" data-widget_type=\"image.default\">\n\t\t\t\t<div class=\"elementor-widget-container\">\n\t\t\t\t\t\t\t\t\t\t\t\t\t\t\t<img decoding=\"async\" width=\"1365\" height=\"1024\" src=\"https:\/\/arturoalvarez.art\/wp-content\/uploads\/2024\/06\/encontros-outdoor-gallery-02-1-1.jpg\" class=\"attachment-full size-full wp-image-4407\" alt=\"\" srcset=\"https:\/\/arturoalvarez.art\/wp-content\/uploads\/2024\/06\/encontros-outdoor-gallery-02-1-1.jpg 1365w, https:\/\/arturoalvarez.art\/wp-content\/uploads\/2024\/06\/encontros-outdoor-gallery-02-1-1-300x225.jpg 300w, https:\/\/arturoalvarez.art\/wp-content\/uploads\/2024\/06\/encontros-outdoor-gallery-02-1-1-1024x768.jpg 1024w, https:\/\/arturoalvarez.art\/wp-content\/uploads\/2024\/06\/encontros-outdoor-gallery-02-1-1-768x576.jpg 768w\" sizes=\"(max-width: 1365px) 100vw, 1365px\" \/>\t\t\t\t\t\t\t\t\t\t\t\t\t\t\t<\/div>\n\t\t\t\t<\/div>\n\t\t\t\t<\/div>\n\t\t\t\t\t<\/div>\n\t\t\t\t<\/div>\n\t\t<div class=\"elementor-element elementor-element-f07398a e-flex e-con-boxed e-con e-parent\" data-id=\"f07398a\" data-element_type=\"container\" data-e-type=\"container\">\n\t\t\t\t\t<div class=\"e-con-inner\">\n\t\t<div class=\"elementor-element elementor-element-e9ed987 e-con-full e-flex e-con e-child\" data-id=\"e9ed987\" data-element_type=\"container\" data-e-type=\"container\">\n\t\t\t\t<div class=\"elementor-element elementor-element-d8f0b98 elementor-widget elementor-widget-image\" data-id=\"d8f0b98\" data-element_type=\"widget\" data-e-type=\"widget\" data-widget_type=\"image.default\">\n\t\t\t\t<div class=\"elementor-widget-container\">\n\t\t\t\t\t\t\t\t\t\t\t\t\t\t\t<img loading=\"lazy\" decoding=\"async\" width=\"1365\" height=\"1024\" src=\"https:\/\/arturoalvarez.art\/wp-content\/uploads\/2024\/06\/encontros-outdoor-gallery-03-1.jpg\" class=\"attachment-full size-full wp-image-4410\" alt=\"\" srcset=\"https:\/\/arturoalvarez.art\/wp-content\/uploads\/2024\/06\/encontros-outdoor-gallery-03-1.jpg 1365w, https:\/\/arturoalvarez.art\/wp-content\/uploads\/2024\/06\/encontros-outdoor-gallery-03-1-300x225.jpg 300w, https:\/\/arturoalvarez.art\/wp-content\/uploads\/2024\/06\/encontros-outdoor-gallery-03-1-1024x768.jpg 1024w, https:\/\/arturoalvarez.art\/wp-content\/uploads\/2024\/06\/encontros-outdoor-gallery-03-1-768x576.jpg 768w\" sizes=\"(max-width: 1365px) 100vw, 1365px\" \/>\t\t\t\t\t\t\t\t\t\t\t\t\t\t\t<\/div>\n\t\t\t\t<\/div>\n\t\t\t\t<\/div>\n\t\t\t\t\t<\/div>\n\t\t\t\t<\/div>\n\t\t\t\t<\/div>\n\t\t","protected":false},"excerpt":{"rendered":"<p>Encontros outdoor Edici\u00f3n: 2023 Piezas seriadas: 49 T\u00e9cnica: Armaz\u00f3n de acero y alambre de lat\u00f3n Tipolog\u00eda: Suelo Dimensiones (Largo, ancho, alto) Peque\u00f1o:230 x 23 x 16 cm \/ 90,55 x 9,05 x 6,29\u00bb Mediano: 270 x 23 x 16 cm \/ 106,29 x 9,05 x 6,29\u00bb Grande:300 x 25 x 20 cm \/ 118,11 x [&hellip;]<\/p>\n","protected":false},"author":1,"featured_media":0,"parent":184,"menu_order":0,"comment_status":"closed","ping_status":"closed","template":"elementor_header_footer","meta":{"footnotes":""},"class_list":["post-4209","page","type-page","status-publish","hentry"],"_links":{"self":[{"href":"https:\/\/arturoalvarez.art\/es\/wp-json\/wp\/v2\/pages\/4209","targetHints":{"allow":["GET"]}}],"collection":[{"href":"https:\/\/arturoalvarez.art\/es\/wp-json\/wp\/v2\/pages"}],"about":[{"href":"https:\/\/arturoalvarez.art\/es\/wp-json\/wp\/v2\/types\/page"}],"author":[{"embeddable":true,"href":"https:\/\/arturoalvarez.art\/es\/wp-json\/wp\/v2\/users\/1"}],"replies":[{"embeddable":true,"href":"https:\/\/arturoalvarez.art\/es\/wp-json\/wp\/v2\/comments?post=4209"}],"version-history":[{"count":22,"href":"https:\/\/arturoalvarez.art\/es\/wp-json\/wp\/v2\/pages\/4209\/revisions"}],"predecessor-version":[{"id":4969,"href":"https:\/\/arturoalvarez.art\/es\/wp-json\/wp\/v2\/pages\/4209\/revisions\/4969"}],"up":[{"embeddable":true,"href":"https:\/\/arturoalvarez.art\/es\/wp-json\/wp\/v2\/pages\/184"}],"wp:attachment":[{"href":"https:\/\/arturoalvarez.art\/es\/wp-json\/wp\/v2\/media?parent=4209"}],"curies":[{"name":"wp","href":"https:\/\/api.w.org\/{rel}","templated":true}]}}