{"id":5130,"date":"2024-10-13T18:15:49","date_gmt":"2024-10-13T16:15:49","guid":{"rendered":"https:\/\/arturoalvarez.art\/trabajo\/ediciones-limitadas\/fluoup\/"},"modified":"2025-01-28T16:11:07","modified_gmt":"2025-01-28T15:11:07","slug":"fluoup","status":"publish","type":"page","link":"https:\/\/arturoalvarez.art\/es\/trabajo\/ediciones-limitadas\/fluoup\/","title":{"rendered":"FluoUP"},"content":{"rendered":"\t\t<div data-elementor-type=\"wp-page\" data-elementor-id=\"5130\" class=\"elementor elementor-5130 elementor-5116\" data-elementor-post-type=\"page\">\n\t\t\t\t<div class=\"elementor-element elementor-element-9be7806 e-flex e-con-boxed e-con e-parent\" data-id=\"9be7806\" data-element_type=\"container\" data-e-type=\"container\" data-settings=\"{&quot;background_background&quot;:&quot;classic&quot;}\">\n\t\t\t\t\t<div class=\"e-con-inner\">\n\t\t\t\t\t<\/div>\n\t\t\t\t<\/div>\n\t\t<div class=\"elementor-element elementor-element-7b0fe72 e-flex e-con-boxed e-con e-parent\" data-id=\"7b0fe72\" data-element_type=\"container\" data-e-type=\"container\">\n\t\t\t\t\t<div class=\"e-con-inner\">\n\t\t<div class=\"elementor-element elementor-element-d964b32 e-con-full e-flex e-con e-child\" data-id=\"d964b32\" data-element_type=\"container\" data-e-type=\"container\">\n\t\t\t\t<div class=\"elementor-element elementor-element-c0973ac elementor-icon-list--layout-traditional elementor-list-item-link-full_width elementor-widget elementor-widget-icon-list\" data-id=\"c0973ac\" data-element_type=\"widget\" data-e-type=\"widget\" data-widget_type=\"icon-list.default\">\n\t\t\t\t<div class=\"elementor-widget-container\">\n\t\t\t\t\t\t\t<ul class=\"elementor-icon-list-items\">\n\t\t\t\t\t\t\t<li class=\"elementor-icon-list-item\">\n\t\t\t\t\t\t\t\t\t\t<span class=\"elementor-icon-list-text\"><strong>Edici\u00f3n:<\/strong> 2024<\/span>\n\t\t\t\t\t\t\t\t\t<\/li>\n\t\t\t\t\t\t\t\t<li class=\"elementor-icon-list-item\">\n\t\t\t\t\t\t\t\t\t\t<span class=\"elementor-icon-list-text\"><strong>Unidades seriadas:<\/strong> 9<\/span>\n\t\t\t\t\t\t\t\t\t<\/li>\n\t\t\t\t\t\t\t\t<li class=\"elementor-icon-list-item\">\n\t\t\t\t\t\t\t\t\t\t<span class=\"elementor-icon-list-text\"><strong>T\u00e9cnica:<\/strong>Malla met\u00e1lica<\/span>\n\t\t\t\t\t\t\t\t\t<\/li>\n\t\t\t\t\t\t\t\t<li class=\"elementor-icon-list-item\">\n\t\t\t\t\t\t\t\t\t\t<span class=\"elementor-icon-list-text\"><strong>Tipolog\u00eda:<\/strong> Colgante<\/span>\n\t\t\t\t\t\t\t\t\t<\/li>\n\t\t\t\t\t\t<\/ul>\n\t\t\t\t\t\t<\/div>\n\t\t\t\t<\/div>\n\t\t\t\t<\/div>\n\t\t<div class=\"elementor-element elementor-element-c167d7b e-con-full e-flex e-con e-child\" data-id=\"c167d7b\" data-element_type=\"container\" data-e-type=\"container\">\n\t\t\t\t<div class=\"elementor-element elementor-element-9115d52 elementor-icon-list--layout-traditional elementor-list-item-link-full_width elementor-widget elementor-widget-icon-list\" data-id=\"9115d52\" data-element_type=\"widget\" data-e-type=\"widget\" data-widget_type=\"icon-list.default\">\n\t\t\t\t<div class=\"elementor-widget-container\">\n\t\t\t\t\t\t\t<ul class=\"elementor-icon-list-items\">\n\t\t\t\t\t\t\t<li class=\"elementor-icon-list-item\">\n\t\t\t\t\t\t\t\t\t\t<span class=\"elementor-icon-list-text\"><strong>Dimensiones de la escultura:<\/strong> Variables<\/span>\n\t\t\t\t\t\t\t\t\t<\/li>\n\t\t\t\t\t\t<\/ul>\n\t\t\t\t\t\t<\/div>\n\t\t\t\t<\/div>\n\t\t\t\t<\/div>\n\t\t\t\t\t<\/div>\n\t\t\t\t<\/div>\n\t\t<div class=\"elementor-element elementor-element-0389b3a e-flex e-con-boxed e-con e-parent\" data-id=\"0389b3a\" data-element_type=\"container\" data-e-type=\"container\">\n\t\t\t\t\t<div class=\"e-con-inner\">\n\t\t<div class=\"elementor-element elementor-element-ac62a73 e-con-full e-flex e-con e-child\" data-id=\"ac62a73\" data-element_type=\"container\" data-e-type=\"container\">\n\t\t\t\t<div class=\"elementor-element elementor-element-7b8c54b elementor-widget elementor-widget-image\" data-id=\"7b8c54b\" data-element_type=\"widget\" data-e-type=\"widget\" data-widget_type=\"image.default\">\n\t\t\t\t<div class=\"elementor-widget-container\">\n\t\t\t\t\t\t\t\t\t\t\t\t\t\t\t<img fetchpriority=\"high\" decoding=\"async\" width=\"1920\" height=\"2560\" src=\"https:\/\/arturoalvarez.art\/wp-content\/uploads\/2025\/01\/Fluo_web-scaled.jpg\" class=\"attachment-full size-full wp-image-5613\" alt=\"\" srcset=\"https:\/\/arturoalvarez.art\/wp-content\/uploads\/2025\/01\/Fluo_web-scaled.jpg 1920w, https:\/\/arturoalvarez.art\/wp-content\/uploads\/2025\/01\/Fluo_web-225x300.jpg 225w, https:\/\/arturoalvarez.art\/wp-content\/uploads\/2025\/01\/Fluo_web-768x1024.jpg 768w, https:\/\/arturoalvarez.art\/wp-content\/uploads\/2025\/01\/Fluo_web-1152x1536.jpg 1152w, https:\/\/arturoalvarez.art\/wp-content\/uploads\/2025\/01\/Fluo_web-1536x2048.jpg 1536w\" sizes=\"(max-width: 1920px) 100vw, 1920px\" \/>\t\t\t\t\t\t\t\t\t\t\t\t\t\t\t<\/div>\n\t\t\t\t<\/div>\n\t\t\t\t<\/div>\n\t\t<div class=\"elementor-element elementor-element-8dbdcdb e-con-full e-flex e-con e-child\" data-id=\"8dbdcdb\" data-element_type=\"container\" data-e-type=\"container\">\n\t\t\t\t<div class=\"elementor-element elementor-element-f8a4a60 elementor-widget elementor-widget-image\" data-id=\"f8a4a60\" data-element_type=\"widget\" data-e-type=\"widget\" data-widget_type=\"image.default\">\n\t\t\t\t<div class=\"elementor-widget-container\">\n\t\t\t\t\t\t\t\t\t\t\t\t\t\t\t<img decoding=\"async\" width=\"800\" height=\"600\" src=\"https:\/\/arturoalvarez.art\/wp-content\/uploads\/2025\/01\/FluoUP-1024x768.jpeg\" class=\"attachment-large size-large wp-image-5524\" alt=\"\" srcset=\"https:\/\/arturoalvarez.art\/wp-content\/uploads\/2025\/01\/FluoUP-1024x768.jpeg 1024w, https:\/\/arturoalvarez.art\/wp-content\/uploads\/2025\/01\/FluoUP-300x225.jpeg 300w, https:\/\/arturoalvarez.art\/wp-content\/uploads\/2025\/01\/FluoUP-768x576.jpeg 768w, https:\/\/arturoalvarez.art\/wp-content\/uploads\/2025\/01\/FluoUP-1536x1152.jpeg 1536w, https:\/\/arturoalvarez.art\/wp-content\/uploads\/2025\/01\/FluoUP-2048x1536.jpeg 2048w\" sizes=\"(max-width: 800px) 100vw, 800px\" \/>\t\t\t\t\t\t\t\t\t\t\t\t\t\t\t<\/div>\n\t\t\t\t<\/div>\n\t\t\t\t<\/div>\n\t\t\t\t\t<\/div>\n\t\t\t\t<\/div>\n\t\t<div class=\"elementor-element elementor-element-87cd106 e-flex e-con-boxed e-con e-parent\" data-id=\"87cd106\" data-element_type=\"container\" data-e-type=\"container\">\n\t\t\t\t\t<div class=\"e-con-inner\">\n\t\t\t\t<div class=\"elementor-element elementor-element-bb98bd5 elementor-widget elementor-widget-spacer\" data-id=\"bb98bd5\" data-element_type=\"widget\" data-e-type=\"widget\" data-widget_type=\"spacer.default\">\n\t\t\t\t<div class=\"elementor-widget-container\">\n\t\t\t\t\t\t\t<div class=\"elementor-spacer\">\n\t\t\t<div class=\"elementor-spacer-inner\"><\/div>\n\t\t<\/div>\n\t\t\t\t\t\t<\/div>\n\t\t\t\t<\/div>\n\t\t\t\t<div class=\"elementor-element elementor-element-c96eee5 elementor-widget elementor-widget-image\" data-id=\"c96eee5\" data-element_type=\"widget\" data-e-type=\"widget\" data-widget_type=\"image.default\">\n\t\t\t\t<div class=\"elementor-widget-container\">\n\t\t\t\t\t\t\t\t\t\t\t\t\t\t\t<img decoding=\"async\" width=\"2560\" height=\"1828\" src=\"https:\/\/arturoalvarez.art\/wp-content\/uploads\/2025\/01\/19-scaled.jpg\" class=\"attachment-full size-full wp-image-5518\" alt=\"\" srcset=\"https:\/\/arturoalvarez.art\/wp-content\/uploads\/2025\/01\/19-scaled.jpg 2560w, https:\/\/arturoalvarez.art\/wp-content\/uploads\/2025\/01\/19-300x214.jpg 300w, https:\/\/arturoalvarez.art\/wp-content\/uploads\/2025\/01\/19-1024x731.jpg 1024w, https:\/\/arturoalvarez.art\/wp-content\/uploads\/2025\/01\/19-768x548.jpg 768w, https:\/\/arturoalvarez.art\/wp-content\/uploads\/2025\/01\/19-1536x1097.jpg 1536w, https:\/\/arturoalvarez.art\/wp-content\/uploads\/2025\/01\/19-2048x1463.jpg 2048w\" sizes=\"(max-width: 2560px) 100vw, 2560px\" \/>\t\t\t\t\t\t\t\t\t\t\t\t\t\t\t<\/div>\n\t\t\t\t<\/div>\n\t\t\t\t\t<\/div>\n\t\t\t\t<\/div>\n\t\t\t\t<\/div>\n\t\t","protected":false},"excerpt":{"rendered":"<p>Edici\u00f3n: 2024 Unidades seriadas: 9 T\u00e9cnica:Malla met\u00e1lica Tipolog\u00eda: Colgante Dimensiones de la escultura: Variables<\/p>\n","protected":false},"author":1,"featured_media":0,"parent":184,"menu_order":0,"comment_status":"closed","ping_status":"closed","template":"elementor_header_footer","meta":{"footnotes":""},"class_list":["post-5130","page","type-page","status-publish","hentry"],"_links":{"self":[{"href":"https:\/\/arturoalvarez.art\/es\/wp-json\/wp\/v2\/pages\/5130","targetHints":{"allow":["GET"]}}],"collection":[{"href":"https:\/\/arturoalvarez.art\/es\/wp-json\/wp\/v2\/pages"}],"about":[{"href":"https:\/\/arturoalvarez.art\/es\/wp-json\/wp\/v2\/types\/page"}],"author":[{"embeddable":true,"href":"https:\/\/arturoalvarez.art\/es\/wp-json\/wp\/v2\/users\/1"}],"replies":[{"embeddable":true,"href":"https:\/\/arturoalvarez.art\/es\/wp-json\/wp\/v2\/comments?post=5130"}],"version-history":[{"count":4,"href":"https:\/\/arturoalvarez.art\/es\/wp-json\/wp\/v2\/pages\/5130\/revisions"}],"predecessor-version":[{"id":5732,"href":"https:\/\/arturoalvarez.art\/es\/wp-json\/wp\/v2\/pages\/5130\/revisions\/5732"}],"up":[{"embeddable":true,"href":"https:\/\/arturoalvarez.art\/es\/wp-json\/wp\/v2\/pages\/184"}],"wp:attachment":[{"href":"https:\/\/arturoalvarez.art\/es\/wp-json\/wp\/v2\/media?parent=5130"}],"curies":[{"name":"wp","href":"https:\/\/api.w.org\/{rel}","templated":true}]}}