{"id":5256,"date":"2024-12-10T16:25:57","date_gmt":"2024-12-10T15:25:57","guid":{"rendered":"https:\/\/arturoalvarez.art\/trabajo\/ediciones-limitadas\/vega\/"},"modified":"2025-01-29T11:51:22","modified_gmt":"2025-01-29T10:51:22","slug":"vega","status":"publish","type":"page","link":"https:\/\/arturoalvarez.art\/es\/trabajo\/ediciones-limitadas\/vega\/","title":{"rendered":"Vega"},"content":{"rendered":"\t\t<div data-elementor-type=\"wp-page\" data-elementor-id=\"5256\" class=\"elementor elementor-5256 elementor-5199\" data-elementor-post-type=\"page\">\n\t\t\t\t<div class=\"elementor-element elementor-element-bb646fd e-flex e-con-boxed e-con e-parent\" data-id=\"bb646fd\" data-element_type=\"container\" data-e-type=\"container\" data-settings=\"{&quot;background_background&quot;:&quot;classic&quot;}\">\n\t\t\t\t\t<div class=\"e-con-inner\">\n\t\t\t\t\t<\/div>\n\t\t\t\t<\/div>\n\t\t<div class=\"elementor-element elementor-element-4421124 e-flex e-con-boxed e-con e-parent\" data-id=\"4421124\" data-element_type=\"container\" data-e-type=\"container\">\n\t\t\t\t\t<div class=\"e-con-inner\">\n\t\t<div class=\"elementor-element elementor-element-8bf7314 e-con-full e-flex e-con e-child\" data-id=\"8bf7314\" data-element_type=\"container\" data-e-type=\"container\">\n\t\t\t\t<div class=\"elementor-element elementor-element-1f1d3af elementor-icon-list--layout-traditional elementor-list-item-link-full_width elementor-widget elementor-widget-icon-list\" data-id=\"1f1d3af\" data-element_type=\"widget\" data-e-type=\"widget\" data-widget_type=\"icon-list.default\">\n\t\t\t\t<div class=\"elementor-widget-container\">\n\t\t\t\t\t\t\t<ul class=\"elementor-icon-list-items\">\n\t\t\t\t\t\t\t<li class=\"elementor-icon-list-item\">\n\t\t\t\t\t\t\t\t\t\t<span class=\"elementor-icon-list-text\"><strong>Edici\u00f3n:<\/strong> 2024<\/span>\n\t\t\t\t\t\t\t\t\t<\/li>\n\t\t\t\t\t\t\t\t<li class=\"elementor-icon-list-item\">\n\t\t\t\t\t\t\t\t\t\t<span class=\"elementor-icon-list-text\"><strong>Unidades seriadas:<\/strong> 9<\/span>\n\t\t\t\t\t\t\t\t\t<\/li>\n\t\t\t\t\t\t\t\t<li class=\"elementor-icon-list-item\">\n\t\t\t\t\t\t\t\t\t\t<span class=\"elementor-icon-list-text\"><strong>T\u00e9cnica:<\/strong>hilo de acero<\/span>\n\t\t\t\t\t\t\t\t\t<\/li>\n\t\t\t\t\t\t\t\t<li class=\"elementor-icon-list-item\">\n\t\t\t\t\t\t\t\t\t\t<span class=\"elementor-icon-list-text\"><strong>Tipolog\u00eda:<\/strong> Colgante<\/span>\n\t\t\t\t\t\t\t\t\t<\/li>\n\t\t\t\t\t\t\t\t<li class=\"elementor-icon-list-item\">\n\t\t\t\t\t\t\t\t\t\t<span class=\"elementor-icon-list-text\"><strong>Colores disponibles:<\/strong> Blanco, Negro y dorado<\/span>\n\t\t\t\t\t\t\t\t\t<\/li>\n\t\t\t\t\t\t<\/ul>\n\t\t\t\t\t\t<\/div>\n\t\t\t\t<\/div>\n\t\t\t\t<\/div>\n\t\t<div class=\"elementor-element elementor-element-b638d61 e-con-full e-flex e-con e-child\" data-id=\"b638d61\" data-element_type=\"container\" data-e-type=\"container\">\n\t\t\t\t<div class=\"elementor-element elementor-element-cbff6bd elementor-icon-list--layout-traditional elementor-list-item-link-full_width elementor-widget elementor-widget-icon-list\" data-id=\"cbff6bd\" data-element_type=\"widget\" data-e-type=\"widget\" data-widget_type=\"icon-list.default\">\n\t\t\t\t<div class=\"elementor-widget-container\">\n\t\t\t\t\t\t\t<ul class=\"elementor-icon-list-items\">\n\t\t\t\t\t\t\t<li class=\"elementor-icon-list-item\">\n\t\t\t\t\t\t\t\t\t\t<span class=\"elementor-icon-list-text\"><strong>Largo:<\/strong> 100 cm<\/span>\n\t\t\t\t\t\t\t\t\t<\/li>\n\t\t\t\t\t\t\t\t<li class=\"elementor-icon-list-item\">\n\t\t\t\t\t\t\t\t\t\t<span class=\"elementor-icon-list-text\"><strong>Ancho:<\/strong> 45 cm<\/span>\n\t\t\t\t\t\t\t\t\t<\/li>\n\t\t\t\t\t\t\t\t<li class=\"elementor-icon-list-item\">\n\t\t\t\t\t\t\t\t\t\t<span class=\"elementor-icon-list-text\"><strong>Alto:<\/strong>  50 cm<\/span>\n\t\t\t\t\t\t\t\t\t<\/li>\n\t\t\t\t\t\t\t\t<li class=\"elementor-icon-list-item\">\n\t\t\t\t\t\t\t\t\t\t<span class=\"elementor-icon-list-text\"><strong>Peso:<\/strong> 1Kg<\/span>\n\t\t\t\t\t\t\t\t\t<\/li>\n\t\t\t\t\t\t<\/ul>\n\t\t\t\t\t\t<\/div>\n\t\t\t\t<\/div>\n\t\t\t\t<\/div>\n\t\t\t\t\t<\/div>\n\t\t\t\t<\/div>\n\t\t<div class=\"elementor-element elementor-element-878d2a1 e-flex e-con-boxed e-con e-parent\" data-id=\"878d2a1\" data-element_type=\"container\" data-e-type=\"container\">\n\t\t\t\t\t<div class=\"e-con-inner\">\n\t\t\t\t<div class=\"elementor-element elementor-element-5f82800 elementor-widget-divider--view-line elementor-widget elementor-widget-divider\" data-id=\"5f82800\" data-element_type=\"widget\" data-e-type=\"widget\" data-widget_type=\"divider.default\">\n\t\t\t\t<div class=\"elementor-widget-container\">\n\t\t\t\t\t\t\t<div class=\"elementor-divider\">\n\t\t\t<span class=\"elementor-divider-separator\">\n\t\t\t\t\t\t<\/span>\n\t\t<\/div>\n\t\t\t\t\t\t<\/div>\n\t\t\t\t<\/div>\n\t\t\t\t\t<\/div>\n\t\t\t\t<\/div>\n\t\t<div class=\"elementor-element elementor-element-50b64a1 e-flex e-con-boxed e-con e-parent\" data-id=\"50b64a1\" data-element_type=\"container\" data-e-type=\"container\">\n\t\t\t\t\t<div class=\"e-con-inner\">\n\t\t<div class=\"elementor-element elementor-element-c1dccf2 e-con-full e-flex e-con e-child\" data-id=\"c1dccf2\" data-element_type=\"container\" data-e-type=\"container\">\n\t\t\t\t<div class=\"elementor-element elementor-element-665ca3e elementor-widget elementor-widget-image\" data-id=\"665ca3e\" data-element_type=\"widget\" data-e-type=\"widget\" data-widget_type=\"image.default\">\n\t\t\t\t<div class=\"elementor-widget-container\">\n\t\t\t\t\t\t\t\t\t\t\t\t\t\t\t<img fetchpriority=\"high\" decoding=\"async\" width=\"2015\" height=\"2560\" src=\"https:\/\/arturoalvarez.art\/wp-content\/uploads\/2025\/01\/Vega_P1010067_RETOCADA-scaled-1.jpg\" class=\"attachment-full size-full wp-image-5791\" alt=\"Installation view of Vega by Arturo \u00c1lvarez \u2013 suspended sculptural lighting for art-driven interiors.\" srcset=\"https:\/\/arturoalvarez.art\/wp-content\/uploads\/2025\/01\/Vega_P1010067_RETOCADA-scaled-1.jpg 2015w, https:\/\/arturoalvarez.art\/wp-content\/uploads\/2025\/01\/Vega_P1010067_RETOCADA-scaled-1-236x300.jpg 236w, https:\/\/arturoalvarez.art\/wp-content\/uploads\/2025\/01\/Vega_P1010067_RETOCADA-scaled-1-806x1024.jpg 806w, https:\/\/arturoalvarez.art\/wp-content\/uploads\/2025\/01\/Vega_P1010067_RETOCADA-scaled-1-768x976.jpg 768w, https:\/\/arturoalvarez.art\/wp-content\/uploads\/2025\/01\/Vega_P1010067_RETOCADA-scaled-1-1209x1536.jpg 1209w, https:\/\/arturoalvarez.art\/wp-content\/uploads\/2025\/01\/Vega_P1010067_RETOCADA-scaled-1-1612x2048.jpg 1612w\" sizes=\"(max-width: 2015px) 100vw, 2015px\" \/>\t\t\t\t\t\t\t\t\t\t\t\t\t\t\t<\/div>\n\t\t\t\t<\/div>\n\t\t\t\t<\/div>\n\t\t<div class=\"elementor-element elementor-element-091be4f e-con-full e-flex e-con e-child\" data-id=\"091be4f\" data-element_type=\"container\" data-e-type=\"container\">\n\t\t\t\t<div class=\"elementor-element elementor-element-9ead20a elementor-widget elementor-widget-image\" data-id=\"9ead20a\" data-element_type=\"widget\" data-e-type=\"widget\" data-widget_type=\"image.default\">\n\t\t\t\t<div class=\"elementor-widget-container\">\n\t\t\t\t\t\t\t\t\t\t\t\t\t\t\t<img decoding=\"async\" width=\"2560\" height=\"1920\" src=\"https:\/\/arturoalvarez.art\/wp-content\/uploads\/2025\/01\/Vega_2-scaled-1.jpg\" class=\"attachment-full size-full wp-image-5794\" alt=\"Vega sculptural light by Arturo \u00c1lvarez \u2013 limited edition handmade in steel wire\" srcset=\"https:\/\/arturoalvarez.art\/wp-content\/uploads\/2025\/01\/Vega_2-scaled-1.jpg 2560w, https:\/\/arturoalvarez.art\/wp-content\/uploads\/2025\/01\/Vega_2-scaled-1-300x225.jpg 300w, https:\/\/arturoalvarez.art\/wp-content\/uploads\/2025\/01\/Vega_2-scaled-1-1024x768.jpg 1024w, https:\/\/arturoalvarez.art\/wp-content\/uploads\/2025\/01\/Vega_2-scaled-1-768x576.jpg 768w, https:\/\/arturoalvarez.art\/wp-content\/uploads\/2025\/01\/Vega_2-scaled-1-1536x1152.jpg 1536w, https:\/\/arturoalvarez.art\/wp-content\/uploads\/2025\/01\/Vega_2-scaled-1-2048x1536.jpg 2048w\" sizes=\"(max-width: 2560px) 100vw, 2560px\" \/>\t\t\t\t\t\t\t\t\t\t\t\t\t\t\t<\/div>\n\t\t\t\t<\/div>\n\t\t\t\t<\/div>\n\t\t\t\t\t<\/div>\n\t\t\t\t<\/div>\n\t\t<div class=\"elementor-element elementor-element-13a0029 e-flex e-con-boxed e-con e-parent\" data-id=\"13a0029\" data-element_type=\"container\" data-e-type=\"container\">\n\t\t\t\t\t<div class=\"e-con-inner\">\n\t\t<div class=\"elementor-element elementor-element-b219b5f e-con-full e-flex e-con e-child\" data-id=\"b219b5f\" data-element_type=\"container\" data-e-type=\"container\">\n\t\t\t\t<div class=\"elementor-element elementor-element-efbe003 elementor-widget-divider--view-line elementor-widget elementor-widget-divider\" data-id=\"efbe003\" data-element_type=\"widget\" data-e-type=\"widget\" data-widget_type=\"divider.default\">\n\t\t\t\t<div class=\"elementor-widget-container\">\n\t\t\t\t\t\t\t<div class=\"elementor-divider\">\n\t\t\t<span class=\"elementor-divider-separator\">\n\t\t\t\t\t\t<\/span>\n\t\t<\/div>\n\t\t\t\t\t\t<\/div>\n\t\t\t\t<\/div>\n\t\t\t\t<div class=\"elementor-element elementor-element-2a7170b elementor-widget elementor-widget-image\" data-id=\"2a7170b\" data-element_type=\"widget\" data-e-type=\"widget\" data-widget_type=\"image.default\">\n\t\t\t\t<div class=\"elementor-widget-container\">\n\t\t\t\t\t\t\t\t\t\t\t\t\t\t\t<img decoding=\"async\" width=\"2560\" height=\"1911\" src=\"https:\/\/arturoalvarez.art\/wp-content\/uploads\/2025\/01\/Vega_web-1-scaled-1.jpg\" class=\"attachment-full size-full wp-image-5797\" alt=\"Installation view of Vega by Arturo \u00c1lvarez \u2013 suspended sculptural lighting for art-driven interiors.\" srcset=\"https:\/\/arturoalvarez.art\/wp-content\/uploads\/2025\/01\/Vega_web-1-scaled-1.jpg 2560w, https:\/\/arturoalvarez.art\/wp-content\/uploads\/2025\/01\/Vega_web-1-scaled-1-300x224.jpg 300w, https:\/\/arturoalvarez.art\/wp-content\/uploads\/2025\/01\/Vega_web-1-scaled-1-1024x764.jpg 1024w, https:\/\/arturoalvarez.art\/wp-content\/uploads\/2025\/01\/Vega_web-1-scaled-1-768x573.jpg 768w, https:\/\/arturoalvarez.art\/wp-content\/uploads\/2025\/01\/Vega_web-1-scaled-1-1536x1147.jpg 1536w, https:\/\/arturoalvarez.art\/wp-content\/uploads\/2025\/01\/Vega_web-1-scaled-1-2048x1529.jpg 2048w\" sizes=\"(max-width: 2560px) 100vw, 2560px\" \/>\t\t\t\t\t\t\t\t\t\t\t\t\t\t\t<\/div>\n\t\t\t\t<\/div>\n\t\t\t\t<\/div>\n\t\t<div class=\"elementor-element elementor-element-5055c24 e-con-full e-flex e-con e-child\" data-id=\"5055c24\" data-element_type=\"container\" data-e-type=\"container\">\n\t\t\t\t<div class=\"elementor-element elementor-element-45db784 elementor-widget-divider--view-line elementor-widget elementor-widget-divider\" data-id=\"45db784\" data-element_type=\"widget\" data-e-type=\"widget\" data-widget_type=\"divider.default\">\n\t\t\t\t<div class=\"elementor-widget-container\">\n\t\t\t\t\t\t\t<div class=\"elementor-divider\">\n\t\t\t<span class=\"elementor-divider-separator\">\n\t\t\t\t\t\t<\/span>\n\t\t<\/div>\n\t\t\t\t\t\t<\/div>\n\t\t\t\t<\/div>\n\t\t\t\t<div class=\"elementor-element elementor-element-43b32d1 elementor-widget elementor-widget-image\" data-id=\"43b32d1\" data-element_type=\"widget\" data-e-type=\"widget\" data-widget_type=\"image.default\">\n\t\t\t\t<div class=\"elementor-widget-container\">\n\t\t\t\t\t\t\t\t\t\t\t\t\t\t\t<img loading=\"lazy\" decoding=\"async\" width=\"1920\" height=\"2560\" src=\"https:\/\/arturoalvarez.art\/wp-content\/uploads\/2025\/01\/Vega_web3-scaled-1.jpg\" class=\"attachment-full size-full wp-image-5800\" alt=\"Installation view of Vega by Arturo \u00c1lvarez \u2013 suspended sculptural lighting for art-driven interiors.\" srcset=\"https:\/\/arturoalvarez.art\/wp-content\/uploads\/2025\/01\/Vega_web3-scaled-1.jpg 1920w, https:\/\/arturoalvarez.art\/wp-content\/uploads\/2025\/01\/Vega_web3-scaled-1-225x300.jpg 225w, https:\/\/arturoalvarez.art\/wp-content\/uploads\/2025\/01\/Vega_web3-scaled-1-768x1024.jpg 768w, https:\/\/arturoalvarez.art\/wp-content\/uploads\/2025\/01\/Vega_web3-scaled-1-1152x1536.jpg 1152w, https:\/\/arturoalvarez.art\/wp-content\/uploads\/2025\/01\/Vega_web3-scaled-1-1536x2048.jpg 1536w\" sizes=\"(max-width: 1920px) 100vw, 1920px\" \/>\t\t\t\t\t\t\t\t\t\t\t\t\t\t\t<\/div>\n\t\t\t\t<\/div>\n\t\t\t\t<\/div>\n\t\t\t\t\t<\/div>\n\t\t\t\t<\/div>\n\t\t\t\t<\/div>\n\t\t","protected":false},"excerpt":{"rendered":"<p>Edici\u00f3n: 2024 Unidades seriadas: 9 T\u00e9cnica:hilo de acero Tipolog\u00eda: Colgante Colores disponibles: Blanco, Negro y dorado Largo: 100 cm Ancho: 45 cm Alto: 50 cm Peso: 1Kg<\/p>\n","protected":false},"author":2,"featured_media":0,"parent":184,"menu_order":0,"comment_status":"closed","ping_status":"closed","template":"elementor_header_footer","meta":{"footnotes":""},"class_list":["post-5256","page","type-page","status-publish","hentry"],"_links":{"self":[{"href":"https:\/\/arturoalvarez.art\/es\/wp-json\/wp\/v2\/pages\/5256","targetHints":{"allow":["GET"]}}],"collection":[{"href":"https:\/\/arturoalvarez.art\/es\/wp-json\/wp\/v2\/pages"}],"about":[{"href":"https:\/\/arturoalvarez.art\/es\/wp-json\/wp\/v2\/types\/page"}],"author":[{"embeddable":true,"href":"https:\/\/arturoalvarez.art\/es\/wp-json\/wp\/v2\/users\/2"}],"replies":[{"embeddable":true,"href":"https:\/\/arturoalvarez.art\/es\/wp-json\/wp\/v2\/comments?post=5256"}],"version-history":[{"count":7,"href":"https:\/\/arturoalvarez.art\/es\/wp-json\/wp\/v2\/pages\/5256\/revisions"}],"predecessor-version":[{"id":5818,"href":"https:\/\/arturoalvarez.art\/es\/wp-json\/wp\/v2\/pages\/5256\/revisions\/5818"}],"up":[{"embeddable":true,"href":"https:\/\/arturoalvarez.art\/es\/wp-json\/wp\/v2\/pages\/184"}],"wp:attachment":[{"href":"https:\/\/arturoalvarez.art\/es\/wp-json\/wp\/v2\/media?parent=5256"}],"curies":[{"name":"wp","href":"https:\/\/api.w.org\/{rel}","templated":true}]}}