{"id":5735,"date":"2025-01-24T10:32:38","date_gmt":"2025-01-24T09:32:38","guid":{"rendered":"https:\/\/arturoalvarez.art\/trabajo\/ediciones-limitadas\/indus\/"},"modified":"2025-06-11T17:13:02","modified_gmt":"2025-06-11T15:13:02","slug":"indus","status":"publish","type":"page","link":"https:\/\/arturoalvarez.art\/es\/trabajo\/ediciones-limitadas\/indus\/","title":{"rendered":"Indus"},"content":{"rendered":"\t\t<div data-elementor-type=\"wp-page\" data-elementor-id=\"5735\" class=\"elementor elementor-5735 elementor-5389\" data-elementor-post-type=\"page\">\n\t\t\t\t<div class=\"elementor-element elementor-element-f1a3816 e-flex e-con-boxed e-con e-parent\" data-id=\"f1a3816\" data-element_type=\"container\" data-e-type=\"container\" data-settings=\"{&quot;background_background&quot;:&quot;classic&quot;}\">\n\t\t\t\t\t<div class=\"e-con-inner\">\n\t\t\t\t<div class=\"elementor-element elementor-element-6fc5144 animated-slow elementor-invisible elementor-widget elementor-widget-heading\" data-id=\"6fc5144\" data-element_type=\"widget\" data-e-type=\"widget\" data-settings=\"{&quot;_animation&quot;:&quot;fadeIn&quot;,&quot;_animation_delay&quot;:100}\" data-widget_type=\"heading.default\">\n\t\t\t\t<div class=\"elementor-widget-container\">\n\t\t\t\t\t<h1 class=\"elementor-heading-title elementor-size-default\">Indus<\/h1>\t\t\t\t<\/div>\n\t\t\t\t<\/div>\n\t\t\t\t\t<\/div>\n\t\t\t\t<\/div>\n\t\t<div class=\"elementor-element elementor-element-d78917e e-flex e-con-boxed e-con e-parent\" data-id=\"d78917e\" data-element_type=\"container\" data-e-type=\"container\">\n\t\t\t\t\t<div class=\"e-con-inner\">\n\t\t<div class=\"elementor-element elementor-element-6690ee9 e-con-full e-flex e-con e-child\" data-id=\"6690ee9\" data-element_type=\"container\" data-e-type=\"container\">\n\t\t\t\t<div class=\"elementor-element elementor-element-88dc5d6 elementor-icon-list--layout-traditional elementor-list-item-link-full_width elementor-widget elementor-widget-icon-list\" data-id=\"88dc5d6\" data-element_type=\"widget\" data-e-type=\"widget\" data-widget_type=\"icon-list.default\">\n\t\t\t\t<div class=\"elementor-widget-container\">\n\t\t\t\t\t\t\t<ul class=\"elementor-icon-list-items\">\n\t\t\t\t\t\t\t<li class=\"elementor-icon-list-item\">\n\t\t\t\t\t\t\t\t\t\t<span class=\"elementor-icon-list-text\"><strong>Edici\u00f3n:<\/strong> 2024<\/span>\n\t\t\t\t\t\t\t\t\t<\/li>\n\t\t\t\t\t\t\t\t<li class=\"elementor-icon-list-item\">\n\t\t\t\t\t\t\t\t\t\t<span class=\"elementor-icon-list-text\"><strong>Unidades seriadas:<\/strong> 9<\/span>\n\t\t\t\t\t\t\t\t\t<\/li>\n\t\t\t\t\t\t\t\t<li class=\"elementor-icon-list-item\">\n\t\t\t\t\t\t\t\t\t\t<span class=\"elementor-icon-list-text\"><strong>T\u00e9cnica:<\/strong>Malla met\u00e1lica<\/span>\n\t\t\t\t\t\t\t\t\t<\/li>\n\t\t\t\t\t\t\t\t<li class=\"elementor-icon-list-item\">\n\t\t\t\t\t\t\t\t\t\t<span class=\"elementor-icon-list-text\"><strong>Tipolog\u00eda:<\/strong> Colgante<\/span>\n\t\t\t\t\t\t\t\t\t<\/li>\n\t\t\t\t\t\t<\/ul>\n\t\t\t\t\t\t<\/div>\n\t\t\t\t<\/div>\n\t\t\t\t<\/div>\n\t\t<div class=\"elementor-element elementor-element-656b7f5 e-con-full e-flex e-con e-child\" data-id=\"656b7f5\" data-element_type=\"container\" data-e-type=\"container\">\n\t\t\t\t<div class=\"elementor-element elementor-element-0ade45a elementor-icon-list--layout-traditional elementor-list-item-link-full_width elementor-widget elementor-widget-icon-list\" data-id=\"0ade45a\" data-element_type=\"widget\" data-e-type=\"widget\" data-widget_type=\"icon-list.default\">\n\t\t\t\t<div class=\"elementor-widget-container\">\n\t\t\t\t\t\t\t<ul class=\"elementor-icon-list-items\">\n\t\t\t\t\t\t\t<li class=\"elementor-icon-list-item\">\n\t\t\t\t\t\t\t\t\t\t<span class=\"elementor-icon-list-text\"><strong>Dimensiones de la escultura:<\/strong> Variables<\/span>\n\t\t\t\t\t\t\t\t\t<\/li>\n\t\t\t\t\t\t<\/ul>\n\t\t\t\t\t\t<\/div>\n\t\t\t\t<\/div>\n\t\t\t\t<\/div>\n\t\t\t\t\t<\/div>\n\t\t\t\t<\/div>\n\t\t<div class=\"elementor-element elementor-element-6ded26e e-flex e-con-boxed e-con e-parent\" data-id=\"6ded26e\" data-element_type=\"container\" data-e-type=\"container\">\n\t\t\t\t\t<div class=\"e-con-inner\">\n\t\t<div class=\"elementor-element elementor-element-7f44d18 e-con-full e-flex e-con e-child\" data-id=\"7f44d18\" data-element_type=\"container\" data-e-type=\"container\">\n\t\t\t\t<div class=\"elementor-element elementor-element-96e5bf5 elementor-widget elementor-widget-image\" data-id=\"96e5bf5\" data-element_type=\"widget\" data-e-type=\"widget\" data-widget_type=\"image.default\">\n\t\t\t\t<div class=\"elementor-widget-container\">\n\t\t\t\t\t\t\t\t\t\t\t\t\t\t\t<img fetchpriority=\"high\" decoding=\"async\" width=\"1142\" height=\"1600\" src=\"https:\/\/arturoalvarez.art\/wp-content\/uploads\/2025\/01\/Indus_detail2.jpg\" class=\"attachment-full size-full wp-image-5488\" alt=\"\" srcset=\"https:\/\/arturoalvarez.art\/wp-content\/uploads\/2025\/01\/Indus_detail2.jpg 1142w, https:\/\/arturoalvarez.art\/wp-content\/uploads\/2025\/01\/Indus_detail2-214x300.jpg 214w, https:\/\/arturoalvarez.art\/wp-content\/uploads\/2025\/01\/Indus_detail2-731x1024.jpg 731w, https:\/\/arturoalvarez.art\/wp-content\/uploads\/2025\/01\/Indus_detail2-768x1076.jpg 768w, https:\/\/arturoalvarez.art\/wp-content\/uploads\/2025\/01\/Indus_detail2-1096x1536.jpg 1096w\" sizes=\"(max-width: 1142px) 100vw, 1142px\" \/>\t\t\t\t\t\t\t\t\t\t\t\t\t\t\t<\/div>\n\t\t\t\t<\/div>\n\t\t\t\t<\/div>\n\t\t<div class=\"elementor-element elementor-element-2094239 e-con-full e-flex e-con e-child\" data-id=\"2094239\" data-element_type=\"container\" data-e-type=\"container\">\n\t\t\t\t<div class=\"elementor-element elementor-element-5bb3571 elementor-widget elementor-widget-image\" data-id=\"5bb3571\" data-element_type=\"widget\" data-e-type=\"widget\" data-widget_type=\"image.default\">\n\t\t\t\t<div class=\"elementor-widget-container\">\n\t\t\t\t\t\t\t\t\t\t\t\t\t\t\t<img decoding=\"async\" width=\"1142\" height=\"1600\" src=\"https:\/\/arturoalvarez.art\/wp-content\/uploads\/2025\/01\/Indus_detail.jpg\" class=\"attachment-full size-full wp-image-5484\" alt=\"\" srcset=\"https:\/\/arturoalvarez.art\/wp-content\/uploads\/2025\/01\/Indus_detail.jpg 1142w, https:\/\/arturoalvarez.art\/wp-content\/uploads\/2025\/01\/Indus_detail-214x300.jpg 214w, https:\/\/arturoalvarez.art\/wp-content\/uploads\/2025\/01\/Indus_detail-731x1024.jpg 731w, https:\/\/arturoalvarez.art\/wp-content\/uploads\/2025\/01\/Indus_detail-768x1076.jpg 768w, https:\/\/arturoalvarez.art\/wp-content\/uploads\/2025\/01\/Indus_detail-1096x1536.jpg 1096w\" sizes=\"(max-width: 1142px) 100vw, 1142px\" \/>\t\t\t\t\t\t\t\t\t\t\t\t\t\t\t<\/div>\n\t\t\t\t<\/div>\n\t\t\t\t<\/div>\n\t\t\t\t\t<\/div>\n\t\t\t\t<\/div>\n\t\t<div class=\"elementor-element elementor-element-1a2d6b6 e-flex e-con-boxed e-con e-parent\" data-id=\"1a2d6b6\" data-element_type=\"container\" data-e-type=\"container\">\n\t\t\t\t\t<div class=\"e-con-inner\">\n\t\t\t\t<div class=\"elementor-element elementor-element-2900202 elementor-widget-divider--view-line elementor-widget elementor-widget-divider\" data-id=\"2900202\" data-element_type=\"widget\" data-e-type=\"widget\" data-widget_type=\"divider.default\">\n\t\t\t\t<div class=\"elementor-widget-container\">\n\t\t\t\t\t\t\t<div class=\"elementor-divider\">\n\t\t\t<span class=\"elementor-divider-separator\">\n\t\t\t\t\t\t<\/span>\n\t\t<\/div>\n\t\t\t\t\t\t<\/div>\n\t\t\t\t<\/div>\n\t\t\t\t<div class=\"elementor-element elementor-element-91de1b4 elementor-widget elementor-widget-image\" data-id=\"91de1b4\" data-element_type=\"widget\" data-e-type=\"widget\" data-widget_type=\"image.default\">\n\t\t\t\t<div class=\"elementor-widget-container\">\n\t\t\t\t\t\t\t\t\t\t\t\t\t\t\t<img decoding=\"async\" width=\"1536\" height=\"1152\" src=\"https:\/\/arturoalvarez.art\/wp-content\/uploads\/2025\/01\/Indus_2-1536x1152.jpg\" class=\"attachment-1536x1536 size-1536x1536 wp-image-5931\" alt=\"\" srcset=\"https:\/\/arturoalvarez.art\/wp-content\/uploads\/2025\/01\/Indus_2-1536x1152.jpg 1536w, https:\/\/arturoalvarez.art\/wp-content\/uploads\/2025\/01\/Indus_2-300x225.jpg 300w, https:\/\/arturoalvarez.art\/wp-content\/uploads\/2025\/01\/Indus_2-1024x768.jpg 1024w, https:\/\/arturoalvarez.art\/wp-content\/uploads\/2025\/01\/Indus_2-768x576.jpg 768w, https:\/\/arturoalvarez.art\/wp-content\/uploads\/2025\/01\/Indus_2-2048x1536.jpg 2048w\" sizes=\"(max-width: 1536px) 100vw, 1536px\" \/>\t\t\t\t\t\t\t\t\t\t\t\t\t\t\t<\/div>\n\t\t\t\t<\/div>\n\t\t\t\t\t<\/div>\n\t\t\t\t<\/div>\n\t\t<div class=\"elementor-element elementor-element-2689768 e-flex e-con-boxed e-con e-parent\" data-id=\"2689768\" data-element_type=\"container\" data-e-type=\"container\">\n\t\t\t\t\t<div class=\"e-con-inner\">\n\t\t<div class=\"elementor-element elementor-element-a927f64 e-con-full e-flex e-con e-child\" data-id=\"a927f64\" data-element_type=\"container\" data-e-type=\"container\">\n\t\t\t\t<div class=\"elementor-element elementor-element-e146296 elementor-widget-divider--view-line elementor-widget elementor-widget-divider\" data-id=\"e146296\" data-element_type=\"widget\" data-e-type=\"widget\" data-widget_type=\"divider.default\">\n\t\t\t\t<div class=\"elementor-widget-container\">\n\t\t\t\t\t\t\t<div class=\"elementor-divider\">\n\t\t\t<span class=\"elementor-divider-separator\">\n\t\t\t\t\t\t<\/span>\n\t\t<\/div>\n\t\t\t\t\t\t<\/div>\n\t\t\t\t<\/div>\n\t\t\t\t<div class=\"elementor-element elementor-element-b879a48 elementor-widget elementor-widget-video\" data-id=\"b879a48\" data-element_type=\"widget\" data-e-type=\"widget\" data-settings=\"{&quot;video_type&quot;:&quot;vimeo&quot;,&quot;mute&quot;:&quot;yes&quot;}\" data-widget_type=\"video.default\">\n\t\t\t\t<div class=\"elementor-widget-container\">\n\t\t\t\t\t\t\t<div class=\"elementor-wrapper elementor-open-inline\">\n\t\t\t<iframe class=\"elementor-video-iframe\" allowfullscreen allow=\"clipboard-write\" title=\"Reproductor de v\u00eddeo vimeo\" src=\"https:\/\/player.vimeo.com\/video\/1046468369?color&amp;autopause=0&amp;loop=0&amp;muted=1&amp;title=0&amp;portrait=0&amp;byline=0#t=\"><\/iframe>\t\t<\/div>\n\t\t\t\t\t\t<\/div>\n\t\t\t\t<\/div>\n\t\t\t\t<\/div>\n\t\t<div class=\"elementor-element elementor-element-0d10616 e-con-full e-flex e-con e-child\" data-id=\"0d10616\" data-element_type=\"container\" data-e-type=\"container\">\n\t\t\t\t<div class=\"elementor-element elementor-element-e8da6fb elementor-widget-divider--view-line elementor-widget elementor-widget-divider\" data-id=\"e8da6fb\" data-element_type=\"widget\" data-e-type=\"widget\" data-widget_type=\"divider.default\">\n\t\t\t\t<div class=\"elementor-widget-container\">\n\t\t\t\t\t\t\t<div class=\"elementor-divider\">\n\t\t\t<span class=\"elementor-divider-separator\">\n\t\t\t\t\t\t<\/span>\n\t\t<\/div>\n\t\t\t\t\t\t<\/div>\n\t\t\t\t<\/div>\n\t\t\t\t<div class=\"elementor-element elementor-element-410275d elementor-widget elementor-widget-image\" data-id=\"410275d\" data-element_type=\"widget\" data-e-type=\"widget\" data-widget_type=\"image.default\">\n\t\t\t\t<div class=\"elementor-widget-container\">\n\t\t\t\t\t\t\t\t\t\t\t\t\t\t\t<img loading=\"lazy\" decoding=\"async\" width=\"1600\" height=\"1142\" src=\"https:\/\/arturoalvarez.art\/wp-content\/uploads\/2025\/01\/Indus.jpg\" class=\"attachment-full size-full wp-image-5901\" alt=\"\" srcset=\"https:\/\/arturoalvarez.art\/wp-content\/uploads\/2025\/01\/Indus.jpg 1600w, https:\/\/arturoalvarez.art\/wp-content\/uploads\/2025\/01\/Indus-300x214.jpg 300w, https:\/\/arturoalvarez.art\/wp-content\/uploads\/2025\/01\/Indus-1024x731.jpg 1024w, https:\/\/arturoalvarez.art\/wp-content\/uploads\/2025\/01\/Indus-768x548.jpg 768w, https:\/\/arturoalvarez.art\/wp-content\/uploads\/2025\/01\/Indus-1536x1096.jpg 1536w\" sizes=\"(max-width: 1600px) 100vw, 1600px\" \/>\t\t\t\t\t\t\t\t\t\t\t\t\t\t\t<\/div>\n\t\t\t\t<\/div>\n\t\t\t\t<\/div>\n\t\t\t\t\t<\/div>\n\t\t\t\t<\/div>\n\t\t\t\t<\/div>\n\t\t","protected":false},"excerpt":{"rendered":"<p>Indus Edici\u00f3n: 2024 Unidades seriadas: 9 T\u00e9cnica:Malla met\u00e1lica Tipolog\u00eda: Colgante Dimensiones de la escultura: Variables<\/p>\n","protected":false},"author":2,"featured_media":0,"parent":184,"menu_order":0,"comment_status":"closed","ping_status":"closed","template":"elementor_header_footer","meta":{"footnotes":""},"class_list":["post-5735","page","type-page","status-publish","hentry"],"_links":{"self":[{"href":"https:\/\/arturoalvarez.art\/es\/wp-json\/wp\/v2\/pages\/5735","targetHints":{"allow":["GET"]}}],"collection":[{"href":"https:\/\/arturoalvarez.art\/es\/wp-json\/wp\/v2\/pages"}],"about":[{"href":"https:\/\/arturoalvarez.art\/es\/wp-json\/wp\/v2\/types\/page"}],"author":[{"embeddable":true,"href":"https:\/\/arturoalvarez.art\/es\/wp-json\/wp\/v2\/users\/2"}],"replies":[{"embeddable":true,"href":"https:\/\/arturoalvarez.art\/es\/wp-json\/wp\/v2\/comments?post=5735"}],"version-history":[{"count":16,"href":"https:\/\/arturoalvarez.art\/es\/wp-json\/wp\/v2\/pages\/5735\/revisions"}],"predecessor-version":[{"id":6408,"href":"https:\/\/arturoalvarez.art\/es\/wp-json\/wp\/v2\/pages\/5735\/revisions\/6408"}],"up":[{"embeddable":true,"href":"https:\/\/arturoalvarez.art\/es\/wp-json\/wp\/v2\/pages\/184"}],"wp:attachment":[{"href":"https:\/\/arturoalvarez.art\/es\/wp-json\/wp\/v2\/media?parent=5735"}],"curies":[{"name":"wp","href":"https:\/\/api.w.org\/{rel}","templated":true}]}}