{"id":6420,"date":"2025-06-10T13:43:37","date_gmt":"2025-06-10T11:43:37","guid":{"rendered":"https:\/\/arturoalvarez.art\/trabajo\/ediciones-limitadas\/stellae\/"},"modified":"2025-06-11T17:31:37","modified_gmt":"2025-06-11T15:31:37","slug":"stellae","status":"publish","type":"page","link":"https:\/\/arturoalvarez.art\/es\/trabajo\/ediciones-limitadas\/stellae\/","title":{"rendered":"Stellae"},"content":{"rendered":"\t\t<div data-elementor-type=\"wp-page\" data-elementor-id=\"6420\" class=\"elementor elementor-6420 elementor-6254\" data-elementor-post-type=\"page\">\n\t\t\t\t<div class=\"elementor-element elementor-element-faecb9c e-flex e-con-boxed e-con e-parent\" data-id=\"faecb9c\" data-element_type=\"container\" data-e-type=\"container\" data-settings=\"{&quot;background_background&quot;:&quot;classic&quot;}\">\n\t\t\t\t\t<div class=\"e-con-inner\">\n\t\t\t\t<div class=\"elementor-element elementor-element-d4592e0 animated-slow elementor-invisible elementor-widget elementor-widget-heading\" data-id=\"d4592e0\" data-element_type=\"widget\" data-e-type=\"widget\" data-settings=\"{&quot;_animation&quot;:&quot;fadeIn&quot;,&quot;_animation_delay&quot;:100}\" data-widget_type=\"heading.default\">\n\t\t\t\t<div class=\"elementor-widget-container\">\n\t\t\t\t\t<h1 class=\"elementor-heading-title elementor-size-default\">Stellae<\/h1>\t\t\t\t<\/div>\n\t\t\t\t<\/div>\n\t\t\t\t\t<\/div>\n\t\t\t\t<\/div>\n\t\t<div class=\"elementor-element elementor-element-eca6f68 e-flex e-con-boxed e-con e-parent\" data-id=\"eca6f68\" data-element_type=\"container\" data-e-type=\"container\">\n\t\t\t\t\t<div class=\"e-con-inner\">\n\t\t<div class=\"elementor-element elementor-element-8dbba83 e-con-full e-flex e-con e-child\" data-id=\"8dbba83\" data-element_type=\"container\" data-e-type=\"container\">\n\t\t\t\t<div class=\"elementor-element elementor-element-3dd8584 elementor-icon-list--layout-traditional elementor-list-item-link-full_width elementor-widget elementor-widget-icon-list\" data-id=\"3dd8584\" data-element_type=\"widget\" data-e-type=\"widget\" data-widget_type=\"icon-list.default\">\n\t\t\t\t<div class=\"elementor-widget-container\">\n\t\t\t\t\t\t\t<ul class=\"elementor-icon-list-items\">\n\t\t\t\t\t\t\t<li class=\"elementor-icon-list-item\">\n\t\t\t\t\t\t\t\t\t\t<span class=\"elementor-icon-list-text\"><strong>Edici\u00f3n:<\/strong> 2025<\/span>\n\t\t\t\t\t\t\t\t\t<\/li>\n\t\t\t\t\t\t\t\t<li class=\"elementor-icon-list-item\">\n\t\t\t\t\t\t\t\t\t\t<span class=\"elementor-icon-list-text\"><strong>Unidades seriadas:<\/strong> 9<\/span>\n\t\t\t\t\t\t\t\t\t<\/li>\n\t\t\t\t\t\t\t\t<li class=\"elementor-icon-list-item\">\n\t\t\t\t\t\t\t\t\t\t<span class=\"elementor-icon-list-text\"><strong>T\u00e9cnica:<\/strong>Malla met\u00e1lica<\/span>\n\t\t\t\t\t\t\t\t\t<\/li>\n\t\t\t\t\t\t\t\t<li class=\"elementor-icon-list-item\">\n\t\t\t\t\t\t\t\t\t\t<span class=\"elementor-icon-list-text\"><strong>Tipolog\u00eda:<\/strong> Colgante<\/span>\n\t\t\t\t\t\t\t\t\t<\/li>\n\t\t\t\t\t\t<\/ul>\n\t\t\t\t\t\t<\/div>\n\t\t\t\t<\/div>\n\t\t\t\t<\/div>\n\t\t<div class=\"elementor-element elementor-element-96e1c81 e-con-full e-flex e-con e-child\" data-id=\"96e1c81\" data-element_type=\"container\" data-e-type=\"container\">\n\t\t\t\t<div class=\"elementor-element elementor-element-784f822 elementor-icon-list--layout-traditional elementor-list-item-link-full_width elementor-widget elementor-widget-icon-list\" data-id=\"784f822\" data-element_type=\"widget\" data-e-type=\"widget\" data-widget_type=\"icon-list.default\">\n\t\t\t\t<div class=\"elementor-widget-container\">\n\t\t\t\t\t\t\t<ul class=\"elementor-icon-list-items\">\n\t\t\t\t\t\t\t<li class=\"elementor-icon-list-item\">\n\t\t\t\t\t\t\t\t\t\t<span class=\"elementor-icon-list-text\"><strong>Dimensiones de la escultura:<\/strong> Variables<\/span>\n\t\t\t\t\t\t\t\t\t<\/li>\n\t\t\t\t\t\t<\/ul>\n\t\t\t\t\t\t<\/div>\n\t\t\t\t<\/div>\n\t\t\t\t<\/div>\n\t\t\t\t\t<\/div>\n\t\t\t\t<\/div>\n\t\t<div class=\"elementor-element elementor-element-a2a051a e-flex e-con-boxed e-con e-parent\" data-id=\"a2a051a\" data-element_type=\"container\" data-e-type=\"container\">\n\t\t\t\t\t<div class=\"e-con-inner\">\n\t\t\t\t<div class=\"elementor-element elementor-element-5f7f51b elementor-widget elementor-widget-spacer\" data-id=\"5f7f51b\" data-element_type=\"widget\" data-e-type=\"widget\" data-widget_type=\"spacer.default\">\n\t\t\t\t<div class=\"elementor-widget-container\">\n\t\t\t\t\t\t\t<div class=\"elementor-spacer\">\n\t\t\t<div class=\"elementor-spacer-inner\"><\/div>\n\t\t<\/div>\n\t\t\t\t\t\t<\/div>\n\t\t\t\t<\/div>\n\t\t\t\t\t<\/div>\n\t\t\t\t<\/div>\n\t\t<div class=\"elementor-element elementor-element-a001970 e-flex e-con-boxed e-con e-parent\" data-id=\"a001970\" data-element_type=\"container\" data-e-type=\"container\">\n\t\t\t\t\t<div class=\"e-con-inner\">\n\t\t<div class=\"elementor-element elementor-element-ce55de9 e-con-full e-flex e-con e-child\" data-id=\"ce55de9\" data-element_type=\"container\" data-e-type=\"container\">\n\t\t\t\t<div class=\"elementor-element elementor-element-6971e7f elementor-widget elementor-widget-image\" data-id=\"6971e7f\" data-element_type=\"widget\" data-e-type=\"widget\" data-widget_type=\"image.default\">\n\t\t\t\t<div class=\"elementor-widget-container\">\n\t\t\t\t\t\t\t\t\t\t\t\t\t\t\t<img fetchpriority=\"high\" decoding=\"async\" width=\"768\" height=\"1024\" src=\"https:\/\/arturoalvarez.art\/wp-content\/uploads\/2025\/06\/P1010098-768x1024.jpg\" class=\"attachment-large size-large wp-image-6342\" alt=\"Stellae decorative sculpture by Arturo \u00c1lvarez \u2013 limited edition handmade in painted metallic mesh\" srcset=\"https:\/\/arturoalvarez.art\/wp-content\/uploads\/2025\/06\/P1010098-768x1024.jpg 768w, https:\/\/arturoalvarez.art\/wp-content\/uploads\/2025\/06\/P1010098-225x300.jpg 225w, https:\/\/arturoalvarez.art\/wp-content\/uploads\/2025\/06\/P1010098-1152x1536.jpg 1152w, https:\/\/arturoalvarez.art\/wp-content\/uploads\/2025\/06\/P1010098-1536x2048.jpg 1536w, https:\/\/arturoalvarez.art\/wp-content\/uploads\/2025\/06\/P1010098-scaled.jpg 1920w\" sizes=\"(max-width: 768px) 100vw, 768px\" \/>\t\t\t\t\t\t\t\t\t\t\t\t\t\t\t<\/div>\n\t\t\t\t<\/div>\n\t\t\t\t<\/div>\n\t\t\t\t<div class=\"elementor-element elementor-element-88e439f elementor-widget elementor-widget-spacer\" data-id=\"88e439f\" data-element_type=\"widget\" data-e-type=\"widget\" data-widget_type=\"spacer.default\">\n\t\t\t\t<div class=\"elementor-widget-container\">\n\t\t\t\t\t\t\t<div class=\"elementor-spacer\">\n\t\t\t<div class=\"elementor-spacer-inner\"><\/div>\n\t\t<\/div>\n\t\t\t\t\t\t<\/div>\n\t\t\t\t<\/div>\n\t\t<div class=\"elementor-element elementor-element-a9a6848 e-con-full e-flex e-con e-child\" data-id=\"a9a6848\" data-element_type=\"container\" data-e-type=\"container\">\n\t\t\t\t<div class=\"elementor-element elementor-element-63080a1 elementor-widget elementor-widget-image\" data-id=\"63080a1\" data-element_type=\"widget\" data-e-type=\"widget\" data-widget_type=\"image.default\">\n\t\t\t\t<div class=\"elementor-widget-container\">\n\t\t\t\t\t\t\t\t\t\t\t\t\t\t\t<img decoding=\"async\" width=\"800\" height=\"631\" src=\"https:\/\/arturoalvarez.art\/wp-content\/uploads\/2025\/06\/P1010051-1024x808.jpg\" class=\"attachment-large size-large wp-image-6333\" alt=\"Stellae decorative sculpture by Arturo \u00c1lvarez \u2013 limited edition handmade in painted metallic mesh\" srcset=\"https:\/\/arturoalvarez.art\/wp-content\/uploads\/2025\/06\/P1010051-1024x808.jpg 1024w, https:\/\/arturoalvarez.art\/wp-content\/uploads\/2025\/06\/P1010051-300x237.jpg 300w, https:\/\/arturoalvarez.art\/wp-content\/uploads\/2025\/06\/P1010051-768x606.jpg 768w, https:\/\/arturoalvarez.art\/wp-content\/uploads\/2025\/06\/P1010051-1536x1212.jpg 1536w, https:\/\/arturoalvarez.art\/wp-content\/uploads\/2025\/06\/P1010051-2048x1616.jpg 2048w\" sizes=\"(max-width: 800px) 100vw, 800px\" \/>\t\t\t\t\t\t\t\t\t\t\t\t\t\t\t<\/div>\n\t\t\t\t<\/div>\n\t\t\t\t<\/div>\n\t\t\t\t<div class=\"elementor-element elementor-element-9f21e3b elementor-widget elementor-widget-spacer\" data-id=\"9f21e3b\" data-element_type=\"widget\" data-e-type=\"widget\" data-widget_type=\"spacer.default\">\n\t\t\t\t<div class=\"elementor-widget-container\">\n\t\t\t\t\t\t\t<div class=\"elementor-spacer\">\n\t\t\t<div class=\"elementor-spacer-inner\"><\/div>\n\t\t<\/div>\n\t\t\t\t\t\t<\/div>\n\t\t\t\t<\/div>\n\t\t<div class=\"elementor-element elementor-element-22b2d10 e-con-full e-flex e-con e-child\" data-id=\"22b2d10\" data-element_type=\"container\" data-e-type=\"container\">\n\t\t\t\t<div class=\"elementor-element elementor-element-89ab80e elementor-widget elementor-widget-image\" data-id=\"89ab80e\" data-element_type=\"widget\" data-e-type=\"widget\" data-widget_type=\"image.default\">\n\t\t\t\t<div class=\"elementor-widget-container\">\n\t\t\t\t\t\t\t\t\t\t\t\t\t\t\t<img decoding=\"async\" width=\"768\" height=\"1024\" src=\"https:\/\/arturoalvarez.art\/wp-content\/uploads\/2025\/06\/P1010080-768x1024.jpg\" class=\"attachment-large size-large wp-image-6339\" alt=\"Detail of Stellae decorative sculpture by Arturo \u00c1lvarez \u2013 limited edition handmade in painted metallic mesh\" srcset=\"https:\/\/arturoalvarez.art\/wp-content\/uploads\/2025\/06\/P1010080-768x1024.jpg 768w, https:\/\/arturoalvarez.art\/wp-content\/uploads\/2025\/06\/P1010080-225x300.jpg 225w, https:\/\/arturoalvarez.art\/wp-content\/uploads\/2025\/06\/P1010080-1152x1536.jpg 1152w, https:\/\/arturoalvarez.art\/wp-content\/uploads\/2025\/06\/P1010080-1536x2048.jpg 1536w, https:\/\/arturoalvarez.art\/wp-content\/uploads\/2025\/06\/P1010080-scaled.jpg 1920w\" sizes=\"(max-width: 768px) 100vw, 768px\" \/>\t\t\t\t\t\t\t\t\t\t\t\t\t\t\t<\/div>\n\t\t\t\t<\/div>\n\t\t\t\t<\/div>\n\t\t\t\t\t<\/div>\n\t\t\t\t<\/div>\n\t\t<div class=\"elementor-element elementor-element-e9e8251 e-flex e-con-boxed e-con e-parent\" data-id=\"e9e8251\" data-element_type=\"container\" data-e-type=\"container\">\n\t\t\t\t\t<div class=\"e-con-inner\">\n\t\t\t\t<div class=\"elementor-element elementor-element-0685c86 elementor-widget elementor-widget-spacer\" data-id=\"0685c86\" data-element_type=\"widget\" data-e-type=\"widget\" data-widget_type=\"spacer.default\">\n\t\t\t\t<div class=\"elementor-widget-container\">\n\t\t\t\t\t\t\t<div class=\"elementor-spacer\">\n\t\t\t<div class=\"elementor-spacer-inner\"><\/div>\n\t\t<\/div>\n\t\t\t\t\t\t<\/div>\n\t\t\t\t<\/div>\n\t\t\t\t\t<\/div>\n\t\t\t\t<\/div>\n\t\t<div class=\"elementor-element elementor-element-9623dee e-flex e-con-boxed e-con e-parent\" data-id=\"9623dee\" data-element_type=\"container\" data-e-type=\"container\">\n\t\t\t\t\t<div class=\"e-con-inner\">\n\t\t<div class=\"elementor-element elementor-element-e9888ac e-con-full e-flex e-con e-child\" data-id=\"e9888ac\" data-element_type=\"container\" data-e-type=\"container\">\n\t\t\t\t<div class=\"elementor-element elementor-element-ba314ce elementor-widget elementor-widget-image\" data-id=\"ba314ce\" data-element_type=\"widget\" data-e-type=\"widget\" data-widget_type=\"image.default\">\n\t\t\t\t<div class=\"elementor-widget-container\">\n\t\t\t\t\t\t\t\t\t\t\t\t\t\t\t<img loading=\"lazy\" decoding=\"async\" width=\"768\" height=\"1024\" src=\"https:\/\/arturoalvarez.art\/wp-content\/uploads\/2025\/06\/P1010103-768x1024.jpg\" class=\"attachment-large size-large wp-image-6345\" alt=\"Stellae decorative sculpture by Arturo \u00c1lvarez \u2013 limited edition handmade in painted metallic mesh\" srcset=\"https:\/\/arturoalvarez.art\/wp-content\/uploads\/2025\/06\/P1010103-768x1024.jpg 768w, https:\/\/arturoalvarez.art\/wp-content\/uploads\/2025\/06\/P1010103-225x300.jpg 225w, https:\/\/arturoalvarez.art\/wp-content\/uploads\/2025\/06\/P1010103-1152x1536.jpg 1152w, https:\/\/arturoalvarez.art\/wp-content\/uploads\/2025\/06\/P1010103-1536x2048.jpg 1536w, https:\/\/arturoalvarez.art\/wp-content\/uploads\/2025\/06\/P1010103-scaled.jpg 1920w\" sizes=\"(max-width: 768px) 100vw, 768px\" \/>\t\t\t\t\t\t\t\t\t\t\t\t\t\t\t<\/div>\n\t\t\t\t<\/div>\n\t\t\t\t<\/div>\n\t\t<div class=\"elementor-element elementor-element-7737912 e-con-full e-flex e-con e-child\" data-id=\"7737912\" data-element_type=\"container\" data-e-type=\"container\">\n\t\t\t\t<div class=\"elementor-element elementor-element-2662b7b elementor-widget elementor-widget-spacer\" data-id=\"2662b7b\" data-element_type=\"widget\" data-e-type=\"widget\" data-widget_type=\"spacer.default\">\n\t\t\t\t<div class=\"elementor-widget-container\">\n\t\t\t\t\t\t\t<div class=\"elementor-spacer\">\n\t\t\t<div class=\"elementor-spacer-inner\"><\/div>\n\t\t<\/div>\n\t\t\t\t\t\t<\/div>\n\t\t\t\t<\/div>\n\t\t\t\t<\/div>\n\t\t<div class=\"elementor-element elementor-element-bf2e59e e-con-full e-flex e-con e-child\" data-id=\"bf2e59e\" data-element_type=\"container\" data-e-type=\"container\">\n\t\t\t\t<div class=\"elementor-element elementor-element-5223b1e elementor-widget elementor-widget-image\" data-id=\"5223b1e\" data-element_type=\"widget\" data-e-type=\"widget\" data-widget_type=\"image.default\">\n\t\t\t\t<div class=\"elementor-widget-container\">\n\t\t\t\t\t\t\t\t\t\t\t\t\t\t\t<img loading=\"lazy\" decoding=\"async\" width=\"800\" height=\"600\" src=\"https:\/\/arturoalvarez.art\/wp-content\/uploads\/2025\/06\/P1010069-1024x768.jpg\" class=\"attachment-large size-large wp-image-6336\" alt=\"Stellae decorative sculpture by Arturo \u00c1lvarez \u2013 limited edition handmade in painted metallic mesh\" srcset=\"https:\/\/arturoalvarez.art\/wp-content\/uploads\/2025\/06\/P1010069-1024x768.jpg 1024w, https:\/\/arturoalvarez.art\/wp-content\/uploads\/2025\/06\/P1010069-300x225.jpg 300w, https:\/\/arturoalvarez.art\/wp-content\/uploads\/2025\/06\/P1010069-768x576.jpg 768w, https:\/\/arturoalvarez.art\/wp-content\/uploads\/2025\/06\/P1010069-1536x1152.jpg 1536w, https:\/\/arturoalvarez.art\/wp-content\/uploads\/2025\/06\/P1010069-2048x1536.jpg 2048w\" sizes=\"(max-width: 800px) 100vw, 800px\" \/>\t\t\t\t\t\t\t\t\t\t\t\t\t\t\t<\/div>\n\t\t\t\t<\/div>\n\t\t\t\t<\/div>\n\t\t\t\t\t<\/div>\n\t\t\t\t<\/div>\n\t\t<div class=\"elementor-element elementor-element-c10fd8a e-flex e-con-boxed e-con e-parent\" data-id=\"c10fd8a\" data-element_type=\"container\" data-e-type=\"container\">\n\t\t\t\t\t<div class=\"e-con-inner\">\n\t\t\t\t<div class=\"elementor-element elementor-element-0fb3b42 elementor-widget elementor-widget-spacer\" data-id=\"0fb3b42\" data-element_type=\"widget\" data-e-type=\"widget\" data-widget_type=\"spacer.default\">\n\t\t\t\t<div class=\"elementor-widget-container\">\n\t\t\t\t\t\t\t<div class=\"elementor-spacer\">\n\t\t\t<div class=\"elementor-spacer-inner\"><\/div>\n\t\t<\/div>\n\t\t\t\t\t\t<\/div>\n\t\t\t\t<\/div>\n\t\t\t\t\t<\/div>\n\t\t\t\t<\/div>\n\t\t\t\t<\/div>\n\t\t","protected":false},"excerpt":{"rendered":"<p>Stellae Edici\u00f3n: 2025 Unidades seriadas: 9 T\u00e9cnica:Malla met\u00e1lica Tipolog\u00eda: Colgante Dimensiones de la escultura: Variables<\/p>\n","protected":false},"author":2,"featured_media":0,"parent":184,"menu_order":0,"comment_status":"closed","ping_status":"closed","template":"elementor_header_footer","meta":{"footnotes":""},"class_list":["post-6420","page","type-page","status-publish","hentry"],"_links":{"self":[{"href":"https:\/\/arturoalvarez.art\/es\/wp-json\/wp\/v2\/pages\/6420","targetHints":{"allow":["GET"]}}],"collection":[{"href":"https:\/\/arturoalvarez.art\/es\/wp-json\/wp\/v2\/pages"}],"about":[{"href":"https:\/\/arturoalvarez.art\/es\/wp-json\/wp\/v2\/types\/page"}],"author":[{"embeddable":true,"href":"https:\/\/arturoalvarez.art\/es\/wp-json\/wp\/v2\/users\/2"}],"replies":[{"embeddable":true,"href":"https:\/\/arturoalvarez.art\/es\/wp-json\/wp\/v2\/comments?post=6420"}],"version-history":[{"count":1,"href":"https:\/\/arturoalvarez.art\/es\/wp-json\/wp\/v2\/pages\/6420\/revisions"}],"predecessor-version":[{"id":6421,"href":"https:\/\/arturoalvarez.art\/es\/wp-json\/wp\/v2\/pages\/6420\/revisions\/6421"}],"up":[{"embeddable":true,"href":"https:\/\/arturoalvarez.art\/es\/wp-json\/wp\/v2\/pages\/184"}],"wp:attachment":[{"href":"https:\/\/arturoalvarez.art\/es\/wp-json\/wp\/v2\/media?parent=6420"}],"curies":[{"name":"wp","href":"https:\/\/api.w.org\/{rel}","templated":true}]}}