{"id":669,"date":"2024-04-18T19:41:21","date_gmt":"2024-04-18T17:41:21","guid":{"rendered":"https:\/\/arturoalvarez.art\/?page_id=669"},"modified":"2025-07-29T14:01:29","modified_gmt":"2025-07-29T12:01:29","slug":"retratos","status":"publish","type":"page","link":"https:\/\/arturoalvarez.art\/es\/trabajo\/piezas-unicas\/retratos\/","title":{"rendered":"Retratos"},"content":{"rendered":"\t\t<div data-elementor-type=\"wp-page\" data-elementor-id=\"669\" class=\"elementor elementor-669\" data-elementor-post-type=\"page\">\n\t\t\t\t<div class=\"elementor-element elementor-element-77e5c471 e-flex e-con-boxed e-con e-parent\" data-id=\"77e5c471\" data-element_type=\"container\" data-e-type=\"container\" data-settings=\"{&quot;background_background&quot;:&quot;classic&quot;}\">\n\t\t\t\t\t<div class=\"e-con-inner\">\n\t\t\t\t\t<\/div>\n\t\t\t\t<\/div>\n\t\t<div class=\"elementor-element elementor-element-aa2e9e2 e-flex e-con-boxed e-con e-parent\" data-id=\"aa2e9e2\" data-element_type=\"container\" data-e-type=\"container\">\n\t\t\t\t\t<div class=\"e-con-inner\">\n\t\t<div class=\"elementor-element elementor-element-f2c2ade e-con-full e-flex e-con e-child\" data-id=\"f2c2ade\" data-element_type=\"container\" data-e-type=\"container\">\n\t\t\t\t<div class=\"elementor-element elementor-element-86135bb elementor-icon-list--layout-traditional elementor-list-item-link-full_width elementor-widget elementor-widget-icon-list\" data-id=\"86135bb\" data-element_type=\"widget\" data-e-type=\"widget\" data-widget_type=\"icon-list.default\">\n\t\t\t\t<div class=\"elementor-widget-container\">\n\t\t\t\t\t\t\t<ul class=\"elementor-icon-list-items\">\n\t\t\t\t\t\t\t<li class=\"elementor-icon-list-item\">\n\t\t\t\t\t\t\t\t\t\t<span class=\"elementor-icon-list-text\"><strong>Edici\u00f3n:<\/strong> 2020<\/span>\n\t\t\t\t\t\t\t\t\t<\/li>\n\t\t\t\t\t\t\t\t<li class=\"elementor-icon-list-item\">\n\t\t\t\t\t\t\t\t\t\t<span class=\"elementor-icon-list-text\"><strong>T\u00e9cnica:<\/strong> Malla met\u00e1lica<\/span>\n\t\t\t\t\t\t\t\t\t<\/li>\n\t\t\t\t\t\t\t\t<li class=\"elementor-icon-list-item\">\n\t\t\t\t\t\t\t\t\t\t<span class=\"elementor-icon-list-text\"><strong>Tipolog\u00eda:<\/strong> Pared<\/span>\n\t\t\t\t\t\t\t\t\t<\/li>\n\t\t\t\t\t\t\t\t<li class=\"elementor-icon-list-item\">\n\t\t\t\t\t\t\t\t\t\t<span class=\"elementor-icon-list-text\"><strong>Haz:<\/strong> Variable<\/span>\n\t\t\t\t\t\t\t\t\t<\/li>\n\t\t\t\t\t\t<\/ul>\n\t\t\t\t\t\t<\/div>\n\t\t\t\t<\/div>\n\t\t\t\t<\/div>\n\t\t<div class=\"elementor-element elementor-element-8a9281f e-con-full e-flex e-con e-child\" data-id=\"8a9281f\" data-element_type=\"container\" data-e-type=\"container\">\n\t\t\t\t<div class=\"elementor-element elementor-element-bda5193 elementor-icon-list--layout-traditional elementor-list-item-link-full_width elementor-widget elementor-widget-icon-list\" data-id=\"bda5193\" data-element_type=\"widget\" data-e-type=\"widget\" data-widget_type=\"icon-list.default\">\n\t\t\t\t<div class=\"elementor-widget-container\">\n\t\t\t\t\t\t\t<ul class=\"elementor-icon-list-items\">\n\t\t\t\t\t\t\t<li class=\"elementor-icon-list-item\">\n\t\t\t\t\t\t\t\t\t\t<span class=\"elementor-icon-list-text\"><strong>Dimensiones de la escultura<\/strong><\/span>\n\t\t\t\t\t\t\t\t\t<\/li>\n\t\t\t\t\t\t<\/ul>\n\t\t\t\t\t\t<\/div>\n\t\t\t\t<\/div>\n\t\t\t\t<div class=\"elementor-element elementor-element-88e40d0 elementor-icon-list--layout-traditional elementor-list-item-link-full_width elementor-widget elementor-widget-icon-list\" data-id=\"88e40d0\" data-element_type=\"widget\" data-e-type=\"widget\" data-widget_type=\"icon-list.default\">\n\t\t\t\t<div class=\"elementor-widget-container\">\n\t\t\t\t\t\t\t<ul class=\"elementor-icon-list-items\">\n\t\t\t\t\t\t\t<li class=\"elementor-icon-list-item\">\n\t\t\t\t\t\t\t\t\t\t<span class=\"elementor-icon-list-text\">Personalizadas<\/span>\n\t\t\t\t\t\t\t\t\t<\/li>\n\t\t\t\t\t\t<\/ul>\n\t\t\t\t\t\t<\/div>\n\t\t\t\t<\/div>\n\t\t\t\t<div class=\"elementor-element elementor-element-340bc92 elementor-icon-list--layout-traditional elementor-list-item-link-full_width elementor-widget elementor-widget-icon-list\" data-id=\"340bc92\" data-element_type=\"widget\" data-e-type=\"widget\" data-widget_type=\"icon-list.default\">\n\t\t\t\t<div class=\"elementor-widget-container\">\n\t\t\t\t\t\t\t<ul class=\"elementor-icon-list-items\">\n\t\t\t\t\t\t\t<li class=\"elementor-icon-list-item\">\n\t\t\t\t\t\t\t\t\t\t<span class=\"elementor-icon-list-text\"><strong>Ficha el\u00e9ctrica<\/strong><\/span>\n\t\t\t\t\t\t\t\t\t<\/li>\n\t\t\t\t\t\t<\/ul>\n\t\t\t\t\t\t<\/div>\n\t\t\t\t<\/div>\n\t\t\t\t<div class=\"elementor-element elementor-element-4cb4200 elementor-icon-list--layout-traditional elementor-list-item-link-full_width elementor-widget elementor-widget-icon-list\" data-id=\"4cb4200\" data-element_type=\"widget\" data-e-type=\"widget\" data-widget_type=\"icon-list.default\">\n\t\t\t\t<div class=\"elementor-widget-container\">\n\t\t\t\t\t\t\t<ul class=\"elementor-icon-list-items\">\n\t\t\t\t\t\t\t<li class=\"elementor-icon-list-item\">\n\t\t\t\t\t\t\t\t\t\t<span class=\"elementor-icon-list-text\"><strong>LED:<\/strong> 1 led - 4 W<\/span>\n\t\t\t\t\t\t\t\t\t<\/li>\n\t\t\t\t\t\t\t\t<li class=\"elementor-icon-list-item\">\n\t\t\t\t\t\t\t\t\t\t<span class=\"elementor-icon-list-text\"><strong>Voltaje:<\/strong> 230-120 V \u2013 50\/60 Hz<\/span>\n\t\t\t\t\t\t\t\t\t<\/li>\n\t\t\t\t\t\t\t\t<li class=\"elementor-icon-list-item\">\n\t\t\t\t\t\t\t\t\t\t<span class=\"elementor-icon-list-text\"><strong>Temperatura de color:<\/strong> 3.000k<\/span>\n\t\t\t\t\t\t\t\t\t<\/li>\n\t\t\t\t\t\t\t\t<li class=\"elementor-icon-list-item\">\n\t\t\t\t\t\t\t\t\t\t<span class=\"elementor-icon-list-text\"><strong>Regulable:<\/strong> No<\/span>\n\t\t\t\t\t\t\t\t\t<\/li>\n\t\t\t\t\t\t<\/ul>\n\t\t\t\t\t\t<\/div>\n\t\t\t\t<\/div>\n\t\t\t\t<\/div>\n\t\t\t\t\t<\/div>\n\t\t\t\t<\/div>\n\t\t<div class=\"elementor-element elementor-element-7ccf724b e-flex e-con-boxed e-con e-parent\" data-id=\"7ccf724b\" data-element_type=\"container\" data-e-type=\"container\">\n\t\t\t\t\t<div class=\"e-con-inner\">\n\t\t<div class=\"elementor-element elementor-element-6a75a769 e-con-full e-flex e-con e-child\" data-id=\"6a75a769\" data-element_type=\"container\" data-e-type=\"container\">\n\t\t\t\t<div class=\"elementor-element elementor-element-2a69476c elementor-widget elementor-widget-image\" data-id=\"2a69476c\" data-element_type=\"widget\" data-e-type=\"widget\" data-widget_type=\"image.default\">\n\t\t\t\t<div class=\"elementor-widget-container\">\n\t\t\t\t\t\t\t\t\t\t\t\t\t\t\t<img fetchpriority=\"high\" decoding=\"async\" width=\"591\" height=\"504\" src=\"https:\/\/arturoalvarez.art\/wp-content\/uploads\/2024\/04\/Retratos-02-1.jpg\" class=\"attachment-full size-full wp-image-676\" alt=\"\" srcset=\"https:\/\/arturoalvarez.art\/wp-content\/uploads\/2024\/04\/Retratos-02-1.jpg 591w, https:\/\/arturoalvarez.art\/wp-content\/uploads\/2024\/04\/Retratos-02-1-300x256.jpg 300w\" sizes=\"(max-width: 591px) 100vw, 591px\" \/>\t\t\t\t\t\t\t\t\t\t\t\t\t\t\t<\/div>\n\t\t\t\t<\/div>\n\t\t\t\t<\/div>\n\t\t<div class=\"elementor-element elementor-element-380f2af3 e-con-full e-flex e-con e-child\" data-id=\"380f2af3\" data-element_type=\"container\" data-e-type=\"container\">\n\t\t\t\t<div class=\"elementor-element elementor-element-570eba78 elementor-widget elementor-widget-image\" data-id=\"570eba78\" data-element_type=\"widget\" data-e-type=\"widget\" data-widget_type=\"image.default\">\n\t\t\t\t<div class=\"elementor-widget-container\">\n\t\t\t\t\t\t\t\t\t\t\t\t\t\t\t<img decoding=\"async\" width=\"591\" height=\"504\" src=\"https:\/\/arturoalvarez.art\/wp-content\/uploads\/2024\/04\/Retratos-03-1.jpg\" class=\"attachment-full size-full wp-image-677\" alt=\"\" srcset=\"https:\/\/arturoalvarez.art\/wp-content\/uploads\/2024\/04\/Retratos-03-1.jpg 591w, https:\/\/arturoalvarez.art\/wp-content\/uploads\/2024\/04\/Retratos-03-1-300x256.jpg 300w\" sizes=\"(max-width: 591px) 100vw, 591px\" \/>\t\t\t\t\t\t\t\t\t\t\t\t\t\t\t<\/div>\n\t\t\t\t<\/div>\n\t\t\t\t<\/div>\n\t\t\t\t\t<\/div>\n\t\t\t\t<\/div>\n\t\t<div class=\"elementor-element elementor-element-18026405 e-flex e-con-boxed e-con e-parent\" data-id=\"18026405\" data-element_type=\"container\" data-e-type=\"container\">\n\t\t\t\t\t<div class=\"e-con-inner\">\n\t\t<div class=\"elementor-element elementor-element-d5cf7d7 e-con-full e-flex e-con e-child\" data-id=\"d5cf7d7\" data-element_type=\"container\" data-e-type=\"container\">\n\t\t\t\t<div class=\"elementor-element elementor-element-12daa292 elementor-widget elementor-widget-image\" data-id=\"12daa292\" data-element_type=\"widget\" data-e-type=\"widget\" data-widget_type=\"image.default\">\n\t\t\t\t<div class=\"elementor-widget-container\">\n\t\t\t\t\t\t\t\t\t\t\t\t\t\t\t<img decoding=\"async\" width=\"701\" height=\"707\" src=\"https:\/\/arturoalvarez.art\/wp-content\/uploads\/2024\/04\/Retratos-05-1.jpg\" class=\"attachment-full size-full wp-image-679\" alt=\"\" srcset=\"https:\/\/arturoalvarez.art\/wp-content\/uploads\/2024\/04\/Retratos-05-1.jpg 701w, https:\/\/arturoalvarez.art\/wp-content\/uploads\/2024\/04\/Retratos-05-1-297x300.jpg 297w, https:\/\/arturoalvarez.art\/wp-content\/uploads\/2024\/04\/Retratos-05-1-150x150.jpg 150w\" sizes=\"(max-width: 701px) 100vw, 701px\" \/>\t\t\t\t\t\t\t\t\t\t\t\t\t\t\t<\/div>\n\t\t\t\t<\/div>\n\t\t\t\t<\/div>\n\t\t<div class=\"elementor-element elementor-element-7469226a e-con-full e-flex e-con e-child\" data-id=\"7469226a\" data-element_type=\"container\" data-e-type=\"container\">\n\t\t<div class=\"elementor-element elementor-element-f18555b e-grid e-con-full e-con e-child\" data-id=\"f18555b\" data-element_type=\"container\" data-e-type=\"container\">\n\t\t\t\t<div class=\"elementor-element elementor-element-565d0bc elementor-widget elementor-widget-image\" data-id=\"565d0bc\" data-element_type=\"widget\" data-e-type=\"widget\" data-widget_type=\"image.default\">\n\t\t\t\t<div class=\"elementor-widget-container\">\n\t\t\t\t\t\t\t\t\t\t\t\t\t\t\t<img loading=\"lazy\" decoding=\"async\" width=\"800\" height=\"770\" src=\"https:\/\/arturoalvarez.art\/wp-content\/uploads\/2025\/07\/Man-Ray_ON-1-1-1024x986.jpg\" class=\"attachment-large size-large wp-image-6480\" alt=\"\" srcset=\"https:\/\/arturoalvarez.art\/wp-content\/uploads\/2025\/07\/Man-Ray_ON-1-1-1024x986.jpg 1024w, https:\/\/arturoalvarez.art\/wp-content\/uploads\/2025\/07\/Man-Ray_ON-1-1-300x289.jpg 300w, https:\/\/arturoalvarez.art\/wp-content\/uploads\/2025\/07\/Man-Ray_ON-1-1-768x740.jpg 768w, https:\/\/arturoalvarez.art\/wp-content\/uploads\/2025\/07\/Man-Ray_ON-1-1.jpg 1526w\" sizes=\"(max-width: 800px) 100vw, 800px\" \/>\t\t\t\t\t\t\t\t\t\t\t\t\t\t\t<\/div>\n\t\t\t\t<\/div>\n\t\t\t\t<div class=\"elementor-element elementor-element-0776002 elementor-widget elementor-widget-video\" data-id=\"0776002\" data-element_type=\"widget\" data-e-type=\"widget\" data-settings=\"{&quot;video_type&quot;:&quot;vimeo&quot;}\" data-widget_type=\"video.default\">\n\t\t\t\t<div class=\"elementor-widget-container\">\n\t\t\t\t\t\t\t<div class=\"elementor-wrapper elementor-open-inline\">\n\t\t\t<iframe class=\"elementor-video-iframe\" allowfullscreen allow=\"clipboard-write\" title=\"Reproductor de v\u00eddeo vimeo\" src=\"https:\/\/player.vimeo.com\/video\/506323581?color&amp;autopause=0&amp;loop=0&amp;muted=0&amp;title=1&amp;portrait=1&amp;byline=1#t=\"><\/iframe>\t\t<\/div>\n\t\t\t\t\t\t<\/div>\n\t\t\t\t<\/div>\n\t\t\t\t<\/div>\n\t\t\t\t<\/div>\n\t\t\t\t\t<\/div>\n\t\t\t\t<\/div>\n\t\t<div class=\"elementor-element elementor-element-71cd484c e-con-full e-flex e-con e-parent\" data-id=\"71cd484c\" data-element_type=\"container\" data-e-type=\"container\">\n\t\t\t\t<div class=\"elementor-element elementor-element-6a0ef81d elementor-widget elementor-widget-spacer\" data-id=\"6a0ef81d\" data-element_type=\"widget\" data-e-type=\"widget\" data-widget_type=\"spacer.default\">\n\t\t\t\t<div class=\"elementor-widget-container\">\n\t\t\t\t\t\t\t<div class=\"elementor-spacer\">\n\t\t\t<div class=\"elementor-spacer-inner\"><\/div>\n\t\t<\/div>\n\t\t\t\t\t\t<\/div>\n\t\t\t\t<\/div>\n\t\t\t\t<\/div>\n\t\t\t\t<\/div>\n\t\t","protected":false},"excerpt":{"rendered":"<p>Edici\u00f3n: 2020 T\u00e9cnica: Malla met\u00e1lica Tipolog\u00eda: Pared Haz: Variable Dimensiones de la escultura Personalizadas Ficha el\u00e9ctrica LED: 1 led &#8211; 4 W Voltaje: 230-120 V \u2013 50\/60 Hz Temperatura de color: 3.000k Regulable: No<\/p>\n","protected":false},"author":1,"featured_media":0,"parent":186,"menu_order":0,"comment_status":"closed","ping_status":"closed","template":"elementor_header_footer","meta":{"footnotes":""},"class_list":["post-669","page","type-page","status-publish","hentry"],"_links":{"self":[{"href":"https:\/\/arturoalvarez.art\/es\/wp-json\/wp\/v2\/pages\/669","targetHints":{"allow":["GET"]}}],"collection":[{"href":"https:\/\/arturoalvarez.art\/es\/wp-json\/wp\/v2\/pages"}],"about":[{"href":"https:\/\/arturoalvarez.art\/es\/wp-json\/wp\/v2\/types\/page"}],"author":[{"embeddable":true,"href":"https:\/\/arturoalvarez.art\/es\/wp-json\/wp\/v2\/users\/1"}],"replies":[{"embeddable":true,"href":"https:\/\/arturoalvarez.art\/es\/wp-json\/wp\/v2\/comments?post=669"}],"version-history":[{"count":37,"href":"https:\/\/arturoalvarez.art\/es\/wp-json\/wp\/v2\/pages\/669\/revisions"}],"predecessor-version":[{"id":6491,"href":"https:\/\/arturoalvarez.art\/es\/wp-json\/wp\/v2\/pages\/669\/revisions\/6491"}],"up":[{"embeddable":true,"href":"https:\/\/arturoalvarez.art\/es\/wp-json\/wp\/v2\/pages\/186"}],"wp:attachment":[{"href":"https:\/\/arturoalvarez.art\/es\/wp-json\/wp\/v2\/media?parent=669"}],"curies":[{"name":"wp","href":"https:\/\/api.w.org\/{rel}","templated":true}]}}