{"id":6724,"date":"2025-11-18T17:24:52","date_gmt":"2025-11-18T16:24:52","guid":{"rendered":"https:\/\/arturoalvarez.art\/trabajo\/piezas-unicas\/serie-oxido\/"},"modified":"2025-11-20T10:21:24","modified_gmt":"2025-11-20T09:21:24","slug":"serie-oxido-indice","status":"publish","type":"page","link":"https:\/\/arturoalvarez.art\/es\/trabajo\/piezas-unicas\/serie-oxido-indice\/","title":{"rendered":"Serie \u00d3xido"},"content":{"rendered":"\t\t<div data-elementor-type=\"wp-page\" data-elementor-id=\"6724\" class=\"elementor elementor-6724 elementor-6594\" data-elementor-post-type=\"page\">\n\t\t\t\t<div class=\"elementor-element elementor-element-20d3fd6 e-flex e-con-boxed e-con e-parent\" data-id=\"20d3fd6\" data-element_type=\"container\" data-e-type=\"container\">\n\t\t\t\t\t<div class=\"e-con-inner\">\n\t\t\t\t<div class=\"elementor-element elementor-element-9261a04 elementor-widget elementor-widget-heading\" data-id=\"9261a04\" data-element_type=\"widget\" data-e-type=\"widget\" data-widget_type=\"heading.default\">\n\t\t\t\t<div class=\"elementor-widget-container\">\n\t\t\t\t\t<h1 class=\"elementor-heading-title elementor-size-default\">Serie \u00d3xido<\/h1>\t\t\t\t<\/div>\n\t\t\t\t<\/div>\n\t\t\t\t<div class=\"elementor-element elementor-element-bd9e192 animated-slow elementor-widget-divider--view-line elementor-invisible elementor-widget elementor-widget-divider\" data-id=\"bd9e192\" data-element_type=\"widget\" data-e-type=\"widget\" data-settings=\"{&quot;_animation&quot;:&quot;fadeInRight&quot;,&quot;_animation_delay&quot;:200}\" data-widget_type=\"divider.default\">\n\t\t\t\t<div class=\"elementor-widget-container\">\n\t\t\t\t\t\t\t<div class=\"elementor-divider\">\n\t\t\t<span class=\"elementor-divider-separator\">\n\t\t\t\t\t\t<\/span>\n\t\t<\/div>\n\t\t\t\t\t\t<\/div>\n\t\t\t\t<\/div>\n\t\t\t\t\t<\/div>\n\t\t\t\t<\/div>\n\t\t<div class=\"elementor-element elementor-element-23f6f66 e-flex e-con-boxed e-con e-parent\" data-id=\"23f6f66\" data-element_type=\"container\" data-e-type=\"container\">\n\t\t\t\t\t<div class=\"e-con-inner\">\n\t\t<div class=\"elementor-element elementor-element-65bd853 e-con-full e-flex e-con e-child\" data-id=\"65bd853\" data-element_type=\"container\" data-e-type=\"container\">\n\t\t\t\t<div class=\"elementor-element elementor-element-eef83c5 awesome-link elementor-widget elementor-widget-heading\" data-id=\"eef83c5\" data-element_type=\"widget\" data-e-type=\"widget\" data-widget_type=\"heading.default\">\n\t\t\t\t<div class=\"elementor-widget-container\">\n\t\t\t\t\t<h2 class=\"elementor-heading-title elementor-size-default\"><a href=\"https:\/\/arturoalvarez.art\/es\/trabajo\/piezas-unicas\/serie-oxido-indice\/ego\/\">Ego<\/a><\/h2>\t\t\t\t<\/div>\n\t\t\t\t<\/div>\n\t\t\t\t<div class=\"elementor-element elementor-element-dddc193 elementor-icon-list--layout-traditional elementor-list-item-link-full_width elementor-widget elementor-widget-icon-list\" data-id=\"dddc193\" data-element_type=\"widget\" data-e-type=\"widget\" data-widget_type=\"icon-list.default\">\n\t\t\t\t<div class=\"elementor-widget-container\">\n\t\t\t\t\t\t\t<ul class=\"elementor-icon-list-items\">\n\t\t\t\t\t\t\t<li class=\"elementor-icon-list-item\">\n\t\t\t\t\t\t\t\t\t\t<span class=\"elementor-icon-list-text\">Reflexiona sobre las m\u00e1scaras que construimos los seres humanos para desenvolvernos en el mundo. Es una invitaci\u00f3n a explorar qu\u00e9 hay m\u00e1s all\u00e1 de esos personajes, en el contexto de un mundo complejo: observar la \u201coxidaci\u00f3n del ser humano\u201d para poder trascenderla.<\/span>\n\t\t\t\t\t\t\t\t\t<\/li>\n\t\t\t\t\t\t<\/ul>\n\t\t\t\t\t\t<\/div>\n\t\t\t\t<\/div>\n\t\t\t\t<\/div>\n\t\t<div class=\"elementor-element elementor-element-d3cd150 e-con-full e-flex e-con e-child\" data-id=\"d3cd150\" data-element_type=\"container\" data-e-type=\"container\">\n\t\t\t\t<div class=\"elementor-element elementor-element-115fb29 elementor-widget elementor-widget-image\" data-id=\"115fb29\" data-element_type=\"widget\" data-e-type=\"widget\" data-widget_type=\"image.default\">\n\t\t\t\t<div class=\"elementor-widget-container\">\n\t\t\t\t\t\t\t\t\t\t\t\t\t\t\t\t<a href=\"https:\/\/arturoalvarez.art\/es\/trabajo\/piezas-unicas\/serie-oxido-indice\/ego\/\">\n\t\t\t\t\t\t\t<img fetchpriority=\"high\" decoding=\"async\" width=\"768\" height=\"1024\" src=\"https:\/\/arturoalvarez.art\/wp-content\/uploads\/2025\/11\/Ego_para-detalle-768x1024.jpeg\" class=\"attachment-large size-large wp-image-6629\" alt=\"Escultura Ego de Arturo \u00c1lvarez\" srcset=\"https:\/\/arturoalvarez.art\/wp-content\/uploads\/2025\/11\/Ego_para-detalle-768x1024.jpeg 768w, https:\/\/arturoalvarez.art\/wp-content\/uploads\/2025\/11\/Ego_para-detalle-225x300.jpeg 225w, https:\/\/arturoalvarez.art\/wp-content\/uploads\/2025\/11\/Ego_para-detalle-1152x1536.jpeg 1152w, https:\/\/arturoalvarez.art\/wp-content\/uploads\/2025\/11\/Ego_para-detalle.jpeg 1200w\" sizes=\"(max-width: 768px) 100vw, 768px\" \/>\t\t\t\t\t\t\t\t<\/a>\n\t\t\t\t\t\t\t\t\t\t\t\t\t\t\t<\/div>\n\t\t\t\t<\/div>\n\t\t\t\t<\/div>\n\t\t\t\t\t<\/div>\n\t\t\t\t<\/div>\n\t\t<div class=\"elementor-element elementor-element-1b1d2a0 e-flex e-con-boxed e-con e-parent\" data-id=\"1b1d2a0\" data-element_type=\"container\" data-e-type=\"container\">\n\t\t\t\t\t<div class=\"e-con-inner\">\n\t\t\t\t<div class=\"elementor-element elementor-element-9d723f1 elementor-widget-divider--view-line elementor-widget elementor-widget-divider\" data-id=\"9d723f1\" data-element_type=\"widget\" data-e-type=\"widget\" data-widget_type=\"divider.default\">\n\t\t\t\t<div class=\"elementor-widget-container\">\n\t\t\t\t\t\t\t<div class=\"elementor-divider\">\n\t\t\t<span class=\"elementor-divider-separator\">\n\t\t\t\t\t\t<\/span>\n\t\t<\/div>\n\t\t\t\t\t\t<\/div>\n\t\t\t\t<\/div>\n\t\t\t\t\t<\/div>\n\t\t\t\t<\/div>\n\t\t<div class=\"elementor-element elementor-element-738344b e-flex e-con-boxed e-con e-parent\" data-id=\"738344b\" data-element_type=\"container\" data-e-type=\"container\">\n\t\t\t\t\t<div class=\"e-con-inner\">\n\t\t<div class=\"elementor-element elementor-element-94dd66b e-con-full e-flex e-con e-child\" data-id=\"94dd66b\" data-element_type=\"container\" data-e-type=\"container\">\n\t\t\t\t<div class=\"elementor-element elementor-element-bb45021 awesome-link elementor-widget elementor-widget-heading\" data-id=\"bb45021\" data-element_type=\"widget\" data-e-type=\"widget\" data-widget_type=\"heading.default\">\n\t\t\t\t<div class=\"elementor-widget-container\">\n\t\t\t\t\t<h2 class=\"elementor-heading-title elementor-size-default\"><a href=\"https:\/\/arturoalvarez.art\/es\/trabajo\/piezas-unicas\/serie-oxido-indice\/oxido\/\">\u00d3xido<\/a><\/h2>\t\t\t\t<\/div>\n\t\t\t\t<\/div>\n\t\t\t\t<div class=\"elementor-element elementor-element-7f216b2 elementor-icon-list--layout-traditional elementor-list-item-link-full_width elementor-widget elementor-widget-icon-list\" data-id=\"7f216b2\" data-element_type=\"widget\" data-e-type=\"widget\" data-widget_type=\"icon-list.default\">\n\t\t\t\t<div class=\"elementor-widget-container\">\n\t\t\t\t\t\t\t<ul class=\"elementor-icon-list-items\">\n\t\t\t\t\t\t\t<li class=\"elementor-icon-list-item\">\n\t\t\t\t\t\t\t\t\t\t<span class=\"elementor-icon-list-text\">En esta serie, se le da al material una nueva oportunidad al crear esculturas de belleza luminosa. Detener el desgaste y la descomposici\u00f3n actuales, y avanzar hacia una mayor armon\u00eda, es una responsabilidad humana.<\/span>\n\t\t\t\t\t\t\t\t\t<\/li>\n\t\t\t\t\t\t<\/ul>\n\t\t\t\t\t\t<\/div>\n\t\t\t\t<\/div>\n\t\t\t\t<\/div>\n\t\t<div class=\"elementor-element elementor-element-4f855cb e-con-full e-flex e-con e-child\" data-id=\"4f855cb\" data-element_type=\"container\" data-e-type=\"container\">\n\t\t\t\t<div class=\"elementor-element elementor-element-accee02 elementor-widget elementor-widget-image\" data-id=\"accee02\" data-element_type=\"widget\" data-e-type=\"widget\" data-widget_type=\"image.default\">\n\t\t\t\t<div class=\"elementor-widget-container\">\n\t\t\t\t\t\t\t\t\t\t\t\t\t\t\t\t<a href=\"https:\/\/arturoalvarez.art\/es\/trabajo\/piezas-unicas\/serie-oxido-indice\/oxido\/\">\n\t\t\t\t\t\t\t<img decoding=\"async\" width=\"2560\" height=\"1920\" src=\"https:\/\/arturoalvarez.art\/wp-content\/uploads\/2025\/11\/Oxido_1-ON-scaled.jpg\" class=\"attachment-full size-full wp-image-6523\" alt=\"\u00d3xido 1\" srcset=\"https:\/\/arturoalvarez.art\/wp-content\/uploads\/2025\/11\/Oxido_1-ON-scaled.jpg 2560w, https:\/\/arturoalvarez.art\/wp-content\/uploads\/2025\/11\/Oxido_1-ON-300x225.jpg 300w, https:\/\/arturoalvarez.art\/wp-content\/uploads\/2025\/11\/Oxido_1-ON-1024x768.jpg 1024w, https:\/\/arturoalvarez.art\/wp-content\/uploads\/2025\/11\/Oxido_1-ON-768x576.jpg 768w, https:\/\/arturoalvarez.art\/wp-content\/uploads\/2025\/11\/Oxido_1-ON-1536x1152.jpg 1536w, https:\/\/arturoalvarez.art\/wp-content\/uploads\/2025\/11\/Oxido_1-ON-2048x1536.jpg 2048w\" sizes=\"(max-width: 2560px) 100vw, 2560px\" \/>\t\t\t\t\t\t\t\t<\/a>\n\t\t\t\t\t\t\t\t\t\t\t\t\t\t\t<\/div>\n\t\t\t\t<\/div>\n\t\t\t\t<\/div>\n\t\t\t\t\t<\/div>\n\t\t\t\t<\/div>\n\t\t\t\t<\/div>\n\t\t","protected":false},"excerpt":{"rendered":"<p>Serie \u00d3xido Ego Reflexiona sobre las m\u00e1scaras que construimos los seres humanos para desenvolvernos en el mundo. Es una invitaci\u00f3n a explorar qu\u00e9 hay m\u00e1s all\u00e1 de esos personajes, en el contexto de un mundo complejo: observar la \u201coxidaci\u00f3n del ser humano\u201d para poder trascenderla. \u00d3xido En esta serie, se le da al material una [&hellip;]<\/p>\n","protected":false},"author":2,"featured_media":0,"parent":186,"menu_order":0,"comment_status":"closed","ping_status":"closed","template":"elementor_header_footer","meta":{"footnotes":""},"class_list":["post-6724","page","type-page","status-publish","hentry"],"_links":{"self":[{"href":"https:\/\/arturoalvarez.art\/es\/wp-json\/wp\/v2\/pages\/6724","targetHints":{"allow":["GET"]}}],"collection":[{"href":"https:\/\/arturoalvarez.art\/es\/wp-json\/wp\/v2\/pages"}],"about":[{"href":"https:\/\/arturoalvarez.art\/es\/wp-json\/wp\/v2\/types\/page"}],"author":[{"embeddable":true,"href":"https:\/\/arturoalvarez.art\/es\/wp-json\/wp\/v2\/users\/2"}],"replies":[{"embeddable":true,"href":"https:\/\/arturoalvarez.art\/es\/wp-json\/wp\/v2\/comments?post=6724"}],"version-history":[{"count":7,"href":"https:\/\/arturoalvarez.art\/es\/wp-json\/wp\/v2\/pages\/6724\/revisions"}],"predecessor-version":[{"id":6769,"href":"https:\/\/arturoalvarez.art\/es\/wp-json\/wp\/v2\/pages\/6724\/revisions\/6769"}],"up":[{"embeddable":true,"href":"https:\/\/arturoalvarez.art\/es\/wp-json\/wp\/v2\/pages\/186"}],"wp:attachment":[{"href":"https:\/\/arturoalvarez.art\/es\/wp-json\/wp\/v2\/media?parent=6724"}],"curies":[{"name":"wp","href":"https:\/\/api.w.org\/{rel}","templated":true}]}}