{"id":6777,"date":"2025-11-19T13:58:15","date_gmt":"2025-11-19T12:58:15","guid":{"rendered":"https:\/\/arturoalvarez.art\/trabajo\/ediciones-limitadas\/ondas\/"},"modified":"2026-01-22T16:05:21","modified_gmt":"2026-01-22T15:05:21","slug":"ondas","status":"publish","type":"page","link":"https:\/\/arturoalvarez.art\/es\/trabajo\/ediciones-limitadas\/serie-compact\/ondas\/","title":{"rendered":"Ondas"},"content":{"rendered":"\t\t<div data-elementor-type=\"wp-page\" data-elementor-id=\"6777\" class=\"elementor elementor-6777 elementor-6667\" data-elementor-post-type=\"page\">\n\t\t\t\t<div class=\"elementor-element elementor-element-0d8406b e-flex e-con-boxed e-con e-parent\" data-id=\"0d8406b\" data-element_type=\"container\" data-e-type=\"container\" data-settings=\"{&quot;background_background&quot;:&quot;classic&quot;}\">\n\t\t\t\t\t<div class=\"e-con-inner\">\n\t\t\t\t<div class=\"elementor-element elementor-element-49123f0 animated-slow elementor-invisible elementor-widget elementor-widget-heading\" data-id=\"49123f0\" data-element_type=\"widget\" data-e-type=\"widget\" data-settings=\"{&quot;_animation&quot;:&quot;fadeIn&quot;,&quot;_animation_delay&quot;:100}\" data-widget_type=\"heading.default\">\n\t\t\t\t<div class=\"elementor-widget-container\">\n\t\t\t\t\t<h1 class=\"elementor-heading-title elementor-size-default\">Ondas<\/h1>\t\t\t\t<\/div>\n\t\t\t\t<\/div>\n\t\t\t\t\t<\/div>\n\t\t\t\t<\/div>\n\t\t<div class=\"elementor-element elementor-element-424591f e-flex e-con-boxed e-con e-parent\" data-id=\"424591f\" data-element_type=\"container\" data-e-type=\"container\">\n\t\t\t\t\t<div class=\"e-con-inner\">\n\t\t<div class=\"elementor-element elementor-element-63a89bf e-con-full e-flex e-con e-child\" data-id=\"63a89bf\" data-element_type=\"container\" data-e-type=\"container\">\n\t\t\t\t<div class=\"elementor-element elementor-element-1d825e4 elementor-icon-list--layout-traditional elementor-list-item-link-full_width elementor-widget elementor-widget-icon-list\" data-id=\"1d825e4\" data-element_type=\"widget\" data-e-type=\"widget\" data-widget_type=\"icon-list.default\">\n\t\t\t\t<div class=\"elementor-widget-container\">\n\t\t\t\t\t\t\t<ul class=\"elementor-icon-list-items\">\n\t\t\t\t\t\t\t<li class=\"elementor-icon-list-item\">\n\t\t\t\t\t\t\t\t\t\t<span class=\"elementor-icon-list-text\"><strong>Edici\u00f3n:<\/strong> 2025<\/span>\n\t\t\t\t\t\t\t\t\t<\/li>\n\t\t\t\t\t\t\t\t<li class=\"elementor-icon-list-item\">\n\t\t\t\t\t\t\t\t\t\t<span class=\"elementor-icon-list-text\"><strong>Unidades seriadas:<\/strong> 9<\/span>\n\t\t\t\t\t\t\t\t\t<\/li>\n\t\t\t\t\t\t\t\t<li class=\"elementor-icon-list-item\">\n\t\t\t\t\t\t\t\t\t\t<span class=\"elementor-icon-list-text\"><strong>T\u00e9cnica:<\/strong>Malla met\u00e1lica<\/span>\n\t\t\t\t\t\t\t\t\t<\/li>\n\t\t\t\t\t\t\t\t<li class=\"elementor-icon-list-item\">\n\t\t\t\t\t\t\t\t\t\t<span class=\"elementor-icon-list-text\"><strong>Tipolog\u00eda:<\/strong> Colgante<\/span>\n\t\t\t\t\t\t\t\t\t<\/li>\n\t\t\t\t\t\t<\/ul>\n\t\t\t\t\t\t<\/div>\n\t\t\t\t<\/div>\n\t\t\t\t<\/div>\n\t\t<div class=\"elementor-element elementor-element-b45cdab e-con-full e-flex e-con e-child\" data-id=\"b45cdab\" data-element_type=\"container\" data-e-type=\"container\">\n\t\t\t\t<div class=\"elementor-element elementor-element-ba5f138 elementor-icon-list--layout-traditional elementor-list-item-link-full_width elementor-widget elementor-widget-icon-list\" data-id=\"ba5f138\" data-element_type=\"widget\" data-e-type=\"widget\" data-widget_type=\"icon-list.default\">\n\t\t\t\t<div class=\"elementor-widget-container\">\n\t\t\t\t\t\t\t<ul class=\"elementor-icon-list-items\">\n\t\t\t\t\t\t\t<li class=\"elementor-icon-list-item\">\n\t\t\t\t\t\t\t\t\t\t<span class=\"elementor-icon-list-text\"><strong>Largo:<\/strong> 140 cm<\/span>\n\t\t\t\t\t\t\t\t\t<\/li>\n\t\t\t\t\t\t\t\t<li class=\"elementor-icon-list-item\">\n\t\t\t\t\t\t\t\t\t\t<span class=\"elementor-icon-list-text\"><strong>Ancho:<\/strong> 60 cm<\/span>\n\t\t\t\t\t\t\t\t\t<\/li>\n\t\t\t\t\t\t\t\t<li class=\"elementor-icon-list-item\">\n\t\t\t\t\t\t\t\t\t\t<span class=\"elementor-icon-list-text\"><strong>Alto:<\/strong> 50 cm<\/span>\n\t\t\t\t\t\t\t\t\t<\/li>\n\t\t\t\t\t\t\t\t<li class=\"elementor-icon-list-item\">\n\t\t\t\t\t\t\t\t\t\t<span class=\"elementor-icon-list-text\"><strong>Peso:<\/strong> 2Kg<\/span>\n\t\t\t\t\t\t\t\t\t<\/li>\n\t\t\t\t\t\t<\/ul>\n\t\t\t\t\t\t<\/div>\n\t\t\t\t<\/div>\n\t\t\t\t<\/div>\n\t\t\t\t\t<\/div>\n\t\t\t\t<\/div>\n\t\t<div class=\"elementor-element elementor-element-b0e5c5d e-flex e-con-boxed e-con e-parent\" data-id=\"b0e5c5d\" data-element_type=\"container\" data-e-type=\"container\">\n\t\t\t\t\t<div class=\"e-con-inner\">\n\t\t\t\t<div class=\"elementor-element elementor-element-8c52093 elementor-widget elementor-widget-spacer\" data-id=\"8c52093\" data-element_type=\"widget\" data-e-type=\"widget\" data-widget_type=\"spacer.default\">\n\t\t\t\t<div class=\"elementor-widget-container\">\n\t\t\t\t\t\t\t<div class=\"elementor-spacer\">\n\t\t\t<div class=\"elementor-spacer-inner\"><\/div>\n\t\t<\/div>\n\t\t\t\t\t\t<\/div>\n\t\t\t\t<\/div>\n\t\t\t\t\t<\/div>\n\t\t\t\t<\/div>\n\t\t<div class=\"elementor-element elementor-element-ee7b9a1 e-flex e-con-boxed e-con e-parent\" data-id=\"ee7b9a1\" data-element_type=\"container\" data-e-type=\"container\">\n\t\t\t\t\t<div class=\"e-con-inner\">\n\t\t<div class=\"elementor-element elementor-element-1e34e57 e-con-full e-flex e-con e-child\" data-id=\"1e34e57\" data-element_type=\"container\" data-e-type=\"container\">\n\t\t\t\t<div class=\"elementor-element elementor-element-2640bb3 elementor-widget elementor-widget-image\" data-id=\"2640bb3\" data-element_type=\"widget\" data-e-type=\"widget\" data-widget_type=\"image.default\">\n\t\t\t\t<div class=\"elementor-widget-container\">\n\t\t\t\t\t\t\t\t\t\t\t\t\t\t\t<img fetchpriority=\"high\" decoding=\"async\" width=\"800\" height=\"600\" src=\"https:\/\/arturoalvarez.art\/wp-content\/uploads\/2025\/11\/P1010194-1-1024x768.jpg\" class=\"attachment-large size-large wp-image-6813\" alt=\"Escultura Ondas de Arturo \u00c1lvarez\" srcset=\"https:\/\/arturoalvarez.art\/wp-content\/uploads\/2025\/11\/P1010194-1-1024x768.jpg 1024w, https:\/\/arturoalvarez.art\/wp-content\/uploads\/2025\/11\/P1010194-1-300x225.jpg 300w, https:\/\/arturoalvarez.art\/wp-content\/uploads\/2025\/11\/P1010194-1-768x576.jpg 768w, https:\/\/arturoalvarez.art\/wp-content\/uploads\/2025\/11\/P1010194-1-1536x1152.jpg 1536w, https:\/\/arturoalvarez.art\/wp-content\/uploads\/2025\/11\/P1010194-1-2048x1536.jpg 2048w\" sizes=\"(max-width: 800px) 100vw, 800px\" \/>\t\t\t\t\t\t\t\t\t\t\t\t\t\t\t<\/div>\n\t\t\t\t<\/div>\n\t\t\t\t<\/div>\n\t\t<div class=\"elementor-element elementor-element-5d7f34e e-con-full e-flex e-con e-child\" data-id=\"5d7f34e\" data-element_type=\"container\" data-e-type=\"container\">\n\t\t\t\t<div class=\"elementor-element elementor-element-c2b1377 elementor-widget elementor-widget-image\" data-id=\"c2b1377\" data-element_type=\"widget\" data-e-type=\"widget\" data-widget_type=\"image.default\">\n\t\t\t\t<div class=\"elementor-widget-container\">\n\t\t\t\t\t\t\t\t\t\t\t\t\t\t\t<img decoding=\"async\" width=\"800\" height=\"600\" src=\"https:\/\/arturoalvarez.art\/wp-content\/uploads\/2025\/11\/P1010186-1024x768.jpg\" class=\"attachment-large size-large wp-image-6671\" alt=\"Escultura Ondas de Arturo \u00c1lvarez\" srcset=\"https:\/\/arturoalvarez.art\/wp-content\/uploads\/2025\/11\/P1010186-1024x768.jpg 1024w, https:\/\/arturoalvarez.art\/wp-content\/uploads\/2025\/11\/P1010186-300x225.jpg 300w, https:\/\/arturoalvarez.art\/wp-content\/uploads\/2025\/11\/P1010186-768x576.jpg 768w, https:\/\/arturoalvarez.art\/wp-content\/uploads\/2025\/11\/P1010186-1536x1152.jpg 1536w, https:\/\/arturoalvarez.art\/wp-content\/uploads\/2025\/11\/P1010186-2048x1536.jpg 2048w\" sizes=\"(max-width: 800px) 100vw, 800px\" \/>\t\t\t\t\t\t\t\t\t\t\t\t\t\t\t<\/div>\n\t\t\t\t<\/div>\n\t\t\t\t<\/div>\n\t\t\t\t\t<\/div>\n\t\t\t\t<\/div>\n\t\t<div class=\"elementor-element elementor-element-7de1295 e-flex e-con-boxed e-con e-parent\" data-id=\"7de1295\" data-element_type=\"container\" data-e-type=\"container\">\n\t\t\t\t\t<div class=\"e-con-inner\">\n\t\t\t\t<div class=\"elementor-element elementor-element-aff0b10 elementor-widget elementor-widget-video\" data-id=\"aff0b10\" data-element_type=\"widget\" data-e-type=\"widget\" data-settings=\"{&quot;video_type&quot;:&quot;vimeo&quot;,&quot;autoplay&quot;:&quot;yes&quot;,&quot;play_on_mobile&quot;:&quot;yes&quot;,&quot;mute&quot;:&quot;yes&quot;}\" data-widget_type=\"video.default\">\n\t\t\t\t<div class=\"elementor-widget-container\">\n\t\t\t\t\t\t\t<div class=\"elementor-wrapper elementor-open-inline\">\n\t\t\t<iframe class=\"elementor-video-iframe\" allowfullscreen allow=\"autoplay\" title=\"Reproductor de v\u00eddeo vimeo\" src=\"https:\/\/player.vimeo.com\/video\/1138478186?autoplay=1&amp;playsinline=1&amp;color&amp;autopause=0&amp;loop=0&amp;muted=1&amp;title=1&amp;portrait=1&amp;byline=1#t=\"><\/iframe>\t\t<\/div>\n\t\t\t\t\t\t<\/div>\n\t\t\t\t<\/div>\n\t\t\t\t\t<\/div>\n\t\t\t\t<\/div>\n\t\t\t\t<\/div>\n\t\t","protected":false},"excerpt":{"rendered":"<p>Edici\u00f3n: 2025 Unidades seriadas: 9 T\u00e9cnica:Malla met\u00e1lica Tipolog\u00eda: Colgante Largo: 140 cm Ancho: 60 cm Alto: 50 cm Peso: 2Kg<\/p>\n","protected":false},"author":2,"featured_media":0,"parent":7355,"menu_order":0,"comment_status":"closed","ping_status":"closed","template":"elementor_header_footer","meta":{"footnotes":""},"class_list":["post-6777","page","type-page","status-publish","hentry"],"_links":{"self":[{"href":"https:\/\/arturoalvarez.art\/es\/wp-json\/wp\/v2\/pages\/6777","targetHints":{"allow":["GET"]}}],"collection":[{"href":"https:\/\/arturoalvarez.art\/es\/wp-json\/wp\/v2\/pages"}],"about":[{"href":"https:\/\/arturoalvarez.art\/es\/wp-json\/wp\/v2\/types\/page"}],"author":[{"embeddable":true,"href":"https:\/\/arturoalvarez.art\/es\/wp-json\/wp\/v2\/users\/2"}],"replies":[{"embeddable":true,"href":"https:\/\/arturoalvarez.art\/es\/wp-json\/wp\/v2\/comments?post=6777"}],"version-history":[{"count":7,"href":"https:\/\/arturoalvarez.art\/es\/wp-json\/wp\/v2\/pages\/6777\/revisions"}],"predecessor-version":[{"id":6841,"href":"https:\/\/arturoalvarez.art\/es\/wp-json\/wp\/v2\/pages\/6777\/revisions\/6841"}],"up":[{"embeddable":true,"href":"https:\/\/arturoalvarez.art\/es\/wp-json\/wp\/v2\/pages\/7355"}],"wp:attachment":[{"href":"https:\/\/arturoalvarez.art\/es\/wp-json\/wp\/v2\/media?parent=6777"}],"curies":[{"name":"wp","href":"https:\/\/api.w.org\/{rel}","templated":true}]}}