{"id":7371,"date":"2026-01-14T13:13:13","date_gmt":"2026-01-14T12:13:13","guid":{"rendered":"https:\/\/arturoalvarez.art\/trabajo\/ediciones-limitadas\/serie-compact\/zephyr\/"},"modified":"2026-01-22T15:53:35","modified_gmt":"2026-01-22T14:53:35","slug":"zephyr","status":"publish","type":"page","link":"https:\/\/arturoalvarez.art\/es\/trabajo\/ediciones-limitadas\/serie-compact\/zephyr\/","title":{"rendered":"Zephyr"},"content":{"rendered":"\t\t<div data-elementor-type=\"wp-page\" data-elementor-id=\"7371\" class=\"elementor elementor-7371 elementor-6958\" data-elementor-post-type=\"page\">\n\t\t\t\t<div class=\"elementor-element elementor-element-0dc6c49 e-flex e-con-boxed e-con e-parent\" data-id=\"0dc6c49\" data-element_type=\"container\" data-e-type=\"container\" data-settings=\"{&quot;background_background&quot;:&quot;classic&quot;}\">\n\t\t\t\t\t<div class=\"e-con-inner\">\n\t\t\t\t<div class=\"elementor-element elementor-element-e0f5015 animated-slow elementor-invisible elementor-widget elementor-widget-heading\" data-id=\"e0f5015\" data-element_type=\"widget\" data-e-type=\"widget\" data-settings=\"{&quot;_animation&quot;:&quot;fadeIn&quot;,&quot;_animation_delay&quot;:100}\" data-widget_type=\"heading.default\">\n\t\t\t\t<div class=\"elementor-widget-container\">\n\t\t\t\t\t<h1 class=\"elementor-heading-title elementor-size-default\">Zephyr<\/h1>\t\t\t\t<\/div>\n\t\t\t\t<\/div>\n\t\t\t\t\t<\/div>\n\t\t\t\t<\/div>\n\t\t<div class=\"elementor-element elementor-element-30ebb67 e-flex e-con-boxed e-con e-parent\" data-id=\"30ebb67\" data-element_type=\"container\" data-e-type=\"container\">\n\t\t\t\t\t<div class=\"e-con-inner\">\n\t\t<div class=\"elementor-element elementor-element-625910a e-con-full e-flex e-con e-child\" data-id=\"625910a\" data-element_type=\"container\" data-e-type=\"container\">\n\t\t\t\t<div class=\"elementor-element elementor-element-f01447c elementor-icon-list--layout-traditional elementor-list-item-link-full_width elementor-widget elementor-widget-icon-list\" data-id=\"f01447c\" data-element_type=\"widget\" data-e-type=\"widget\" data-widget_type=\"icon-list.default\">\n\t\t\t\t<div class=\"elementor-widget-container\">\n\t\t\t\t\t\t\t<ul class=\"elementor-icon-list-items\">\n\t\t\t\t\t\t\t<li class=\"elementor-icon-list-item\">\n\t\t\t\t\t\t\t\t\t\t<span class=\"elementor-icon-list-text\"><strong>Edici\u00f3n:<\/strong> 2026<\/span>\n\t\t\t\t\t\t\t\t\t<\/li>\n\t\t\t\t\t\t\t\t<li class=\"elementor-icon-list-item\">\n\t\t\t\t\t\t\t\t\t\t<span class=\"elementor-icon-list-text\"><strong>Unidades seriadas:<\/strong> 9<\/span>\n\t\t\t\t\t\t\t\t\t<\/li>\n\t\t\t\t\t\t\t\t<li class=\"elementor-icon-list-item\">\n\t\t\t\t\t\t\t\t\t\t<span class=\"elementor-icon-list-text\">T\u00e9cnica: Malla met\u00e1lica<\/span>\n\t\t\t\t\t\t\t\t\t<\/li>\n\t\t\t\t\t\t\t\t<li class=\"elementor-icon-list-item\">\n\t\t\t\t\t\t\t\t\t\t<span class=\"elementor-icon-list-text\">Tipolog\u00eda: Colgante<\/span>\n\t\t\t\t\t\t\t\t\t<\/li>\n\t\t\t\t\t\t\t\t<li class=\"elementor-icon-list-item\">\n\t\t\t\t\t\t\t\t\t\t<span class=\"elementor-icon-list-text\"><strong>Colores disponibles:<\/strong> blanco, negro y dorado<\/span>\n\t\t\t\t\t\t\t\t\t<\/li>\n\t\t\t\t\t\t<\/ul>\n\t\t\t\t\t\t<\/div>\n\t\t\t\t<\/div>\n\t\t\t\t<\/div>\n\t\t<div class=\"elementor-element elementor-element-3a7e2ac e-con-full e-flex e-con e-child\" data-id=\"3a7e2ac\" data-element_type=\"container\" data-e-type=\"container\">\n\t\t\t\t<div class=\"elementor-element elementor-element-3544691 elementor-icon-list--layout-traditional elementor-list-item-link-full_width elementor-widget elementor-widget-icon-list\" data-id=\"3544691\" data-element_type=\"widget\" data-e-type=\"widget\" data-widget_type=\"icon-list.default\">\n\t\t\t\t<div class=\"elementor-widget-container\">\n\t\t\t\t\t\t\t<ul class=\"elementor-icon-list-items\">\n\t\t\t\t\t\t\t<li class=\"elementor-icon-list-item\">\n\t\t\t\t\t\t\t\t\t\t<span class=\"elementor-icon-list-text\"><strong>Dimensiones de la escultura<\/strong><\/span>\n\t\t\t\t\t\t\t\t\t<\/li>\n\t\t\t\t\t\t<\/ul>\n\t\t\t\t\t\t<\/div>\n\t\t\t\t<\/div>\n\t\t\t\t<div class=\"elementor-element elementor-element-76031ed elementor-icon-list--layout-traditional elementor-list-item-link-full_width elementor-widget elementor-widget-icon-list\" data-id=\"76031ed\" data-element_type=\"widget\" data-e-type=\"widget\" data-widget_type=\"icon-list.default\">\n\t\t\t\t<div class=\"elementor-widget-container\">\n\t\t\t\t\t\t\t<ul class=\"elementor-icon-list-items\">\n\t\t\t\t\t\t\t<li class=\"elementor-icon-list-item\">\n\t\t\t\t\t\t\t\t\t\t<span class=\"elementor-icon-list-text\"><strong>Largo:<\/strong> 140 cm \/ 55.12\"<\/span>\n\t\t\t\t\t\t\t\t\t<\/li>\n\t\t\t\t\t\t\t\t<li class=\"elementor-icon-list-item\">\n\t\t\t\t\t\t\t\t\t\t<span class=\"elementor-icon-list-text\"><strong>Ancho:<\/strong> 40 cm \/ 15.75\"<\/span>\n\t\t\t\t\t\t\t\t\t<\/li>\n\t\t\t\t\t\t\t\t<li class=\"elementor-icon-list-item\">\n\t\t\t\t\t\t\t\t\t\t<span class=\"elementor-icon-list-text\"><strong>Alto:<\/strong> 50 cm \/ 19.69\"<\/span>\n\t\t\t\t\t\t\t\t\t<\/li>\n\t\t\t\t\t\t<\/ul>\n\t\t\t\t\t\t<\/div>\n\t\t\t\t<\/div>\n\t\t\t\t<\/div>\n\t\t\t\t\t<\/div>\n\t\t\t\t<\/div>\n\t\t<div class=\"elementor-element elementor-element-6aeda15 e-flex e-con-boxed e-con e-parent\" data-id=\"6aeda15\" data-element_type=\"container\" data-e-type=\"container\">\n\t\t\t\t\t<div class=\"e-con-inner\">\n\t\t\t\t<div class=\"elementor-element elementor-element-f9c65f4 elementor-widget elementor-widget-spacer\" data-id=\"f9c65f4\" data-element_type=\"widget\" data-e-type=\"widget\" data-widget_type=\"spacer.default\">\n\t\t\t\t<div class=\"elementor-widget-container\">\n\t\t\t\t\t\t\t<div class=\"elementor-spacer\">\n\t\t\t<div class=\"elementor-spacer-inner\"><\/div>\n\t\t<\/div>\n\t\t\t\t\t\t<\/div>\n\t\t\t\t<\/div>\n\t\t\t\t\t<\/div>\n\t\t\t\t<\/div>\n\t\t<div class=\"elementor-element elementor-element-c85eb06 e-flex e-con-boxed e-con e-parent\" data-id=\"c85eb06\" data-element_type=\"container\" data-e-type=\"container\">\n\t\t\t\t\t<div class=\"e-con-inner\">\n\t\t<div class=\"elementor-element elementor-element-52d85fa e-con-full e-flex e-con e-child\" data-id=\"52d85fa\" data-element_type=\"container\" data-e-type=\"container\">\n\t\t\t\t<div class=\"elementor-element elementor-element-2928e20 elementor-widget elementor-widget-image\" data-id=\"2928e20\" data-element_type=\"widget\" data-e-type=\"widget\" data-widget_type=\"image.default\">\n\t\t\t\t<div class=\"elementor-widget-container\">\n\t\t\t\t\t\t\t\t\t\t\t\t\t\t\t<img fetchpriority=\"high\" decoding=\"async\" width=\"800\" height=\"600\" src=\"https:\/\/arturoalvarez.art\/wp-content\/uploads\/2026\/01\/Zephyr_5-1024x768.jpg\" class=\"attachment-large size-large wp-image-7089\" alt=\"\" srcset=\"https:\/\/arturoalvarez.art\/wp-content\/uploads\/2026\/01\/Zephyr_5-1024x768.jpg 1024w, https:\/\/arturoalvarez.art\/wp-content\/uploads\/2026\/01\/Zephyr_5-300x225.jpg 300w, https:\/\/arturoalvarez.art\/wp-content\/uploads\/2026\/01\/Zephyr_5-768x576.jpg 768w, https:\/\/arturoalvarez.art\/wp-content\/uploads\/2026\/01\/Zephyr_5-1536x1152.jpg 1536w, https:\/\/arturoalvarez.art\/wp-content\/uploads\/2026\/01\/Zephyr_5-2048x1536.jpg 2048w\" sizes=\"(max-width: 800px) 100vw, 800px\" \/>\t\t\t\t\t\t\t\t\t\t\t\t\t\t\t<\/div>\n\t\t\t\t<\/div>\n\t\t\t\t<\/div>\n\t\t<div class=\"elementor-element elementor-element-bb67d1b e-con-full e-flex e-con e-child\" data-id=\"bb67d1b\" data-element_type=\"container\" data-e-type=\"container\">\n\t\t\t\t<div class=\"elementor-element elementor-element-35c7abc elementor-widget elementor-widget-image\" data-id=\"35c7abc\" data-element_type=\"widget\" data-e-type=\"widget\" data-widget_type=\"image.default\">\n\t\t\t\t<div class=\"elementor-widget-container\">\n\t\t\t\t\t\t\t\t\t\t\t\t\t\t\t<img decoding=\"async\" width=\"768\" height=\"1024\" src=\"https:\/\/arturoalvarez.art\/wp-content\/uploads\/2026\/01\/Zephyr_3-1-768x1024.jpg\" class=\"attachment-large size-large wp-image-7082\" alt=\"\" srcset=\"https:\/\/arturoalvarez.art\/wp-content\/uploads\/2026\/01\/Zephyr_3-1-768x1024.jpg 768w, https:\/\/arturoalvarez.art\/wp-content\/uploads\/2026\/01\/Zephyr_3-1-225x300.jpg 225w, https:\/\/arturoalvarez.art\/wp-content\/uploads\/2026\/01\/Zephyr_3-1-1152x1536.jpg 1152w, https:\/\/arturoalvarez.art\/wp-content\/uploads\/2026\/01\/Zephyr_3-1-1536x2048.jpg 1536w, https:\/\/arturoalvarez.art\/wp-content\/uploads\/2026\/01\/Zephyr_3-1-scaled.jpg 1920w\" sizes=\"(max-width: 768px) 100vw, 768px\" \/>\t\t\t\t\t\t\t\t\t\t\t\t\t\t\t<\/div>\n\t\t\t\t<\/div>\n\t\t\t\t<\/div>\n\t\t<div class=\"elementor-element elementor-element-0b60adb e-con-full e-flex e-con e-child\" data-id=\"0b60adb\" data-element_type=\"container\" data-e-type=\"container\">\n\t\t\t\t<div class=\"elementor-element elementor-element-561edc4 elementor-widget elementor-widget-image\" data-id=\"561edc4\" data-element_type=\"widget\" data-e-type=\"widget\" data-widget_type=\"image.default\">\n\t\t\t\t<div class=\"elementor-widget-container\">\n\t\t\t\t\t\t\t\t\t\t\t\t\t\t\t<img decoding=\"async\" width=\"768\" height=\"1024\" src=\"https:\/\/arturoalvarez.art\/wp-content\/uploads\/2026\/01\/Zephyr_4-768x1024.jpg\" class=\"attachment-large size-large wp-image-7085\" alt=\"\" srcset=\"https:\/\/arturoalvarez.art\/wp-content\/uploads\/2026\/01\/Zephyr_4-768x1024.jpg 768w, https:\/\/arturoalvarez.art\/wp-content\/uploads\/2026\/01\/Zephyr_4-225x300.jpg 225w, https:\/\/arturoalvarez.art\/wp-content\/uploads\/2026\/01\/Zephyr_4-1152x1536.jpg 1152w, https:\/\/arturoalvarez.art\/wp-content\/uploads\/2026\/01\/Zephyr_4-1536x2048.jpg 1536w, https:\/\/arturoalvarez.art\/wp-content\/uploads\/2026\/01\/Zephyr_4-scaled.jpg 1920w\" sizes=\"(max-width: 768px) 100vw, 768px\" \/>\t\t\t\t\t\t\t\t\t\t\t\t\t\t\t<\/div>\n\t\t\t\t<\/div>\n\t\t\t\t<\/div>\n\t\t<div class=\"elementor-element elementor-element-2a9f003 e-con-full e-flex e-con e-child\" data-id=\"2a9f003\" data-element_type=\"container\" data-e-type=\"container\">\n\t\t\t\t<div class=\"elementor-element elementor-element-0849b7a elementor-widget elementor-widget-image\" data-id=\"0849b7a\" data-element_type=\"widget\" data-e-type=\"widget\" data-widget_type=\"image.default\">\n\t\t\t\t<div class=\"elementor-widget-container\">\n\t\t\t\t\t\t\t\t\t\t\t\t\t\t\t<img loading=\"lazy\" decoding=\"async\" width=\"800\" height=\"600\" src=\"https:\/\/arturoalvarez.art\/wp-content\/uploads\/2026\/01\/Zephyr_2-1024x768.jpg\" class=\"attachment-large size-large wp-image-7079\" alt=\"\" srcset=\"https:\/\/arturoalvarez.art\/wp-content\/uploads\/2026\/01\/Zephyr_2-1024x768.jpg 1024w, https:\/\/arturoalvarez.art\/wp-content\/uploads\/2026\/01\/Zephyr_2-300x225.jpg 300w, https:\/\/arturoalvarez.art\/wp-content\/uploads\/2026\/01\/Zephyr_2-768x576.jpg 768w, https:\/\/arturoalvarez.art\/wp-content\/uploads\/2026\/01\/Zephyr_2-1536x1152.jpg 1536w, https:\/\/arturoalvarez.art\/wp-content\/uploads\/2026\/01\/Zephyr_2-2048x1536.jpg 2048w\" sizes=\"(max-width: 800px) 100vw, 800px\" \/>\t\t\t\t\t\t\t\t\t\t\t\t\t\t\t<\/div>\n\t\t\t\t<\/div>\n\t\t\t\t<\/div>\n\t\t\t\t\t<\/div>\n\t\t\t\t<\/div>\n\t\t\t\t<\/div>\n\t\t","protected":false},"excerpt":{"rendered":"<p>Zephyr Edici\u00f3n: 2026 Unidades seriadas: 9 T\u00e9cnica: Malla met\u00e1lica Tipolog\u00eda: Colgante Colores disponibles: blanco, negro y dorado Dimensiones de la escultura Largo: 140 cm \/ 55.12&#8243; Ancho: 40 cm \/ 15.75&#8243; Alto: 50 cm \/ 19.69&#8243;<\/p>\n","protected":false},"author":2,"featured_media":0,"parent":7355,"menu_order":0,"comment_status":"closed","ping_status":"closed","template":"elementor_header_footer","meta":{"footnotes":""},"class_list":["post-7371","page","type-page","status-publish","hentry"],"_links":{"self":[{"href":"https:\/\/arturoalvarez.art\/es\/wp-json\/wp\/v2\/pages\/7371","targetHints":{"allow":["GET"]}}],"collection":[{"href":"https:\/\/arturoalvarez.art\/es\/wp-json\/wp\/v2\/pages"}],"about":[{"href":"https:\/\/arturoalvarez.art\/es\/wp-json\/wp\/v2\/types\/page"}],"author":[{"embeddable":true,"href":"https:\/\/arturoalvarez.art\/es\/wp-json\/wp\/v2\/users\/2"}],"replies":[{"embeddable":true,"href":"https:\/\/arturoalvarez.art\/es\/wp-json\/wp\/v2\/comments?post=7371"}],"version-history":[{"count":2,"href":"https:\/\/arturoalvarez.art\/es\/wp-json\/wp\/v2\/pages\/7371\/revisions"}],"predecessor-version":[{"id":7373,"href":"https:\/\/arturoalvarez.art\/es\/wp-json\/wp\/v2\/pages\/7371\/revisions\/7373"}],"up":[{"embeddable":true,"href":"https:\/\/arturoalvarez.art\/es\/wp-json\/wp\/v2\/pages\/7355"}],"wp:attachment":[{"href":"https:\/\/arturoalvarez.art\/es\/wp-json\/wp\/v2\/media?parent=7371"}],"curies":[{"name":"wp","href":"https:\/\/api.w.org\/{rel}","templated":true}]}}